{"id":147693,"date":"2021-01-15T10:55:49","date_gmt":"2021-01-15T10:55:49","guid":{"rendered":"https:\/\/codengine3.ch\/?product=import-placeholder-for-205248"},"modified":"2021-01-15T14:39:49","modified_gmt":"2021-01-15T14:39:49","slug":"uracher-alb","status":"publish","type":"product","link":"https:\/\/pizbube.ch\/en\/shop\/uracher-alb\/","title":{"rendered":"Uracher Alb"},"content":{"rendered":"<p>Schw\u00e4bische Alb &#8211; Uracher Alb  <\/p>\n<p>Nach wie vor geh\u00f6ren das Ermstal, der Glemser Felsenkranz und das Echaztal zu<br \/>\nden schnell erreichbaren und dementsprechend beliebtesten Zielen der Kletterer<br \/>\nzwischen Stuttgart und T\u00fcbingen. Zus\u00e4tzlich sind in diesem Band auch die<br \/>\nFelsen des Gro\u00dfen Lautertals enthalten &#8211; ein Geheimtipp f\u00fcr Kletterer, die<br \/>\nauch mal den landschaftlichen Aspekt in den Vordergrund stellen.<br \/>\nNicht nur dass der F\u00fchrer in der neuen Auflage komplett farbig daher kommt &#8211;<br \/>\nauch im Detail hat sich einiges getan. Besonders im Bereich der Reutlinger<br \/>\nAlb, den die beiden New-Locals Fritz Miller und Lukas Binder mit Akribie<br \/>\n\u00fcberarbeitet haben. \u00dcppige Bebilderung auf hohem Niveau und die edle<br \/>\ngraphische Aufmachung sind bei unseren Albf\u00fchrern Standard.  <\/p>","protected":false},"excerpt":{"rendered":"<p>Schw\u00e4bische Alb &#8211; Uracher Alb Nach wie vor geh\u00f6ren das Ermstal, der Glemser Felsenkranz und das Echaztal zu den schnell erreichbaren und dementsprechend beliebtesten Zielen der Kletterer zwischen Stuttgart und T\u00fcbingen. Zus\u00e4tzlich sind in diesem Band auch die Felsen des Gro\u00dfen Lautertals enthalten &#8211; ein Geheimtipp f\u00fcr Kletterer, die auch mal den landschaftlichen Aspekt in [&#8230;]\n","protected":false},"featured_media":33899,"template":"","meta":[],"product_brand":[],"product_cat":[21539],"product_tag":[],"class_list":{"0":"post-147693","1":"product","2":"type-product","3":"status-publish","4":"has-post-thumbnail","6":"product_cat-fuehrerliteratur-sportklettern-bouldern","7":"pa_autor-pasold-miler-binder","8":"pa_erscheinungsjahr-21591","9":"pa_region-deutschland","10":"pa_sprache-de","12":"first","13":"instock","14":"taxable","15":"shipping-taxable","16":"purchasable","17":"product-type-simple"},"_links":{"self":[{"href":"https:\/\/pizbube.ch\/en\/wp-json\/wp\/v2\/product\/147693","targetHints":{"allow":["GET"]}}],"collection":[{"href":"https:\/\/pizbube.ch\/en\/wp-json\/wp\/v2\/product"}],"about":[{"href":"https:\/\/pizbube.ch\/en\/wp-json\/wp\/v2\/types\/product"}],"wp:featuredmedia":[{"embeddable":true,"href":"https:\/\/pizbube.ch\/en\/wp-json\/wp\/v2\/media\/33899"}],"wp:attachment":[{"href":"https:\/\/pizbube.ch\/en\/wp-json\/wp\/v2\/media?parent=147693"}],"wp:term":[{"taxonomy":"product_brand","embeddable":true,"href":"https:\/\/pizbube.ch\/en\/wp-json\/wp\/v2\/product_brand?post=147693"},{"taxonomy":"product_cat","embeddable":true,"href":"https:\/\/pizbube.ch\/en\/wp-json\/wp\/v2\/product_cat?post=147693"},{"taxonomy":"product_tag","embeddable":true,"href":"https:\/\/pizbube.ch\/en\/wp-json\/wp\/v2\/product_tag?post=147693"}],"curies":[{"name":"wp","href":"https:\/\/api.w.org\/{rel}","templated":true}]}}