{"id":147694,"date":"2021-01-15T10:55:49","date_gmt":"2021-01-15T10:55:49","guid":{"rendered":"https:\/\/codengine3.ch\/?product=import-placeholder-for-201381"},"modified":"2021-01-15T12:01:05","modified_gmt":"2021-01-15T12:01:05","slug":"bock-rock","status":"publish","type":"product","link":"https:\/\/pizbube.ch\/en\/shop\/bock-rock\/","title":{"rendered":"BOCK ROCK"},"content":{"rendered":"<p>BOCK ROCK &#8211; der Kletter und Boulderf\u00fchrer der Region Schaffhausen &#8211; Nach \u00fcber<br \/>\neinem Jahr Recherche, Felsen putzen, Felsen sanieren, Skizzen zeichnen und<br \/>\nalten Infos zusammentragen&#8230;  <\/p>\n<p>Mit vielen neu aufgenommenen Felsen und allen Boulderspots.<br \/>\nSchweizersbild, L\u00e4ngenberg, Freudent\u00e4li Turm, Spitzentanz, Fata Morgana,<br \/>\nFelsent\u00e4li, Pinkyfels, Tarzanboulder, Kesslerloch und Hardfels.<\/p>\n<p>Wer nicht alle Felsen in der Region kennt hat echt noch was verpasst. Immer<br \/>\nausf\u00fchrlich beschrieben, mit detaillierten Zustiegsskizzen und vielen Fotos.  <\/p>","protected":false},"excerpt":{"rendered":"<p>BOCK ROCK &#8211; der Kletter und Boulderf\u00fchrer der Region Schaffhausen &#8211; Nach \u00fcber einem Jahr Recherche, Felsen putzen, Felsen sanieren, Skizzen zeichnen und alten Infos zusammentragen&#8230; Mit vielen neu aufgenommenen Felsen und allen Boulderspots. Schweizersbild, L\u00e4ngenberg, Freudent\u00e4li Turm, Spitzentanz, Fata Morgana, Felsent\u00e4li, Pinkyfels, Tarzanboulder, Kesslerloch und Hardfels. Wer nicht alle Felsen in der Region kennt [&#8230;]\n","protected":false},"featured_media":28715,"template":"","meta":[],"product_brand":[],"product_cat":[21539],"product_tag":[],"class_list":{"0":"post-147694","1":"product","2":"type-product","3":"status-publish","4":"has-post-thumbnail","6":"product_cat-fuehrerliteratur-sportklettern-bouldern","7":"pa_autor-faulenbach","8":"pa_erscheinungsjahr-21610","9":"pa_region-schweiz","10":"pa_sprache-de","12":"first","13":"outofstock","14":"taxable","15":"shipping-taxable","16":"purchasable","17":"product-type-simple"},"_links":{"self":[{"href":"https:\/\/pizbube.ch\/en\/wp-json\/wp\/v2\/product\/147694","targetHints":{"allow":["GET"]}}],"collection":[{"href":"https:\/\/pizbube.ch\/en\/wp-json\/wp\/v2\/product"}],"about":[{"href":"https:\/\/pizbube.ch\/en\/wp-json\/wp\/v2\/types\/product"}],"wp:featuredmedia":[{"embeddable":true,"href":"https:\/\/pizbube.ch\/en\/wp-json\/wp\/v2\/media\/28715"}],"wp:attachment":[{"href":"https:\/\/pizbube.ch\/en\/wp-json\/wp\/v2\/media?parent=147694"}],"wp:term":[{"taxonomy":"product_brand","embeddable":true,"href":"https:\/\/pizbube.ch\/en\/wp-json\/wp\/v2\/product_brand?post=147694"},{"taxonomy":"product_cat","embeddable":true,"href":"https:\/\/pizbube.ch\/en\/wp-json\/wp\/v2\/product_cat?post=147694"},{"taxonomy":"product_tag","embeddable":true,"href":"https:\/\/pizbube.ch\/en\/wp-json\/wp\/v2\/product_tag?post=147694"}],"curies":[{"name":"wp","href":"https:\/\/api.w.org\/{rel}","templated":true}]}}