{"id":147696,"date":"2021-01-15T10:55:49","date_gmt":"2021-01-15T10:55:49","guid":{"rendered":"https:\/\/codengine3.ch\/?product=import-placeholder-for-200599"},"modified":"2026-04-14T09:03:28","modified_gmt":"2026-04-14T07:03:28","slug":"kletterfuehrer-donautal-inkl-zollernalb","status":"publish","type":"product","link":"https:\/\/pizbube.ch\/en\/shop\/kletterfuehrer-donautal-inkl-zollernalb\/","title":{"rendered":"Kletterf\u00fchrer Donautal inkl. Zollernalb"},"content":{"rendered":"<p>\u00dcberarbeitete und aktualisierte Neuauflage 2020. Durch die komplett<br \/>\nvierfarbige Umsetzung wurde mit der 11. Auflage die T\u00fcr zu einer neuen<br \/>\nDimension der Qualit\u00e4t ge\u00f6ffnet. Die vorbildliche Darstellung der heimischen<br \/>\nFlora und Fauna hat uns zudem das G\u00fctesiegel des DAV beschert.<\/p>\n<p>Seitdem haben wir weiteres Feintuning betrieben, mit der 13. Auflage kamen die<br \/>\nbisher unver\u00f6ffentlichten Kreuzfelsen bei Kolbingen hinzu. Sie bieten<br \/>\ninsbesondere dem Genusskletterer ein reichhaltiges Bet\u00e4tigungsfeld. Und das<br \/>\nist ja insgesamt gar nicht so \u00fcbel, denn das Obere Donautal ist nach wie vor<br \/>\neines der besten Klettergebiete Deutschlands.<\/p>\n<p>Als solches pr\u00e4sentieren wir es euch jetzt in der aktuellen 14. Auflage: eine<br \/>\nF\u00fclle an Updates aus Georg Hermanns Archiv, komplett \u00fcberarbeitete<br \/>\nEinsteigerfelsen, und als Zugabe \u00dcbersichtsfotos der gro\u00dfen und komplexen<br \/>\nFelsgruppen auf denen sich auch die Zustiegswege studieren lassen. Alles in<br \/>\nallem perfekte Infos mit jeder Menge inspirierender Landschaft und<br \/>\nKletteraktion &#8211; einfach zum Lieb haben und endlich mal wieder hinfahren.<\/p>\n<p>14. \u00fcberarbeitete und aktualisierte Neuauflage 2020, 304 Seiten, 148 x 185<br \/>\nmm, Softcover, komplett 4 Farbig<\/p>\n<p>Dem F\u00fchrer liegt ein Downloadcode f\u00fcr eine kostenlose Anwendung f\u00fcr iOS und<br \/>\nAndroid bei. Ihr bekommt damit alle im Kletterf\u00fchrer enthaltenen Topos in Form<br \/>\neiner App f\u00fcr euer Smartphone 3 Jahre gratis dazu.<\/p>","protected":false},"excerpt":{"rendered":"<ul>\n<li><a href=\"https:\/\/pizbube.ch\/wp-content\/uploads\/attachments\/a_024\/82819BABB336CDA1E8969AC19C5C316F.pdf\" target=\"_blank\" rel=\"noopener\"><strong>PDF: Donautal-Leseprobe<\/strong><\/a><\/li>\n<\/ul>","protected":false},"featured_media":167856,"template":"","meta":[],"product_brand":[],"product_cat":[21539],"product_tag":[],"class_list":{"0":"post-147696","1":"product","2":"type-product","3":"status-publish","4":"has-post-thumbnail","6":"product_cat-fuehrerliteratur-sportklettern-bouldern","7":"pa_autor-nordmann-hermann","8":"pa_erscheinungsjahr-21558","9":"pa_region-deutschland","10":"pa_sprache-de","12":"first","13":"instock","14":"taxable","15":"shipping-taxable","16":"purchasable","17":"product-type-simple"},"_links":{"self":[{"href":"https:\/\/pizbube.ch\/en\/wp-json\/wp\/v2\/product\/147696","targetHints":{"allow":["GET"]}}],"collection":[{"href":"https:\/\/pizbube.ch\/en\/wp-json\/wp\/v2\/product"}],"about":[{"href":"https:\/\/pizbube.ch\/en\/wp-json\/wp\/v2\/types\/product"}],"wp:featuredmedia":[{"embeddable":true,"href":"https:\/\/pizbube.ch\/en\/wp-json\/wp\/v2\/media\/167856"}],"wp:attachment":[{"href":"https:\/\/pizbube.ch\/en\/wp-json\/wp\/v2\/media?parent=147696"}],"wp:term":[{"taxonomy":"product_brand","embeddable":true,"href":"https:\/\/pizbube.ch\/en\/wp-json\/wp\/v2\/product_brand?post=147696"},{"taxonomy":"product_cat","embeddable":true,"href":"https:\/\/pizbube.ch\/en\/wp-json\/wp\/v2\/product_cat?post=147696"},{"taxonomy":"product_tag","embeddable":true,"href":"https:\/\/pizbube.ch\/en\/wp-json\/wp\/v2\/product_tag?post=147696"}],"curies":[{"name":"wp","href":"https:\/\/api.w.org\/{rel}","templated":true}]}}