{"id":147699,"date":"2021-01-15T10:55:49","date_gmt":"2021-01-15T10:55:49","guid":{"rendered":"https:\/\/codengine3.ch\/?product=import-placeholder-for-208654"},"modified":"2021-01-15T17:56:25","modified_gmt":"2021-01-15T17:56:25","slug":"30-tageswanderungen-schwaebische-alb","status":"publish","type":"product","link":"https:\/\/pizbube.ch\/en\/shop\/30-tageswanderungen-schwaebische-alb\/","title":{"rendered":"30 Tageswanderungen Schw\u00e4bische Alb"},"content":{"rendered":"<p>Die Schw\u00e4bische Alb geh\u00f6rt zu den beliebtesten Wandergebieten in Deutschland.<br \/>\nSeit ein paar Jahren wird viel f\u00fcr die Wanderer in der Region getan. Das Buch<br \/>\nbeschreibt die sch\u00f6nsten Qualit\u00e4ts- und Premiumwanderwege auf der Schw\u00e4bischen<br \/>\nAlb zwischen Rottweil und Ulm. Darin enthalten sind ausgezeichnete Wanderwege<br \/>\nwie der Donauberglandweg, der 2013 bei der Wahl zu Deutschlands sch\u00f6nstem<br \/>\nWanderweg den 2. Platz erreichte. Auch der Felsenmeersteig war unter den Top<br \/>\n10 zu finden.<\/p>\n<p>Erkunden Sie die besten Wanderwege der Schw\u00e4bischen Alb, entdecken Sie dabei<br \/>\nromantische Schluchten, verfallene Ruinen, eindrucksvolle Schl\u00f6sser und<br \/>\nwundersch\u00f6ne Aussichtspunkte am Albtrauf. Das Buch dient dem Wanderer zur<br \/>\nVorbereitung und ist ein wichtiger Begleiter auf Tour. Nach einem allgemeinen<br \/>\nTeil \u00fcber die Schw\u00e4bische Alb erf\u00e4hrt der Leser alles Wissenswerte zu den<br \/>\neinzelnen Touren: Wegbeschreibungen, Sehensw\u00fcrdigkeiten, landschaftliche<br \/>\nBesonderheiten. Kartenskizzen im Ma\u00dfstab 1:50.000\/1:75.000. Gro\u00dfe,<br \/>\nausklappbare \u00dcbersichtskarte. GPS-Tracks zum Download!<br \/>\n1. Auflage 2014, 157 Seiten, 36 Karten, 65 farbige Abbildungen, 30 farbige<br \/>\nH\u00f6henprofile<\/p>","protected":false},"excerpt":{"rendered":"<p>Die Schw\u00e4bische Alb geh\u00f6rt zu den beliebtesten Wandergebieten in Deutschland. Seit ein paar Jahren wird viel f\u00fcr die Wanderer in der Region getan. Das Buch beschreibt die sch\u00f6nsten Qualit\u00e4ts- und Premiumwanderwege auf der Schw\u00e4bischen Alb zwischen Rottweil und Ulm. Darin enthalten sind ausgezeichnete Wanderwege wie der Donauberglandweg, der 2013 bei der Wahl zu Deutschlands sch\u00f6nstem [&#8230;]\n","protected":false},"featured_media":40850,"template":"","meta":[],"product_brand":[],"product_cat":[21605],"product_tag":[],"class_list":{"0":"post-147699","1":"product","2":"type-product","3":"status-publish","4":"has-post-thumbnail","6":"product_cat-wanderfuehrer-trekking","7":"pa_autor-meier","8":"pa_erscheinungsjahr-21550","9":"pa_region-deutschland","10":"pa_sprache-de","12":"first","13":"instock","14":"taxable","15":"shipping-taxable","16":"purchasable","17":"product-type-simple"},"_links":{"self":[{"href":"https:\/\/pizbube.ch\/en\/wp-json\/wp\/v2\/product\/147699","targetHints":{"allow":["GET"]}}],"collection":[{"href":"https:\/\/pizbube.ch\/en\/wp-json\/wp\/v2\/product"}],"about":[{"href":"https:\/\/pizbube.ch\/en\/wp-json\/wp\/v2\/types\/product"}],"wp:featuredmedia":[{"embeddable":true,"href":"https:\/\/pizbube.ch\/en\/wp-json\/wp\/v2\/media\/40850"}],"wp:attachment":[{"href":"https:\/\/pizbube.ch\/en\/wp-json\/wp\/v2\/media?parent=147699"}],"wp:term":[{"taxonomy":"product_brand","embeddable":true,"href":"https:\/\/pizbube.ch\/en\/wp-json\/wp\/v2\/product_brand?post=147699"},{"taxonomy":"product_cat","embeddable":true,"href":"https:\/\/pizbube.ch\/en\/wp-json\/wp\/v2\/product_cat?post=147699"},{"taxonomy":"product_tag","embeddable":true,"href":"https:\/\/pizbube.ch\/en\/wp-json\/wp\/v2\/product_tag?post=147699"}],"curies":[{"name":"wp","href":"https:\/\/api.w.org\/{rel}","templated":true}]}}