{"id":147700,"date":"2021-01-15T10:55:49","date_gmt":"2021-01-15T10:55:49","guid":{"rendered":"https:\/\/codengine3.ch\/?product=import-placeholder-for-205315"},"modified":"2024-11-14T09:35:30","modified_gmt":"2024-11-14T08:35:30","slug":"escalada-en-montanejos","status":"publish","type":"product","link":"https:\/\/pizbube.ch\/en\/shop\/escalada-en-montanejos\/","title":{"rendered":"Escalada en Montanejos"},"content":{"rendered":"<p>Photo- Topo- Guidebook of Montanejo, a rockclimbing paradise with more than<br \/>\n1400 routes!<\/p>\n<p>Montanejos, es uno de los destinos de escalada m\u00e1s cl\u00e1sicos de toda Europa y<br \/>\nuna de las escuelas deportivas con m\u00e1s solera de nuestro pa\u00eds. Esta completa<br \/>\ngu\u00eda de escaladas de f\u00e1cil manejo ofrece nada menos que 1.400 v\u00edas y 1.700<br \/>\nlargos de escalada repartidos por 180 sectores. Grados de dificultad<br \/>\nequiparados al resto de escuelas espa\u00f1olas.<\/p>\n<p>&#8211; Recorrido de las v\u00edas sobre fotograf\u00edas a color.<br \/>\n&#8211; Planos detallados y elaborados mapas de acceso a los sectores.<br \/>\n&#8211; Informaci\u00f3n pr\u00e1ctica utilizando iconos: calidad, altura, n\u00ba de eguros,<br \/>\ncontinuidad, bloque, seguros alejados, cantos picados, inclinaci\u00f3n, material<br \/>\nnecesario y tipo de equipamiento de todas sus v\u00edas.<br \/>\n&#8211; \u00cdndice detallado de v\u00edas y de sectores.<\/p>\n<p>Extensa informaci\u00f3n que convierte sin lugar a dudas a esta obra en una Biblia<br \/>\nde la escalada en la zona.<\/p>","protected":false},"excerpt":{"rendered":"<p>Photo- Topo- Guidebook of Montanejo, a rockclimbing paradise with more than 1400 routes! Montanejos, es uno de los destinos de escalada m\u00e1s cl\u00e1sicos de toda Europa y una de las escuelas deportivas con m\u00e1s solera de nuestro pa\u00eds. Esta completa gu\u00eda de escaladas de f\u00e1cil manejo ofrece nada menos que 1.400 v\u00edas y 1.700 largos [&#8230;]\n","protected":false},"featured_media":172236,"template":"","meta":[],"product_brand":[],"product_cat":[21539],"product_tag":[],"class_list":{"0":"post-147700","1":"product","2":"type-product","3":"status-publish","4":"has-post-thumbnail","6":"product_cat-fuehrerliteratur-sportklettern-bouldern","7":"pa_autor-lopez","8":"pa_erscheinungsjahr-21842","9":"pa_region-spanien","10":"pa_sprache-e-2","11":"pa_sprache-sp","13":"first","14":"instock","15":"taxable","16":"shipping-taxable","17":"purchasable","18":"product-type-simple"},"_links":{"self":[{"href":"https:\/\/pizbube.ch\/en\/wp-json\/wp\/v2\/product\/147700","targetHints":{"allow":["GET"]}}],"collection":[{"href":"https:\/\/pizbube.ch\/en\/wp-json\/wp\/v2\/product"}],"about":[{"href":"https:\/\/pizbube.ch\/en\/wp-json\/wp\/v2\/types\/product"}],"wp:featuredmedia":[{"embeddable":true,"href":"https:\/\/pizbube.ch\/en\/wp-json\/wp\/v2\/media\/172236"}],"wp:attachment":[{"href":"https:\/\/pizbube.ch\/en\/wp-json\/wp\/v2\/media?parent=147700"}],"wp:term":[{"taxonomy":"product_brand","embeddable":true,"href":"https:\/\/pizbube.ch\/en\/wp-json\/wp\/v2\/product_brand?post=147700"},{"taxonomy":"product_cat","embeddable":true,"href":"https:\/\/pizbube.ch\/en\/wp-json\/wp\/v2\/product_cat?post=147700"},{"taxonomy":"product_tag","embeddable":true,"href":"https:\/\/pizbube.ch\/en\/wp-json\/wp\/v2\/product_tag?post=147700"}],"curies":[{"name":"wp","href":"https:\/\/api.w.org\/{rel}","templated":true}]}}