{"id":147701,"date":"2021-01-15T10:55:49","date_gmt":"2021-01-15T10:55:49","guid":{"rendered":"https:\/\/codengine3.ch\/?product=import-placeholder-for-200260"},"modified":"2026-03-11T10:54:18","modified_gmt":"2026-03-11T09:54:18","slug":"berg-und-sinn-im-nachstieg-von-viktor-frankl","status":"publish","type":"product","link":"https:\/\/pizbube.ch\/en\/shop\/berg-und-sinn-im-nachstieg-von-viktor-frankl\/","title":{"rendered":"Berg und Sinn &#8211; Im Nachstieg von Viktor Frankl"},"content":{"rendered":"<p>Sich selbst finden in den Bergen: Klettern mit Viktor Frankl<\/p>\n<p>Klettern als Parabel f\u00fcr das Leben: Wir werden mit unseren \u00c4ngsten<br \/>\nkonfrontiert, \u00fcberwinden \u00e4u\u00dfere und innere Hindernisse, trainieren unseren<br \/>\nK\u00f6rper und unseren Willen und lernen, absolut zu vertrauen \u2013 unseren eigenen<br \/>\nF\u00e4higkeiten, aber auch unserem Seilpartner.<\/p>\n<p>Der weltber\u00fchmte Psychiater Viktor Frankl st\u00e4rkte \u00fcber das Klettern seine<br \/>\ninnere Ressource, die er \u00bbTrotzmacht des Geistes\u00ab nannte. Gegen seine eigene<br \/>\nH\u00f6henangst. Gegen die Nazis. F\u00fcr das \u00dcberleben in vier Konzentrationslagern.<\/p>\n<p>\u00bbBerg und Sinn \u2013 im Nachstieg von Viktor Frankl\u00ab zeigt die gro\u00dfe Liebe des<br \/>\nBegr\u00fcnders der Logotherapie und Existenzanalyse zu den Bergen und zum Klettern<br \/>\n\u2013 und ist gleichzeitig eine Hommage an einen Alpinisten, der dem Sinn des<br \/>\nKletterns eine Sprache gab.<\/p>\n<p>&#8211; Die Berge als Ort der Inspiration: Portrait eines Vordenkers und<br \/>\nBergfreundes<br \/>\n&#8211; Umgang mit Stress: Psychohygiene in der Kletterwand \u2013 wie eine Auszeit in<br \/>\nder Natur unsere Resilienz st\u00e4rkt<br \/>\n&#8211; Im Nachstieg Frankls: Schneeberg, Rax, Peilstein und Gro\u00dfe Zinne \u2013 alle<br \/>\nBergtouren zum Nachklettern<br \/>\n&#8211; \u00bb\u2026 trotzdem Ja zum Leben sagen\u00ab \u2013 wie Viktor Frankl dank mentaler St\u00e4rke<br \/>\ndas KZ \u00fcberlebte<\/p>\n<p>St\u00e4rker als die Angst: Wie wir \u00fcber uns selbst hinauswachsen<\/p>\n<p>Der Alpinismus verlangt viele mentale Kompetenzen, die auch im Leben n\u00fctzlich<br \/>\nsind: Risikobereitschaft, Mut, Konzentration, Zentrierung, Zielfokussierung,<br \/>\nDurchhalteverm\u00f6gen, Frustrationstoleranz. Beim Klettern lernen wir, dass wir<br \/>\nunsere innere Einstellung frei w\u00e4hlen k\u00f6nnen: \u00bbMan muss sich ja nicht alles<br \/>\nvon sich gefallen lassen. Man kann auch st\u00e4rker sein als die Angst\u00ab, schreibt<br \/>\nFrankl.<\/p>\n<p>Michael Holzer und Klaus Haselb\u00f6ck verbinden biografische Verweise mit<br \/>\nfundiertem Hintergrundwissen zum Bergsteigen. Elisabeth Lukas,<br \/>\nPsychotherapeutin und Sch\u00fclerin von Frankl, erg\u00e4nzt logotherapeutische<br \/>\nGrundlagen.<\/p>\n<p>184 Seiten \/ 145 mm x 210 mm<br \/>\n<span class=\"publication publication-top\">Nachdruck: 09.11.2021<\/span><\/p>","protected":false},"excerpt":{"rendered":"<p>Sich selbst finden in den Bergen: Klettern mit Viktor Frankl Klettern als Parabel f\u00fcr das Leben: Wir werden mit unseren \u00c4ngsten konfrontiert, \u00fcberwinden \u00e4u\u00dfere und innere Hindernisse, trainieren unseren K\u00f6rper und unseren Willen und lernen, absolut zu vertrauen \u2013 unseren eigenen F\u00e4higkeiten, aber auch unserem Seilpartner. Der weltber\u00fchmte Psychiater Viktor Frankl st\u00e4rkte \u00fcber das Klettern [&#8230;]\n","protected":false},"featured_media":183405,"template":"","meta":[],"product_brand":[],"product_cat":[21542],"product_tag":[],"class_list":{"0":"post-147701","1":"product","2":"type-product","3":"status-publish","4":"has-post-thumbnail","6":"product_cat-sachbuecher-dokumentationen","7":"pa_autor-holzer-haselboeck","8":"pa_erscheinungsjahr-25440","9":"pa_region-oesterreich","10":"pa_sprache-de","12":"first","13":"instock","14":"taxable","15":"shipping-taxable","16":"purchasable","17":"product-type-simple"},"_links":{"self":[{"href":"https:\/\/pizbube.ch\/en\/wp-json\/wp\/v2\/product\/147701","targetHints":{"allow":["GET"]}}],"collection":[{"href":"https:\/\/pizbube.ch\/en\/wp-json\/wp\/v2\/product"}],"about":[{"href":"https:\/\/pizbube.ch\/en\/wp-json\/wp\/v2\/types\/product"}],"wp:featuredmedia":[{"embeddable":true,"href":"https:\/\/pizbube.ch\/en\/wp-json\/wp\/v2\/media\/183405"}],"wp:attachment":[{"href":"https:\/\/pizbube.ch\/en\/wp-json\/wp\/v2\/media?parent=147701"}],"wp:term":[{"taxonomy":"product_brand","embeddable":true,"href":"https:\/\/pizbube.ch\/en\/wp-json\/wp\/v2\/product_brand?post=147701"},{"taxonomy":"product_cat","embeddable":true,"href":"https:\/\/pizbube.ch\/en\/wp-json\/wp\/v2\/product_cat?post=147701"},{"taxonomy":"product_tag","embeddable":true,"href":"https:\/\/pizbube.ch\/en\/wp-json\/wp\/v2\/product_tag?post=147701"}],"curies":[{"name":"wp","href":"https:\/\/api.w.org\/{rel}","templated":true}]}}