{"id":147703,"date":"2021-01-15T10:55:49","date_gmt":"2021-01-15T10:55:49","guid":{"rendered":"https:\/\/codengine3.ch\/?product=import-placeholder-for-208143"},"modified":"2024-06-18T09:27:51","modified_gmt":"2024-06-18T07:27:51","slug":"persoenlichkeit-und-subjektive-bedeutung-taetigkeitsbezogener-anreize-variablen-und-personorientierte-analysen-zum-phaenomen-felsklettern","status":"publish","type":"product","link":"https:\/\/pizbube.ch\/en\/shop\/persoenlichkeit-und-subjektive-bedeutung-taetigkeitsbezogener-anreize-variablen-und-personorientierte-analysen-zum-phaenomen-felsklettern\/","title":{"rendered":"Pers\u00f6nlichkeit und subjektive Bedeutung t\u00e4tigkeitsbezogener Anreize &#8211; Variablen- und personorientierte Analysen zum Ph\u00e4nomen Felsklettern"},"content":{"rendered":"<p>Der Freizeitsport hat sich in den letzten 30 Jahren stark gewandelt. Eine<br \/>\nbesonders auff\u00e4llige und viel diskutierte Erscheinung sind sogenannte<br \/>\n\u201eExtrem-\u201c, \u201eRisiko-\u201c oder \u201eAbenteuersportarten\u201c. Sie werfen die Frage auf, wie<br \/>\nriskantes sportliches Tun eigentlich psychologisch zu verstehen ist: Wie l\u00e4sst<br \/>\nsich dieses \u201eunnat\u00fcrliche\u201c Tun erkl\u00e4ren, sich immer wieder freiwillig Gefahren<br \/>\nauszusetzen, wo die Sicherheit eines der elementarsten menschlichen<br \/>\nBed\u00fcrfnisse ist?<\/p>\n<p>Am Beispiel einer paradigmatischen Risikosportart \u2013 dem Felsklettern \u2013 geht<br \/>\nder Autor dieser Frage nach, indem er sowohl einen pers\u00f6nlichkeits- als auch<br \/>\neinen motivationspsychologischen Erkl\u00e4rungsansatz heranzieht und diese<br \/>\nmiteinander kombiniert. Die Ergebnisse liefern klare Belege daf\u00fcr, dass eine<br \/>\nRisikosportart f\u00fcr verschiedene Pers\u00f6nlichkeiten attraktiv sein kann, wobei je<br \/>\nnach Pers\u00f6nlichkeit unterschiedliche T\u00e4tigkeitsanreize subjektiv bedeutsam<br \/>\nsind.<\/p>\n<p>Autoreninfo:<br \/>\nMartin Venetz (geb. 1966) studierte Psychologie und Philosophie an der<br \/>\nUniversit\u00e4t Z\u00fcrich, wo er im Jahr 2010 promoviert hat. Heute arbeitet er als<br \/>\nDozent im Bereich Forschung an der Hochschule f\u00fcr Heilp\u00e4dagogik in Z\u00fcrich.<br \/>\nNeben dem Felsklettern geh\u00f6ren auch das Wellenreiten und das Snowboarden zu<br \/>\nseinen bevorzugten Freizeitt\u00e4tigkeiten.<\/p>","protected":false},"excerpt":{"rendered":"<ul>\n<li><a href=\"https:\/\/pizbube.ch\/wp-content\/uploads\/attachments\/a_028\/C7A22A8AAD660DD22F5853AB5367A713.pdf\" target=\"_blank\" rel=\"noopener\">PDF: Inhaltsverzeichnis Pers\u00f6nlichkeit und&#8230;<\/a><\/li>\n<\/ul>","protected":false},"featured_media":39459,"template":"","meta":[],"product_brand":[],"product_cat":[21542],"product_tag":[],"class_list":{"0":"post-147703","1":"product","2":"type-product","3":"status-publish","4":"has-post-thumbnail","6":"product_cat-sachbuecher-dokumentationen","7":"pa_autor-venetz","8":"pa_erscheinungsjahr-21621","9":"pa_region-klettertechnik","10":"pa_sprache-de","12":"first","13":"outofstock","14":"taxable","15":"shipping-taxable","16":"purchasable","17":"product-type-simple"},"_links":{"self":[{"href":"https:\/\/pizbube.ch\/en\/wp-json\/wp\/v2\/product\/147703","targetHints":{"allow":["GET"]}}],"collection":[{"href":"https:\/\/pizbube.ch\/en\/wp-json\/wp\/v2\/product"}],"about":[{"href":"https:\/\/pizbube.ch\/en\/wp-json\/wp\/v2\/types\/product"}],"wp:featuredmedia":[{"embeddable":true,"href":"https:\/\/pizbube.ch\/en\/wp-json\/wp\/v2\/media\/39459"}],"wp:attachment":[{"href":"https:\/\/pizbube.ch\/en\/wp-json\/wp\/v2\/media?parent=147703"}],"wp:term":[{"taxonomy":"product_brand","embeddable":true,"href":"https:\/\/pizbube.ch\/en\/wp-json\/wp\/v2\/product_brand?post=147703"},{"taxonomy":"product_cat","embeddable":true,"href":"https:\/\/pizbube.ch\/en\/wp-json\/wp\/v2\/product_cat?post=147703"},{"taxonomy":"product_tag","embeddable":true,"href":"https:\/\/pizbube.ch\/en\/wp-json\/wp\/v2\/product_tag?post=147703"}],"curies":[{"name":"wp","href":"https:\/\/api.w.org\/{rel}","templated":true}]}}