{"id":147709,"date":"2021-01-15T10:55:49","date_gmt":"2021-01-15T10:55:49","guid":{"rendered":"https:\/\/codengine3.ch\/?product=import-placeholder-for-204588"},"modified":"2022-06-07T14:07:55","modified_gmt":"2022-06-07T12:07:55","slug":"jules-beck-der-erste-schweizer-hochgebirgsfotograf","status":"publish","type":"product","link":"https:\/\/pizbube.ch\/en\/shop\/jules-beck-der-erste-schweizer-hochgebirgsfotograf\/","title":{"rendered":"Jules Beck \u2013 Der erste Schweizer Hochgebirgsfotograf"},"content":{"rendered":"<p>Die Dufourspitze, das Matterhorn, Eiger, M\u00f6nch und Jungfrau:<br \/>\nJules Beck war der erste Fotograf, der in der Schweiz die Berge aus der N\u00e4he<br \/>\naufnahm. Dieses reich bebilderte Buch pr\u00e4sentiert sein einmaliges Lebenswerk.<\/p>\n<p>Spektakul\u00e4re Bergpanoramen und Ansichten von Gletschern, fr\u00fche Schutzh\u00fctten<br \/>\ndes Schweizer Alpen-Clubs SAC sowie einmalige Dokumente zu Fotoalpinismus und<br \/>\nLandschaftswandel: Jules Beck (1825\u20131904) geh\u00f6rt zu den Pionieren, die sich<br \/>\nmit Steigeisen und Kamera ins Hochgebirge wagten, um, wie er sagte, `die<br \/>\nglanzvolle und einzig sch\u00f6ne Firnenwelt ins Flachland hinunter zu zaubern`.<br \/>\n1867 fotografierte er als Erster auf dem h\u00f6chsten Berg der Schweiz, der<br \/>\nDufourspitze.<\/p>\n<p>Jules Beck vermachte sein in der Fotogeschichte einzigartiges Archiv dem<br \/>\nAlpinen Museum der Schweiz (ALPS), das diese Monografie \u00fcber sein Lebenswerk<br \/>\nherausgibt. Mit rund 300 Fotografien und ausf\u00fchrlichen Texten zu Jules Becks<br \/>\nLeben und Werk von Urs Kneub\u00fchl, Geograf und langj\u00e4hriger Direktor des ALPS,<br \/>\nund Markus Sch\u00fcrpf, Fotohistoriker. Und mit zahlreichen Originalzitaten dieses<br \/>\nWegbereiters der modernen alpinen Fotografie.<\/p>\n<p>Herausgegeben vom Alpinen Museum der Schweiz. Mit Beitr\u00e4gen von Urs Kneub\u00fchl<br \/>\nund Markus Sch\u00fcrpf<\/p>\n<p>Gebunden; 272 Seiten, 275 Duplex- und 18 farbige Abbildungen<\/p>","protected":false},"excerpt":{"rendered":"<p>Die Dufourspitze, das Matterhorn, Eiger, M\u00f6nch und Jungfrau: Jules Beck war der erste Fotograf, der in der Schweiz die Berge aus der N\u00e4he aufnahm. Dieses reich bebilderte Buch pr\u00e4sentiert sein einmaliges Lebenswerk. Spektakul\u00e4re Bergpanoramen und Ansichten von Gletschern, fr\u00fche Schutzh\u00fctten des Schweizer Alpen-Clubs SAC sowie einmalige Dokumente zu Fotoalpinismus und Landschaftswandel: Jules Beck (1825\u20131904) geh\u00f6rt [&#8230;]\n","protected":false},"featured_media":32735,"template":"","meta":[],"product_brand":[],"product_cat":[21542],"product_tag":[],"class_list":{"0":"post-147709","1":"product","2":"type-product","3":"status-publish","4":"has-post-thumbnail","6":"product_cat-sachbuecher-dokumentationen","7":"pa_autor-kneubuehl","8":"pa_erscheinungsjahr-21621","9":"pa_region-schweiz","10":"pa_sprache-de","12":"first","13":"outofstock","14":"taxable","15":"shipping-taxable","16":"purchasable","17":"product-type-simple"},"_links":{"self":[{"href":"https:\/\/pizbube.ch\/en\/wp-json\/wp\/v2\/product\/147709","targetHints":{"allow":["GET"]}}],"collection":[{"href":"https:\/\/pizbube.ch\/en\/wp-json\/wp\/v2\/product"}],"about":[{"href":"https:\/\/pizbube.ch\/en\/wp-json\/wp\/v2\/types\/product"}],"wp:featuredmedia":[{"embeddable":true,"href":"https:\/\/pizbube.ch\/en\/wp-json\/wp\/v2\/media\/32735"}],"wp:attachment":[{"href":"https:\/\/pizbube.ch\/en\/wp-json\/wp\/v2\/media?parent=147709"}],"wp:term":[{"taxonomy":"product_brand","embeddable":true,"href":"https:\/\/pizbube.ch\/en\/wp-json\/wp\/v2\/product_brand?post=147709"},{"taxonomy":"product_cat","embeddable":true,"href":"https:\/\/pizbube.ch\/en\/wp-json\/wp\/v2\/product_cat?post=147709"},{"taxonomy":"product_tag","embeddable":true,"href":"https:\/\/pizbube.ch\/en\/wp-json\/wp\/v2\/product_tag?post=147709"}],"curies":[{"name":"wp","href":"https:\/\/api.w.org\/{rel}","templated":true}]}}