{"id":147724,"date":"2021-01-15T10:55:50","date_gmt":"2021-01-15T10:55:50","guid":{"rendered":"https:\/\/codengine3.ch\/?product=import-placeholder-for-200263"},"modified":"2025-08-14T10:53:13","modified_gmt":"2025-08-14T08:53:13","slug":"wanderungen-durch-die-schoensten-schluchten-in-der-schweiz","status":"publish","type":"product","link":"https:\/\/pizbube.ch\/en\/shop\/wanderungen-durch-die-schoensten-schluchten-in-der-schweiz\/","title":{"rendered":"Wanderungen durch die sch\u00f6nsten Schluchten in der Schweiz"},"content":{"rendered":"<p>Die sch\u00f6nsten Wanderungen durch Schluchten und Tobel der Schweiz.<br \/>\nHintergrundinformationen zu Geografie und Geschichte.<br \/>\nF\u00fcr Wanderer, Naturliebhaber und Familien.<\/p>\n<p>Die Landschaft der Schweiz wird nicht nur durch Berge und H\u00fcgel, sondern<br \/>\nebenso stark auch durch T\u00e4ler, Schluchten und Tobel gepr\u00e4gt. Sie zeugen davon,<br \/>\nwelche Kraft Wasser in all seinen Formen aus\u00fcben kann. Wechselnde<br \/>\nWetterbedingungen und Naturereignisse wie Murg\u00e4nge, Lawinen oder Hochwasser<br \/>\nmodellieren die Landschaft st\u00e4ndig neu.<\/p>\n<p>Schluchten und Tobel zeugen aber auch von menschlichen Eingriffen: Der Mensch<br \/>\nbaut Br\u00fccken, Stege, Wege, nutzt die Wasserkraft oder erschliesst die T\u00e4ler<br \/>\ntouristisch. Dieses Buch enth\u00e4lt 50 Wanderungen durch die sch\u00f6nsten Schluchten<br \/>\nund Tobel der Schweiz und angrenzender Gebiete, gr\u00fcndlich recherchiert und mit<br \/>\ndetaillierten Hintergrundinformationen. F\u00fcr Wanderer, Naturfreunde und<br \/>\nFamilien.<\/p>\n<p>Einband: Gebunden<br \/>\nUmfang: 232 Seiten<br \/>\nFormat: 14.5 cm x 22 cm<\/p>","protected":false},"excerpt":{"rendered":"<p>Die sch\u00f6nsten Wanderungen durch Schluchten und Tobel der Schweiz. Hintergrundinformationen zu Geografie und Geschichte. F\u00fcr Wanderer, Naturliebhaber und Familien. Die Landschaft der Schweiz wird nicht nur durch Berge und H\u00fcgel, sondern ebenso stark auch durch T\u00e4ler, Schluchten und Tobel gepr\u00e4gt. Sie zeugen davon, welche Kraft Wasser in all seinen Formen aus\u00fcben kann. Wechselnde Wetterbedingungen und [&#8230;]\n","protected":false},"featured_media":157648,"template":"","meta":[],"product_brand":[],"product_cat":[21605],"product_tag":[],"class_list":{"0":"post-147724","1":"product","2":"type-product","3":"status-publish","4":"has-post-thumbnail","6":"product_cat-wanderfuehrer-trekking","7":"pa_autor-degen-kilp","8":"pa_erscheinungsjahr-21558","9":"pa_region-schweiz","10":"pa_sprache-de","12":"first","13":"outofstock","14":"taxable","15":"shipping-taxable","16":"purchasable","17":"product-type-simple"},"_links":{"self":[{"href":"https:\/\/pizbube.ch\/en\/wp-json\/wp\/v2\/product\/147724","targetHints":{"allow":["GET"]}}],"collection":[{"href":"https:\/\/pizbube.ch\/en\/wp-json\/wp\/v2\/product"}],"about":[{"href":"https:\/\/pizbube.ch\/en\/wp-json\/wp\/v2\/types\/product"}],"wp:featuredmedia":[{"embeddable":true,"href":"https:\/\/pizbube.ch\/en\/wp-json\/wp\/v2\/media\/157648"}],"wp:attachment":[{"href":"https:\/\/pizbube.ch\/en\/wp-json\/wp\/v2\/media?parent=147724"}],"wp:term":[{"taxonomy":"product_brand","embeddable":true,"href":"https:\/\/pizbube.ch\/en\/wp-json\/wp\/v2\/product_brand?post=147724"},{"taxonomy":"product_cat","embeddable":true,"href":"https:\/\/pizbube.ch\/en\/wp-json\/wp\/v2\/product_cat?post=147724"},{"taxonomy":"product_tag","embeddable":true,"href":"https:\/\/pizbube.ch\/en\/wp-json\/wp\/v2\/product_tag?post=147724"}],"curies":[{"name":"wp","href":"https:\/\/api.w.org\/{rel}","templated":true}]}}