{"id":147725,"date":"2021-01-15T10:55:50","date_gmt":"2021-01-15T10:55:50","guid":{"rendered":"https:\/\/codengine3.ch\/?product=import-placeholder-for-204699"},"modified":"2024-02-17T09:59:40","modified_gmt":"2024-02-17T08:59:40","slug":"wasserwunder-22-verwunschene-tobelwanderungen-im-kanton-zu%cc%88rich","status":"publish","type":"product","link":"https:\/\/pizbube.ch\/en\/shop\/wasserwunder-22-verwunschene-tobelwanderungen-im-kanton-zu%cc%88rich\/","title":{"rendered":"Wasserwunder &#8211; 22 verwunschene Tobelwanderungen im Kanton Z\u00fcrich"},"content":{"rendered":"<p>Wanderungen auf abenteuerlichen Pfaden: Wildb\u00e4che, H\u00f6hlen und Wasserf\u00e4lle<\/p>\n<p>Wussten Sie, dass der Rheinfall, der j\u00e4hrlich von \u00fcber einer Million Menschen<br \/>\nbesucht wird, in seiner H\u00f6he von 23 Metern von unbekannten Giessen im Kanton<br \/>\nZ\u00fcrich \u00fcbertrumpft wird? Kennen Sie den versteckten Canyon im Schreizen, die<br \/>\ngrossr\u00e4umige Felsh\u00f6hle am Brandenfels, die Strudelt\u00f6pfe der Affenschlucht, den<br \/>\nversteinerten Wasserfall des Langhaldenbachs oder die &#171;T\u00fcfels Chilen&#187;, das<br \/>\nm\u00e4chtigste Tuffsteingebilde der Schweiz?<\/p>\n<p>Der Kanton hat mehr zu bieten als nur die namensgebende Stadt mit ihrem See.<br \/>\nDie unber\u00fchrten Wasserparadiese liegen n\u00e4mlich etwas verborgen und warten mit<br \/>\nsagenhaften Geschichten darauf, entdeckt zu werden.<\/p>\n<p>Auf kinder- und seniorenfreundlichen Spazierg\u00e4ngen bis hin zu abenteuerlichen<br \/>\nPfaden bringt uns dieses Wanderbuch zu insgesamt 50 Tobel. Ob Fr\u00fchling,<br \/>\nerfrischende Sommerk\u00fchle, herbstlicher Farbenreigen oder Eiskunst im Winter,<br \/>\ndiese 22 Tobelwanderungen begeistern zu jeder Jahreszeit.<\/p>\n<p>Aus \u00fcber 200 untersuchten Tobellandschaften findet sich in diesem Pionier- und<br \/>\nStandardwerk ein exklusives Wasserfall-Inventar. Erstmals werden die<br \/>\nWasserwunder Z\u00fcrichs teils mit aufw\u00e4ndiger Fotografie in der Nacht gezeigt.<\/p>\n<p>2. Auflage 2017<\/p>","protected":false},"excerpt":{"rendered":"<p>Wanderungen auf abenteuerlichen Pfaden: Wildb\u00e4che, H\u00f6hlen und Wasserf\u00e4lle Wussten Sie, dass der Rheinfall, der j\u00e4hrlich von \u00fcber einer Million Menschen besucht wird, in seiner H\u00f6he von 23 Metern von unbekannten Giessen im Kanton Z\u00fcrich \u00fcbertrumpft wird? Kennen Sie den versteckten Canyon im Schreizen, die grossr\u00e4umige Felsh\u00f6hle am Brandenfels, die Strudelt\u00f6pfe der Affenschlucht, den versteinerten Wasserfall [&#8230;]\n","protected":false},"featured_media":33009,"template":"","meta":[],"product_brand":[],"product_cat":[21605],"product_tag":[],"class_list":{"0":"post-147725","1":"product","2":"type-product","3":"status-publish","4":"has-post-thumbnail","6":"product_cat-wanderfuehrer-trekking","7":"pa_autor-brunner","8":"pa_erscheinungsjahr-21574","9":"pa_region-schweiz","10":"pa_sprache-de","12":"first","13":"instock","14":"taxable","15":"shipping-taxable","16":"purchasable","17":"product-type-simple"},"_links":{"self":[{"href":"https:\/\/pizbube.ch\/en\/wp-json\/wp\/v2\/product\/147725","targetHints":{"allow":["GET"]}}],"collection":[{"href":"https:\/\/pizbube.ch\/en\/wp-json\/wp\/v2\/product"}],"about":[{"href":"https:\/\/pizbube.ch\/en\/wp-json\/wp\/v2\/types\/product"}],"wp:featuredmedia":[{"embeddable":true,"href":"https:\/\/pizbube.ch\/en\/wp-json\/wp\/v2\/media\/33009"}],"wp:attachment":[{"href":"https:\/\/pizbube.ch\/en\/wp-json\/wp\/v2\/media?parent=147725"}],"wp:term":[{"taxonomy":"product_brand","embeddable":true,"href":"https:\/\/pizbube.ch\/en\/wp-json\/wp\/v2\/product_brand?post=147725"},{"taxonomy":"product_cat","embeddable":true,"href":"https:\/\/pizbube.ch\/en\/wp-json\/wp\/v2\/product_cat?post=147725"},{"taxonomy":"product_tag","embeddable":true,"href":"https:\/\/pizbube.ch\/en\/wp-json\/wp\/v2\/product_tag?post=147725"}],"curies":[{"name":"wp","href":"https:\/\/api.w.org\/{rel}","templated":true}]}}