{"id":147726,"date":"2021-01-15T10:55:50","date_gmt":"2021-01-15T10:55:50","guid":{"rendered":"https:\/\/codengine3.ch\/?product=import-placeholder-for-206140"},"modified":"2021-01-15T14:46:44","modified_gmt":"2021-01-15T14:46:44","slug":"grand-canyons","status":"publish","type":"product","link":"https:\/\/pizbube.ch\/en\/shop\/grand-canyons\/","title":{"rendered":"GRand CANYONS"},"content":{"rendered":"<p>GRand CANYONS<br \/>\nDas Buch ist zugleich:<br \/>\n-Detaillierter Canyoningtourenf\u00fchrer Graub\u00fcnden\/ B\u00fcndner Alpen<br \/>\n-Handlicher Schluchten-, Wasserfall- und Wildwasserbadereisef\u00fchrer<br \/>\n-Attraktiver Bildband Graub\u00fcndens tief eingeschnittener Wasser- landschaften  <\/p>\n<p>35 ausgew\u00e4hlte Wildwasserbadestrecken und Canyoningtouren Graub\u00fcnden \/ B\u00fcndner<br \/>\nAlpen inklusive Sarganserland, Taminatal und Valle Chiavenna<br \/>\n55 Kartenausschnitte von Swisstopo f\u00fcr pr\u00e4zise \u00dcbersicht und zur Tourenplanung<br \/>\n112 Toposeiten Ansicht und L\u00e4ngenprofile mit allen Schluchtdetails f\u00fcr die<br \/>\nTourenplanung und Schluchtbegehung<br \/>\n134 Bildseiten zu den begeisternden Wildwasserlandschaften der GRand CANYONS<\/p>","protected":false},"excerpt":{"rendered":"<p>GRand CANYONS Das Buch ist zugleich: -Detaillierter Canyoningtourenf\u00fchrer Graub\u00fcnden\/ B\u00fcndner Alpen -Handlicher Schluchten-, Wasserfall- und Wildwasserbadereisef\u00fchrer -Attraktiver Bildband Graub\u00fcndens tief eingeschnittener Wasser- landschaften 35 ausgew\u00e4hlte Wildwasserbadestrecken und Canyoningtouren Graub\u00fcnden \/ B\u00fcndner Alpen inklusive Sarganserland, Taminatal und Valle Chiavenna 55 Kartenausschnitte von Swisstopo f\u00fcr pr\u00e4zise \u00dcbersicht und zur Tourenplanung 112 Toposeiten Ansicht und L\u00e4ngenprofile mit allen [&#8230;]\n","protected":false},"featured_media":35076,"template":"","meta":[],"product_brand":[],"product_cat":[21650],"product_tag":[],"class_list":{"0":"post-147726","1":"product","2":"type-product","3":"status-publish","4":"has-post-thumbnail","6":"product_cat-canyoningfuehrer","7":"pa_autor-stammwitz","8":"pa_erscheinungsjahr-21830","9":"pa_region-schweiz","10":"pa_sprache-de","12":"first","13":"instock","14":"taxable","15":"shipping-taxable","16":"purchasable","17":"product-type-simple"},"_links":{"self":[{"href":"https:\/\/pizbube.ch\/en\/wp-json\/wp\/v2\/product\/147726","targetHints":{"allow":["GET"]}}],"collection":[{"href":"https:\/\/pizbube.ch\/en\/wp-json\/wp\/v2\/product"}],"about":[{"href":"https:\/\/pizbube.ch\/en\/wp-json\/wp\/v2\/types\/product"}],"wp:featuredmedia":[{"embeddable":true,"href":"https:\/\/pizbube.ch\/en\/wp-json\/wp\/v2\/media\/35076"}],"wp:attachment":[{"href":"https:\/\/pizbube.ch\/en\/wp-json\/wp\/v2\/media?parent=147726"}],"wp:term":[{"taxonomy":"product_brand","embeddable":true,"href":"https:\/\/pizbube.ch\/en\/wp-json\/wp\/v2\/product_brand?post=147726"},{"taxonomy":"product_cat","embeddable":true,"href":"https:\/\/pizbube.ch\/en\/wp-json\/wp\/v2\/product_cat?post=147726"},{"taxonomy":"product_tag","embeddable":true,"href":"https:\/\/pizbube.ch\/en\/wp-json\/wp\/v2\/product_tag?post=147726"}],"curies":[{"name":"wp","href":"https:\/\/api.w.org\/{rel}","templated":true}]}}