{"id":147727,"date":"2021-01-15T10:55:50","date_gmt":"2021-01-15T10:55:50","guid":{"rendered":"https:\/\/codengine3.ch\/?product=import-placeholder-for-204093"},"modified":"2021-01-15T14:29:44","modified_gmt":"2021-01-15T14:29:44","slug":"wandern-am-wasser-in-suedtirol","status":"publish","type":"product","link":"https:\/\/pizbube.ch\/en\/shop\/wandern-am-wasser-in-suedtirol\/","title":{"rendered":"Wandern am Wasser in S\u00fcdtirol"},"content":{"rendered":"<p>Entlang an B\u00e4chen, Seen, Wasserf\u00e4llen, Schluchten und Waalen.<\/p>\n<p>Dieser Genuss-Wanderf\u00fchrer zeigt Ihnen die Wege zu den sch\u00f6nsten und<br \/>\nreizvollsten Wasser-Schaupl\u00e4tzen S\u00fcdtirols. Auf familienfreundlichen Touren<br \/>\nfolgen Sie pl\u00e4tschernden Bachl\u00e4ufen, durchqueren geheimnisvolle Schluchten und<br \/>\nerschlie\u00dfen die traditionsreichen Waalwege. Und Sie entdecken die sch\u00f6nsten<br \/>\nS\u00fcdtiroler Seen und Wasserf\u00e4lle. Detailkarten und Infos zu Anfahrt,<br \/>\nWegverlauf, Schwierigkeit, Dauer und weiteren Highlights am Wegesrand helfen<br \/>\nIhnen bei der Planung. Farbfotos, Karten. 144 S.<br \/>\nNeu bearbeitete 6. Ausg. 2014  <\/p>","protected":false},"excerpt":{"rendered":"<p>Entlang an B\u00e4chen, Seen, Wasserf\u00e4llen, Schluchten und Waalen. Dieser Genuss-Wanderf\u00fchrer zeigt Ihnen die Wege zu den sch\u00f6nsten und reizvollsten Wasser-Schaupl\u00e4tzen S\u00fcdtirols. Auf familienfreundlichen Touren folgen Sie pl\u00e4tschernden Bachl\u00e4ufen, durchqueren geheimnisvolle Schluchten und erschlie\u00dfen die traditionsreichen Waalwege. Und Sie entdecken die sch\u00f6nsten S\u00fcdtiroler Seen und Wasserf\u00e4lle. Detailkarten und Infos zu Anfahrt, Wegverlauf, Schwierigkeit, Dauer und weiteren [&#8230;]\n","protected":false},"featured_media":25650,"template":"","meta":[],"product_brand":[],"product_cat":[21605],"product_tag":[],"class_list":{"0":"post-147727","1":"product","2":"type-product","3":"status-publish","4":"has-post-thumbnail","6":"product_cat-wanderfuehrer-trekking","7":"pa_autor-mertz","8":"pa_erscheinungsjahr-21550","9":"pa_region-italien","10":"pa_sprache-de","12":"first","13":"outofstock","14":"taxable","15":"shipping-taxable","16":"purchasable","17":"product-type-simple"},"_links":{"self":[{"href":"https:\/\/pizbube.ch\/en\/wp-json\/wp\/v2\/product\/147727","targetHints":{"allow":["GET"]}}],"collection":[{"href":"https:\/\/pizbube.ch\/en\/wp-json\/wp\/v2\/product"}],"about":[{"href":"https:\/\/pizbube.ch\/en\/wp-json\/wp\/v2\/types\/product"}],"wp:featuredmedia":[{"embeddable":true,"href":"https:\/\/pizbube.ch\/en\/wp-json\/wp\/v2\/media\/25650"}],"wp:attachment":[{"href":"https:\/\/pizbube.ch\/en\/wp-json\/wp\/v2\/media?parent=147727"}],"wp:term":[{"taxonomy":"product_brand","embeddable":true,"href":"https:\/\/pizbube.ch\/en\/wp-json\/wp\/v2\/product_brand?post=147727"},{"taxonomy":"product_cat","embeddable":true,"href":"https:\/\/pizbube.ch\/en\/wp-json\/wp\/v2\/product_cat?post=147727"},{"taxonomy":"product_tag","embeddable":true,"href":"https:\/\/pizbube.ch\/en\/wp-json\/wp\/v2\/product_tag?post=147727"}],"curies":[{"name":"wp","href":"https:\/\/api.w.org\/{rel}","templated":true}]}}