{"id":147728,"date":"2021-01-15T10:55:50","date_gmt":"2021-01-15T10:55:50","guid":{"rendered":"https:\/\/codengine3.ch\/?product=import-placeholder-for-204452"},"modified":"2022-06-08T08:22:37","modified_gmt":"2022-06-08T06:22:37","slug":"die-wasserfaelle-der-schweiz","status":"publish","type":"product","link":"https:\/\/pizbube.ch\/en\/shop\/die-wasserfaelle-der-schweiz\/","title":{"rendered":"Die Wasserf\u00e4lle der Schweiz"},"content":{"rendered":"<p>Das grosse Wanderbuch &#8211; Mit 53 Wanderungen zu spektakul\u00e4ren Naturschaupl\u00e4tzen<\/p>\n<p>2007 ist im AT Verlag von denselben Autoren das Buch &#8218;Die Wasserf\u00e4lle der<br \/>\nSchweiz&#8216; erschienen, ein eher wissenschaftliches und systematisches Werk, das<br \/>\nvom Markt sehr gut aufgenommen wurde. Dieser Nachfolgeband der Wasserfall-<br \/>\nSpezialisten der Schweiz versammelt erneut die eindrucksvollsten Wasserf\u00e4lle<br \/>\nder Schweiz.<\/p>\n<p>Doch diesmal liegt der Fokus auf den Wanderungen zu den Wasserf\u00e4llen. Es<br \/>\nwerden etwa 120 Wasserf\u00e4lle in allen Gegenden der Schweiz beschrieben. Neben<br \/>\nden Wasserf\u00e4llen werden die Besonderheiten der jeweiligen Region vorgestellt.<br \/>\nEine Infobox mit \u00dcbersichtskarte, Angaben zur Wanderung, Anreise und<br \/>\nSchwierigkeit helfen bei der Orientierung. Dank der prachtvollen Fotos der<br \/>\nsch\u00f6nsten Wasserf\u00e4lle der Schweiz ist dieses Buch auch ein attraktiver<br \/>\nBildband f\u00fcr Naturliebhaber.<\/p>","protected":false},"excerpt":{"rendered":"<p>Das grosse Wanderbuch &#8211; Mit 53 Wanderungen zu spektakul\u00e4ren Naturschaupl\u00e4tzen 2007 ist im AT Verlag von denselben Autoren das Buch &#8218;Die Wasserf\u00e4lle der Schweiz&#8216; erschienen, ein eher wissenschaftliches und systematisches Werk, das vom Markt sehr gut aufgenommen wurde. Dieser Nachfolgeband der Wasserfall- Spezialisten der Schweiz versammelt erneut die eindrucksvollsten Wasserf\u00e4lle der Schweiz. Doch diesmal liegt [&#8230;]\n","protected":false},"featured_media":32324,"template":"","meta":[],"product_brand":[],"product_cat":[21542],"product_tag":[],"class_list":{"0":"post-147728","1":"product","2":"type-product","3":"status-publish","4":"has-post-thumbnail","6":"product_cat-sachbuecher-dokumentationen","7":"pa_autor-schwick-spichtig","8":"pa_erscheinungsjahr-21621","9":"pa_region-schweiz","10":"pa_sprache-de","12":"first","13":"outofstock","14":"taxable","15":"shipping-taxable","16":"purchasable","17":"product-type-simple"},"_links":{"self":[{"href":"https:\/\/pizbube.ch\/en\/wp-json\/wp\/v2\/product\/147728","targetHints":{"allow":["GET"]}}],"collection":[{"href":"https:\/\/pizbube.ch\/en\/wp-json\/wp\/v2\/product"}],"about":[{"href":"https:\/\/pizbube.ch\/en\/wp-json\/wp\/v2\/types\/product"}],"wp:featuredmedia":[{"embeddable":true,"href":"https:\/\/pizbube.ch\/en\/wp-json\/wp\/v2\/media\/32324"}],"wp:attachment":[{"href":"https:\/\/pizbube.ch\/en\/wp-json\/wp\/v2\/media?parent=147728"}],"wp:term":[{"taxonomy":"product_brand","embeddable":true,"href":"https:\/\/pizbube.ch\/en\/wp-json\/wp\/v2\/product_brand?post=147728"},{"taxonomy":"product_cat","embeddable":true,"href":"https:\/\/pizbube.ch\/en\/wp-json\/wp\/v2\/product_cat?post=147728"},{"taxonomy":"product_tag","embeddable":true,"href":"https:\/\/pizbube.ch\/en\/wp-json\/wp\/v2\/product_tag?post=147728"}],"curies":[{"name":"wp","href":"https:\/\/api.w.org\/{rel}","templated":true}]}}