{"id":147736,"date":"2021-01-15T10:55:50","date_gmt":"2021-01-15T10:55:50","guid":{"rendered":"https:\/\/codengine3.ch\/?product=import-placeholder-for-200265"},"modified":"2025-05-02T15:19:44","modified_gmt":"2025-05-02T13:19:44","slug":"mountainbiken-auf-sardinien","status":"publish","type":"product","link":"https:\/\/pizbube.ch\/en\/shop\/mountainbiken-auf-sardinien\/","title":{"rendered":"MOUNTAINBIKEN auf SARDINIEN"},"content":{"rendered":"<p>77 Touren zwischen Meer und Bergen<\/p>\n<p>Diese neue Auflage mit 77 Touren erm\u00f6glicht es euch, das ganze Jahr \u00fcber mit euren Mountainbikes die Wege und Pfade Sardiniens von Nord nach S\u00fcd zu erkunden. Spektakul\u00e4re, abwechslungsreiche Landschaften, mediterrane D\u00fcfte, traumhafte Str\u00e4nde, sanfte H\u00fcgel an der K\u00fcste und scharfkantige Felsen im Landesinneren.<\/p>\n<p>Ihr werdet eintauchen in die Geschichte Sardiniens und der Sarden, mit den ersten menschlichen Siedlungen in der Region Anglona, den zahlreichen Nuraghen, den imposanten Bergwerken im S\u00fcdwesten und den isolierten Hirtenh\u00fctten, wo die Hirten auch heute noch \u00fcber die alten Traditionen wachen.<\/p>\n<p>Es geht durch unber\u00fchrte und abgeschiedene Gegenden und \u00fcber alte Wege, die von der Geschichte des sardischen Banditentums und der harten Arbeit der K\u00f6hler erz\u00e4hlen. Heute bieten genau diese Wege jede Menge Bikespa\u00df, sowohl f\u00fcr erfahrene Mountainbiker, als auch f\u00fcr unerfahrene Radtouristen.<\/p>\n<p>Ein ganzheitlicher F\u00fchrer, mit dem man den MTB-Urlaub auf Sardinien organisieren kann und f\u00fcr alle, die auch beim sommerlichen Badeurlaub nicht auf den geliebten Drahtesel verzichten wollen.<\/p>","protected":false},"excerpt":{"rendered":"<p>77 Touren zwischen Meer und Bergen Diese neue Auflage mit 77 Touren erm\u00f6glicht es euch, das ganze Jahr \u00fcber mit euren Mountainbikes die Wege und Pfade Sardiniens von Nord nach S\u00fcd zu erkunden. Spektakul\u00e4re, abwechslungsreiche Landschaften, mediterrane D\u00fcfte, traumhafte Str\u00e4nde, sanfte H\u00fcgel an der K\u00fcste und scharfkantige Felsen im Landesinneren. Ihr werdet eintauchen in die [&#8230;]\n","protected":false},"featured_media":169207,"template":"","meta":[],"product_brand":[],"product_cat":[21606],"product_tag":[],"class_list":{"0":"post-147736","1":"product","2":"type-product","3":"status-publish","4":"has-post-thumbnail","6":"product_cat-mountainbikefuehrer","7":"pa_autor-herold-cardia-deidda-pitzalis","8":"pa_erscheinungsjahr-21546","9":"pa_region-italien","10":"pa_sprache-de","12":"first","13":"instock","14":"taxable","15":"shipping-taxable","16":"purchasable","17":"product-type-simple"},"_links":{"self":[{"href":"https:\/\/pizbube.ch\/en\/wp-json\/wp\/v2\/product\/147736","targetHints":{"allow":["GET"]}}],"collection":[{"href":"https:\/\/pizbube.ch\/en\/wp-json\/wp\/v2\/product"}],"about":[{"href":"https:\/\/pizbube.ch\/en\/wp-json\/wp\/v2\/types\/product"}],"wp:featuredmedia":[{"embeddable":true,"href":"https:\/\/pizbube.ch\/en\/wp-json\/wp\/v2\/media\/169207"}],"wp:attachment":[{"href":"https:\/\/pizbube.ch\/en\/wp-json\/wp\/v2\/media?parent=147736"}],"wp:term":[{"taxonomy":"product_brand","embeddable":true,"href":"https:\/\/pizbube.ch\/en\/wp-json\/wp\/v2\/product_brand?post=147736"},{"taxonomy":"product_cat","embeddable":true,"href":"https:\/\/pizbube.ch\/en\/wp-json\/wp\/v2\/product_cat?post=147736"},{"taxonomy":"product_tag","embeddable":true,"href":"https:\/\/pizbube.ch\/en\/wp-json\/wp\/v2\/product_tag?post=147736"}],"curies":[{"name":"wp","href":"https:\/\/api.w.org\/{rel}","templated":true}]}}