{"id":147738,"date":"2021-01-15T10:55:50","date_gmt":"2021-01-15T10:55:50","guid":{"rendered":"https:\/\/codengine3.ch\/?product=import-placeholder-for-208657"},"modified":"2025-08-19T09:13:42","modified_gmt":"2025-08-19T07:13:42","slug":"bike-guide-sardinien","status":"publish","type":"product","link":"https:\/\/pizbube.ch\/en\/shop\/bike-guide-sardinien\/","title":{"rendered":"Bike Guide Sardinien"},"content":{"rendered":"<p>46 MTB-Touren<\/p>\n<p>Lange Str\u00e4nde und steiles Gebirge, schroffe K\u00fcsten und h\u00fcgeliges Hinterland &#8211;<br \/>\nSardinien bietet unersch\u00f6pfliche M\u00f6glichkeiten f\u00fcr Moutainbiker. Ob gem\u00fctliche<br \/>\nRunde oder aufregender Singletrail &#8211; dieser MTB Guide stellt mit 46 Touren<br \/>\nBikespa\u00df f\u00fcr jedes K\u00f6nnen vor. H\u00f6henprofile lassen auf einen Blick Steigungen,<br \/>\nGef\u00e4lle und Beschaffenheit des Untergrunds erkennen. Zahlreiche Farbfotos<br \/>\nmachen Lust aufs Biken.<\/p>\n<p>F\u00fcr jede Tour liefert ein klar gegliederter Tourensteckbrief alles<br \/>\nWissenswerte zu Fahrzeit, L\u00e4nge, H\u00f6henunterschied, Ausgangspunkt, Varianten,<br \/>\nVerpflegungs- und Badem\u00f6glichkeiten. Pr\u00e4zise Tourenbeschreibungen mit<br \/>\nKilometerangaben und Kreuzungssymbolen sowie farbige Kartenausschnitte mit<br \/>\neingetragenem Routenverlauf im Ma\u00dfstab 1:100.000 weisen Bikern zuverl\u00e4ssig den<br \/>\nWeg. Zudem stehen auf der Internetseite des Bergverlag Rother GPS-Tracks zum<br \/>\nDownload bereit.<\/p>\n<p>2. aktualisierte Auflage 2017<\/p>","protected":false},"excerpt":{"rendered":"<ul>\n<li><a href=\"https:\/\/pizbube.ch\/wp-content\/uploads\/attachments\/a_031\/F0702EB004FC70842F53E0B560658854.pdf\" target=\"_blank\" rel=\"noopener\">PDF: Bike Guide Sardinien Inhaltsverzeichnis<\/a><\/li>\n<\/ul>","protected":false},"featured_media":40848,"template":"","meta":[],"product_brand":[],"product_cat":[21606],"product_tag":[],"class_list":{"0":"post-147738","1":"product","2":"type-product","3":"status-publish","4":"has-post-thumbnail","6":"product_cat-mountainbikefuehrer","7":"pa_autor-eichhorn","8":"pa_erscheinungsjahr-21574","9":"pa_region-italien","10":"pa_sprache-de","12":"first","13":"outofstock","14":"taxable","15":"shipping-taxable","16":"purchasable","17":"product-type-simple"},"_links":{"self":[{"href":"https:\/\/pizbube.ch\/en\/wp-json\/wp\/v2\/product\/147738","targetHints":{"allow":["GET"]}}],"collection":[{"href":"https:\/\/pizbube.ch\/en\/wp-json\/wp\/v2\/product"}],"about":[{"href":"https:\/\/pizbube.ch\/en\/wp-json\/wp\/v2\/types\/product"}],"wp:featuredmedia":[{"embeddable":true,"href":"https:\/\/pizbube.ch\/en\/wp-json\/wp\/v2\/media\/40848"}],"wp:attachment":[{"href":"https:\/\/pizbube.ch\/en\/wp-json\/wp\/v2\/media?parent=147738"}],"wp:term":[{"taxonomy":"product_brand","embeddable":true,"href":"https:\/\/pizbube.ch\/en\/wp-json\/wp\/v2\/product_brand?post=147738"},{"taxonomy":"product_cat","embeddable":true,"href":"https:\/\/pizbube.ch\/en\/wp-json\/wp\/v2\/product_cat?post=147738"},{"taxonomy":"product_tag","embeddable":true,"href":"https:\/\/pizbube.ch\/en\/wp-json\/wp\/v2\/product_tag?post=147738"}],"curies":[{"name":"wp","href":"https:\/\/api.w.org\/{rel}","templated":true}]}}