{"id":147739,"date":"2021-01-15T10:55:50","date_gmt":"2021-01-15T10:55:50","guid":{"rendered":"https:\/\/codengine3.ch\/?product=import-placeholder-for-201894"},"modified":"2026-02-12T09:04:33","modified_gmt":"2026-02-12T08:04:33","slug":"sardinien-die-63-schoensten-kuesten-und-bergwanderungen","status":"publish","type":"product","link":"https:\/\/pizbube.ch\/en\/shop\/sardinien-die-63-schoensten-kuesten-und-bergwanderungen\/","title":{"rendered":"Sardinien &#8211; Die sch\u00f6nsten K\u00fcsten- und Bergwanderungen"},"content":{"rendered":"<p class=\"mt-3\">72 Touren \u2013 die sch\u00f6nsten K\u00fcsten- und Bergwanderungen<\/p>\n<p><span class=\"value\">Sardinien ist ein Wanderparadies: Wilde Felslandschaften, zerkl\u00fcftete K\u00fcsten, einsame Berge und das t\u00fcrkisblau leuchtende Meer \u2013 wer Sardinien beim Wandern entdeckt, erlebt eine der faszinierendsten Mittelmeerinseln ganz intensiv. Ob atemberaubende Ausblicke, versteckte Badebuchten oder urspr\u00fcngliche Hirtenpfade \u2013 diese Insel begeistert Schritt f\u00fcr Schritt.<\/span><\/p>\n<p>Mit 72 sorgf\u00e4ltig ausgew\u00e4hlten Wanderungen bietet der Rother Wanderf\u00fchrer Sardinien eine au\u00dfergew\u00f6hnlich gro\u00dfe Tourenauswahl \u2013 ideal f\u00fcr alle, die die Insel in ihrer ganzen landschaftlichen Breite entdecken m\u00f6chten. Ob entlang der wilden Costa Paradiso, durch die beeindruckende Gorropu-Schlucht, hinauf zur aussichtsreichen Punta Salinas oder zu den Traumstr\u00e4nden am Capo Carbonara \u2013 dieser Wanderf\u00fchrer zeigt Sardinien von seiner sch\u00f6nsten Seite.<\/p>\n<p>Von leichten K\u00fcstenspazierg\u00e4ngen bis zu anspruchsvollen Bergtouren ist f\u00fcr jedes Niveau etwas dabei. Die Wege f\u00fchren \u00fcber alte Hirtenpfade und einsame Saumpfade, vorbei an Ziegenherden, durch archaische Felslandschaften und zu versteckten Badebuchten. Wandern auf Sardinien ist abwechslungsreich, urspr\u00fcnglich \u2013 und einfach unvergesslich.<\/p>\n<p>Alle Wanderungen werden mit zuverl\u00e4ssigen Wegbeschreibungen, detaillierten Kartenausschnitten, H\u00f6henprofilen und GPS-Tracks zum Download vorgestellt \u2013 perfekt zur Vorbereitung und die Orientierung unterwegs.<\/p>\n<p>14., aktualisierte Auflage 2026<br \/>\n288 Seiten mit 179 Farbabbildungen<br \/>\n72 H\u00f6henprofile, 72 Wanderk\u00e4rtchen im Ma\u00dfstab 1:25.000, 1:50.000 und 1:75.000 sowie f\u00fcnf \u00dcbersichtskarten im Ma\u00dfstab 1:1.300.000 und 1:2.200.00<br \/>\nFormat 11,5 x 16,5 cm<\/p>","protected":false},"excerpt":{"rendered":"<p>72 Touren \u2013 die sch\u00f6nsten K\u00fcsten- und Bergwanderungen Sardinien ist ein Wanderparadies: Wilde Felslandschaften, zerkl\u00fcftete K\u00fcsten, einsame Berge und das t\u00fcrkisblau leuchtende Meer \u2013 wer Sardinien beim Wandern entdeckt, erlebt eine der faszinierendsten Mittelmeerinseln ganz intensiv. Ob atemberaubende Ausblicke, versteckte Badebuchten oder urspr\u00fcngliche Hirtenpfade \u2013 diese Insel begeistert Schritt f\u00fcr Schritt. Mit 72 sorgf\u00e4ltig ausgew\u00e4hlten [&#8230;]\n","protected":false},"featured_media":183150,"template":"","meta":[],"product_brand":[],"product_cat":[21605],"product_tag":[],"class_list":{"0":"post-147739","1":"product","2":"type-product","3":"status-publish","4":"has-post-thumbnail","6":"product_cat-wanderfuehrer-trekking","7":"pa_autor-iwersen-van-de-wetering","8":"pa_erscheinungsjahr-27654","9":"pa_region-italien","10":"pa_sprache-de","12":"first","13":"instock","14":"taxable","15":"shipping-taxable","16":"purchasable","17":"product-type-simple"},"_links":{"self":[{"href":"https:\/\/pizbube.ch\/en\/wp-json\/wp\/v2\/product\/147739","targetHints":{"allow":["GET"]}}],"collection":[{"href":"https:\/\/pizbube.ch\/en\/wp-json\/wp\/v2\/product"}],"about":[{"href":"https:\/\/pizbube.ch\/en\/wp-json\/wp\/v2\/types\/product"}],"wp:featuredmedia":[{"embeddable":true,"href":"https:\/\/pizbube.ch\/en\/wp-json\/wp\/v2\/media\/183150"}],"wp:attachment":[{"href":"https:\/\/pizbube.ch\/en\/wp-json\/wp\/v2\/media?parent=147739"}],"wp:term":[{"taxonomy":"product_brand","embeddable":true,"href":"https:\/\/pizbube.ch\/en\/wp-json\/wp\/v2\/product_brand?post=147739"},{"taxonomy":"product_cat","embeddable":true,"href":"https:\/\/pizbube.ch\/en\/wp-json\/wp\/v2\/product_cat?post=147739"},{"taxonomy":"product_tag","embeddable":true,"href":"https:\/\/pizbube.ch\/en\/wp-json\/wp\/v2\/product_tag?post=147739"}],"curies":[{"name":"wp","href":"https:\/\/api.w.org\/{rel}","templated":true}]}}