{"id":147741,"date":"2021-01-15T10:55:51","date_gmt":"2021-01-15T10:55:51","guid":{"rendered":"https:\/\/codengine3.ch\/?product=import-placeholder-for-202970"},"modified":"2025-04-25T11:34:52","modified_gmt":"2025-04-25T09:34:52","slug":"sardinien-sardinia-1-200000","status":"publish","type":"product","link":"https:\/\/pizbube.ch\/en\/shop\/sardinien-sardinia-1-200000\/","title":{"rendered":"sardinien sardinia 1: 200&#8217;000"},"content":{"rendered":"<p>Neueste Kartografie, detaillierte Darstellung des Terrains, aktuellstes<br \/>\nStra\u00dfenbild, Gradgitter und ein ausf\u00fchrliches Ortsregister, mit dem man die<br \/>\nOrte, die man sucht, auf der Karte auch findet.<\/p>\n<p>Kartenbild 2seitig, H\u00f6henlinien mit H\u00f6henangaben, farbige H\u00f6henschichten, GPS-<br \/>\nTauglichkeit durch eingezeichnete L\u00e4ngen- und Breitengrade, klassifiziertes<br \/>\nStra\u00dfennetz mit Entfernungsangaben.<br \/>\nAusf\u00fchrlicher Ortsindex.<\/p>\n<p><span class=\"value\">9. neu bearbeitete und aktualisierte Auflage 2024<\/span><\/p>","protected":false},"excerpt":{"rendered":"<p>Neueste Kartografie, detaillierte Darstellung des Terrains, aktuellstes Stra\u00dfenbild, Gradgitter und ein ausf\u00fchrliches Ortsregister, mit dem man die Orte, die man sucht, auf der Karte auch findet. Kartenbild 2seitig, H\u00f6henlinien mit H\u00f6henangaben, farbige H\u00f6henschichten, GPS- Tauglichkeit durch eingezeichnete L\u00e4ngen- und Breitengrade, klassifiziertes Stra\u00dfennetz mit Entfernungsangaben. Ausf\u00fchrlicher Ortsindex. 9. neu bearbeitete und aktualisierte Auflage 2024<\/p>","protected":false},"featured_media":179459,"template":"","meta":[],"product_brand":[],"product_cat":[21543],"product_tag":[],"class_list":{"0":"post-147741","1":"product","2":"type-product","3":"status-publish","4":"has-post-thumbnail","6":"product_cat-landkarten","7":"pa_autor-reise-know-how","8":"pa_erscheinungsjahr-27339","9":"pa_region-italien","10":"pa_sprache-de","12":"first","13":"instock","14":"taxable","15":"shipping-taxable","16":"purchasable","17":"product-type-simple"},"_links":{"self":[{"href":"https:\/\/pizbube.ch\/en\/wp-json\/wp\/v2\/product\/147741","targetHints":{"allow":["GET"]}}],"collection":[{"href":"https:\/\/pizbube.ch\/en\/wp-json\/wp\/v2\/product"}],"about":[{"href":"https:\/\/pizbube.ch\/en\/wp-json\/wp\/v2\/types\/product"}],"wp:featuredmedia":[{"embeddable":true,"href":"https:\/\/pizbube.ch\/en\/wp-json\/wp\/v2\/media\/179459"}],"wp:attachment":[{"href":"https:\/\/pizbube.ch\/en\/wp-json\/wp\/v2\/media?parent=147741"}],"wp:term":[{"taxonomy":"product_brand","embeddable":true,"href":"https:\/\/pizbube.ch\/en\/wp-json\/wp\/v2\/product_brand?post=147741"},{"taxonomy":"product_cat","embeddable":true,"href":"https:\/\/pizbube.ch\/en\/wp-json\/wp\/v2\/product_cat?post=147741"},{"taxonomy":"product_tag","embeddable":true,"href":"https:\/\/pizbube.ch\/en\/wp-json\/wp\/v2\/product_tag?post=147741"}],"curies":[{"name":"wp","href":"https:\/\/api.w.org\/{rel}","templated":true}]}}