{"id":147742,"date":"2021-01-15T10:55:51","date_gmt":"2021-01-15T10:55:51","guid":{"rendered":"https:\/\/codengine3.ch\/?product=import-placeholder-for-205561"},"modified":"2021-01-15T14:42:12","modified_gmt":"2021-01-15T14:42:12","slug":"wanderkarte-galtelli-dorgali-und-cala-gonone-1-30-000","status":"publish","type":"product","link":"https:\/\/pizbube.ch\/en\/shop\/wanderkarte-galtelli-dorgali-und-cala-gonone-1-30-000\/","title":{"rendered":"Wanderkarte Galtelli, Dorgali und Cala Gonone 1: 30 000"},"content":{"rendered":"<p>Das Blatt deckt den Bereich von etwas Eingang zur Gorropu-Schlucht im S\u00fcden<br \/>\nund dem sch\u00f6nen Dorf Galtelli im Norden von Sardinien sowie die K\u00fcstenlinie<br \/>\nzwischen der Cala Osalla und der Cala Sisine ab. Landeinw\u00e4rts gen Westen zeigt<br \/>\nsie den Supramonte von Dorgali und einen Teil des Supramonte von Oliena mit<br \/>\ndem Valle di Lanaittu und Tiscali.  <\/p>\n<p>Eingezeichnet sind zahlreiche Wanderwege und Pfade, die man bislang<br \/>\n\u00fcberwiegend nur mit viel Erfahrung oder einheimischen Guides finden konnte.<br \/>\nMarkiert sind arch\u00e4ol. St\u00e4tten, H\u00f6hlen und Orte f\u00fcr Freeclimbing u.a.<br \/>\nAuf der R\u00fcckseite findet man Texte in deutsch \/ englisch \/ italienisch und<br \/>\neine Liste wichtiger Telefonnummern sowie einige Adressen von<br \/>\nUnterkunftsm\u00f6glichkeiten im Agriturismo oder B&#038;B.;  <\/p>\n<p>La caratteristica principale del territorio di Dorgali e di Galtell\u00ec \u00e8 quella<br \/>\ndi possedere una variet\u00e0 immensa di paesaggi e di bellezze naturali: dal mare<br \/>\ncristallino del golfo di Orosei alle straordinarie montagne del Supramonte con<br \/>\nle sue grotte e le sue gole scavate nel tempo dall\u00b4acqua. Lo straordinario<br \/>\nconnubio tra l\u00b4aspra natura rocciosa e le trasparenze del mare, fa s\u00ec che<br \/>\nquesta costa sia una delle pi\u00f9 belle del mondo.<br \/>\nscala 1:30000 &#8211; anno 2007<\/p>","protected":false},"excerpt":{"rendered":"<ul>\n<li><b>INFO: Neuauflage geplant, Termin unbestimmt<b><\/li>\n<\/ul>","protected":false},"featured_media":34314,"template":"","meta":[],"product_brand":[],"product_cat":[21543],"product_tag":[],"class_list":{"0":"post-147742","1":"product","2":"type-product","3":"status-publish","4":"has-post-thumbnail","6":"product_cat-landkarten","7":"pa_autor-abies","8":"pa_erscheinungsjahr-21842","9":"pa_region-italien","10":"pa_sprache-d","11":"pa_sprache-e","12":"pa_sprache-f","13":"pa_sprache-i","15":"first","16":"outofstock","17":"taxable","18":"shipping-taxable","19":"purchasable","20":"product-type-simple"},"_links":{"self":[{"href":"https:\/\/pizbube.ch\/en\/wp-json\/wp\/v2\/product\/147742","targetHints":{"allow":["GET"]}}],"collection":[{"href":"https:\/\/pizbube.ch\/en\/wp-json\/wp\/v2\/product"}],"about":[{"href":"https:\/\/pizbube.ch\/en\/wp-json\/wp\/v2\/types\/product"}],"wp:featuredmedia":[{"embeddable":true,"href":"https:\/\/pizbube.ch\/en\/wp-json\/wp\/v2\/media\/34314"}],"wp:attachment":[{"href":"https:\/\/pizbube.ch\/en\/wp-json\/wp\/v2\/media?parent=147742"}],"wp:term":[{"taxonomy":"product_brand","embeddable":true,"href":"https:\/\/pizbube.ch\/en\/wp-json\/wp\/v2\/product_brand?post=147742"},{"taxonomy":"product_cat","embeddable":true,"href":"https:\/\/pizbube.ch\/en\/wp-json\/wp\/v2\/product_cat?post=147742"},{"taxonomy":"product_tag","embeddable":true,"href":"https:\/\/pizbube.ch\/en\/wp-json\/wp\/v2\/product_tag?post=147742"}],"curies":[{"name":"wp","href":"https:\/\/api.w.org\/{rel}","templated":true}]}}