{"id":147743,"date":"2021-01-15T10:55:51","date_gmt":"2021-01-15T10:55:51","guid":{"rendered":"https:\/\/codengine3.ch\/?product=import-placeholder-for-207687"},"modified":"2024-10-11T16:12:49","modified_gmt":"2024-10-11T14:12:49","slug":"mountainbiken-auf-sizilien","status":"publish","type":"product","link":"https:\/\/pizbube.ch\/en\/shop\/mountainbiken-auf-sizilien\/","title":{"rendered":"MOUNTAINBIKEN AUF SIZILIEN"},"content":{"rendered":"<p>53 Touren zwischen Agrigento, Trapani, Palermo und den Naturparks Madonie,<br \/>\nNebrodi und \u00c4tna<\/p>\n<p>Ein Buch, das sich auf die Suche nach einem noch urspr\u00fcnglichen Sizilien<br \/>\nmacht, auf Wegen, die dem Massentourismus unbekannt geblieben sind und die uns<br \/>\nzu den unglaublichen Sch\u00e4tzen f\u00fchren, die aus der Mischung von Sonne, Natur,<br \/>\nKunst, Kultur, Geschichte und K\u00fcche entstanden sind. Es ist das Resultat einer<br \/>\ngro\u00dfen Liebe f\u00fcr diese Gegenden, von langen Stunden \u00fcber Karten und<br \/>\nGeschichtsb\u00fcchern, der Suche nach alten Pfaden, bei der wir die Insel in alle<br \/>\nRichtungen durchk\u00e4mmt haben, Personen befragt und alten Mythen auf den Grund<br \/>\ngegangen sind.<\/p>\n<p>Die Autoren bieten uns die Qual der Wahl zwischen 55 Touren durch die Gebiete<br \/>\nvon Agrigento, Palermo und Trapani, aber auch durch die Naturparks der<br \/>\nMadonie, Nebrodi und des \u00c4tnas. Es gibt nichts, was es nicht gibt: Staub,<br \/>\nSand, Lavaasche, Wege durch wilde Naturlandschaften und kleine, liebreizende<br \/>\nD\u00f6rfer, wobei der Asphalt, so gut es geht vermieden wird. Ein schier endloses<br \/>\nProgramm f\u00fcr alle, die Sizilien besuchen, aber nicht auf das Fahrrad<br \/>\nverzichten wollen.<\/p>\n<p>Sei es nun XC, All Mountain oder Enduro. Es gibt aber nicht nur offroad,<br \/>\nAlessandro und Franco haben sich auch ein paar Touren auf Asphalt ausgedacht,<br \/>\ndie auch f\u00fcr technisch weniger versierte Fahrradfans geeignet sind. Und um<br \/>\nsich nach den Strapazen noch ein wenig zu entspannen, gibt es jede Menge<br \/>\nInformationen zur Insel, Erz\u00e4hlungen und Interviews, die euch tiefer in die<br \/>\nSeele dieser Insel blicken lassen werden.<\/p>","protected":false},"excerpt":{"rendered":"<p>53 Touren zwischen Agrigento, Trapani, Palermo und den Naturparks Madonie, Nebrodi und \u00c4tna Ein Buch, das sich auf die Suche nach einem noch urspr\u00fcnglichen Sizilien macht, auf Wegen, die dem Massentourismus unbekannt geblieben sind und die uns zu den unglaublichen Sch\u00e4tzen f\u00fchren, die aus der Mischung von Sonne, Natur, Kunst, Kultur, Geschichte und K\u00fcche entstanden [&#8230;]\n","protected":false},"featured_media":176699,"template":"","meta":[],"product_brand":[],"product_cat":[21606],"product_tag":[],"class_list":{"0":"post-147743","1":"product","2":"type-product","3":"status-publish","4":"has-post-thumbnail","6":"product_cat-mountainbikefuehrer","7":"pa_autor-tedesco","8":"pa_erscheinungsjahr-21574","9":"pa_region-italien","10":"pa_sprache-de","12":"first","13":"instock","14":"taxable","15":"shipping-taxable","16":"purchasable","17":"product-type-simple"},"_links":{"self":[{"href":"https:\/\/pizbube.ch\/en\/wp-json\/wp\/v2\/product\/147743","targetHints":{"allow":["GET"]}}],"collection":[{"href":"https:\/\/pizbube.ch\/en\/wp-json\/wp\/v2\/product"}],"about":[{"href":"https:\/\/pizbube.ch\/en\/wp-json\/wp\/v2\/types\/product"}],"wp:featuredmedia":[{"embeddable":true,"href":"https:\/\/pizbube.ch\/en\/wp-json\/wp\/v2\/media\/176699"}],"wp:attachment":[{"href":"https:\/\/pizbube.ch\/en\/wp-json\/wp\/v2\/media?parent=147743"}],"wp:term":[{"taxonomy":"product_brand","embeddable":true,"href":"https:\/\/pizbube.ch\/en\/wp-json\/wp\/v2\/product_brand?post=147743"},{"taxonomy":"product_cat","embeddable":true,"href":"https:\/\/pizbube.ch\/en\/wp-json\/wp\/v2\/product_cat?post=147743"},{"taxonomy":"product_tag","embeddable":true,"href":"https:\/\/pizbube.ch\/en\/wp-json\/wp\/v2\/product_tag?post=147743"}],"curies":[{"name":"wp","href":"https:\/\/api.w.org\/{rel}","templated":true}]}}