{"id":147747,"date":"2021-01-15T10:55:51","date_gmt":"2021-01-15T10:55:51","guid":{"rendered":"https:\/\/codengine3.ch\/?product=import-placeholder-for-208674"},"modified":"2021-01-15T17:56:36","modified_gmt":"2021-01-15T17:56:36","slug":"alpenvereinsjahrbuch-berg-2013","status":"publish","type":"product","link":"https:\/\/pizbube.ch\/en\/shop\/alpenvereinsjahrbuch-berg-2013\/","title":{"rendered":"Alpenvereinsjahrbuch Berg 2013"},"content":{"rendered":"<p>Das Alpenvereinsjahrbuch ist das unverzichtbare Standardwerk f\u00fcr jeden<br \/>\nBergfreund:<br \/>\nKeine andere Publikation bietet diese Vielfalt alpiner Themen und versammelt<br \/>\nsoviel bergsteigerische Prominenz und Kompetenz zu einem derart g\u00fcnstigen<br \/>\nPreis &#8211; und das in h\u00f6chster Qualit\u00e4t!  <\/p>\n<p>Der gro\u00dfe Gebietsschwerpunkt liegt auf dem Tennengebirge im Salzburger Land.<br \/>\nIm Innern dieses einzigartigen Kalkstocks finden sich die gr\u00f6\u00dften Eish\u00f6hlen<br \/>\nder Alpen, seine aussichtsreichen Felsgipfel sind die Kletterheimat von<br \/>\n\u201eMister 1000-Touren\u201c Albert Precht. Eine \u00dcberschreitung dieses urspr\u00fcnglichen<br \/>\nKarstplateaus bietet auch heute noch einzigartige Bergerlebnisse.  <\/p>\n<p>Das Fokusthema \u201eSch\u00f6ne neue BergWelten\u201c ist dem oszillierenden Wechselspiel<br \/>\nvon alpiner und urbaner Kultur auf der Spur. Mit Kletteranlagen und anderen<br \/>\nmodernen Spielformen ist das urspr\u00fcnglich Alpine l\u00e4ngst Bestandteil der<br \/>\nurbanen Jugendkultur geworden, das zeigt nicht zuletzt eine Reportage \u00fcber<br \/>\nKlettern im alpenfernen Nordrhein-Westfalen. Alpine Lebensr\u00e4ume wiederum<br \/>\nwerden zunehmend urbanisiert und neu inszeniert. Unser ver\u00e4ndertes<br \/>\nInformations- und Kommunikationsverhaltens beschleunigt diesen Prozess. Ebenso<br \/>\nspannende wie \u00fcberraschende Reportagen erstklassiger Journalisten beobachten<br \/>\ndiesen grundlegenden Strukturwandel, der uns alle betrifft.  <\/p>\n<p>Dar\u00fcber hinaus bietet das Alpenvereinsjahrbuch einen einzigartigen \u00dcberblick<br \/>\n\u00fcber die wichtigsten Themen und Trends aus der Welt des Bergsports, es h\u00e4lt<br \/>\ngro\u00dfe Momente fest und skizziert spannende Entwicklungen. So greift BERG 2013<br \/>\nu. a. folgende Themen auf: Klettersteige: Konsum-Kommerz oder<br \/>\nnaturvertr\u00e4gliches sportliches Vergn\u00fcgen?<br \/>\n\u2013 Kommt mit David Lamas Tat am Cerro Torre Clean Climbing ins Klettergeschehen<br \/>\nzur\u00fcck?<br \/>\n\u2013 Sowjet-Alpinismus: Wer wei\u00df, was hinter dem eisernen Vorhang wirklich<br \/>\npassierte?<br \/>\nNatur und Umwelt: Kehren die gro\u00dfen R\u00e4uber B\u00e4r, Wolf und Luchs in die Alpen<br \/>\nzur\u00fcck?<br \/>\n\u2013 Wasserschloss Alpen: Ist mit den Gletschern<br \/>\nunser Trinkwasser in Gefahr?<br \/>\n\u2013 Strategien im Klimawandel: Kann man Energie nicht l\u00e4ngst effizienter und<br \/>\nintelligenter nutzen?<br \/>\nBerge im Kopf: Wie haben sich Reliefs oder Topos entwickelt? Und wie sieht der<br \/>\nAlltag eines F\u00fchrerautors aus?<br \/>\nDie Rubrik \u201eBergMenschen\u201c bringt in Portr\u00e4ts und Interviews Menschen und<br \/>\nThemen, die uns bewegen. BERG 2013 ist u. a. mit den jungen Wilden Simone<br \/>\nMoro, Denis Urubko und Cory Richards im Gespr\u00e4ch und bei Kurt Diemberger und<br \/>\nAlbert Leichtfried zu Gast.  <\/p>\n<p>Herausgeber: Deutscher Alpenverein, Oesterreichischer Alpenverein und<br \/>\nAlpenverein S\u00fcdtirol<br \/>\nRedaktion: Anette K\u00f6hler, Tyrolia-Verlag Innsbruck<br \/>\n256 Seiten, ca. 200 Farb- und 50 SW-Abb., 20,8 x 25,8 cm, gebunden<\/p>","protected":false},"excerpt":{"rendered":"<p>Das Alpenvereinsjahrbuch ist das unverzichtbare Standardwerk f\u00fcr jeden Bergfreund: Keine andere Publikation bietet diese Vielfalt alpiner Themen und versammelt soviel bergsteigerische Prominenz und Kompetenz zu einem derart g\u00fcnstigen Preis &#8211; und das in h\u00f6chster Qualit\u00e4t! Der gro\u00dfe Gebietsschwerpunkt liegt auf dem Tennengebirge im Salzburger Land. Im Innern dieses einzigartigen Kalkstocks finden sich die gr\u00f6\u00dften Eish\u00f6hlen [&#8230;]\n","protected":false},"featured_media":40903,"template":"","meta":[],"product_brand":[],"product_cat":[21542],"product_tag":[],"class_list":{"0":"post-147747","1":"product","2":"type-product","3":"status-publish","4":"has-post-thumbnail","6":"product_cat-sachbuecher-dokumentationen","7":"pa_autor-kohler","8":"pa_erscheinungsjahr-21621","9":"pa_region-deutschland","10":"pa_sprache-de","12":"first","13":"instock","14":"taxable","15":"shipping-taxable","16":"purchasable","17":"product-type-simple"},"_links":{"self":[{"href":"https:\/\/pizbube.ch\/en\/wp-json\/wp\/v2\/product\/147747","targetHints":{"allow":["GET"]}}],"collection":[{"href":"https:\/\/pizbube.ch\/en\/wp-json\/wp\/v2\/product"}],"about":[{"href":"https:\/\/pizbube.ch\/en\/wp-json\/wp\/v2\/types\/product"}],"wp:featuredmedia":[{"embeddable":true,"href":"https:\/\/pizbube.ch\/en\/wp-json\/wp\/v2\/media\/40903"}],"wp:attachment":[{"href":"https:\/\/pizbube.ch\/en\/wp-json\/wp\/v2\/media?parent=147747"}],"wp:term":[{"taxonomy":"product_brand","embeddable":true,"href":"https:\/\/pizbube.ch\/en\/wp-json\/wp\/v2\/product_brand?post=147747"},{"taxonomy":"product_cat","embeddable":true,"href":"https:\/\/pizbube.ch\/en\/wp-json\/wp\/v2\/product_cat?post=147747"},{"taxonomy":"product_tag","embeddable":true,"href":"https:\/\/pizbube.ch\/en\/wp-json\/wp\/v2\/product_tag?post=147747"}],"curies":[{"name":"wp","href":"https:\/\/api.w.org\/{rel}","templated":true}]}}