{"id":147750,"date":"2021-01-15T10:55:51","date_gmt":"2021-01-15T10:55:51","guid":{"rendered":"https:\/\/codengine3.ch\/?product=import-placeholder-for-207442"},"modified":"2021-01-15T16:03:16","modified_gmt":"2021-01-15T16:03:16","slug":"berg-2014","status":"publish","type":"product","link":"https:\/\/pizbube.ch\/en\/shop\/berg-2014\/","title":{"rendered":"BERG 2014"},"content":{"rendered":"<p>Alpenvereinsjahrbuch 2014<br \/>\n256 Seiten erstklassige Reportagen, Portr\u00e4ts und Interviews mit gro\u00dfartigen<br \/>\nBildern zu den angesagten Themen aus der gro\u00dfen Welt der Berge und des<br \/>\nBergsports:<\/p>\n<p>Mit dem wachsenden Erschlie\u00dfungsdruck auf die Alpen steht ein ebenso aktuelles<br \/>\nwie brisantes Thema im Mittelpunkt. Der Hunger nach profitabler, regenerativer<br \/>\nEnergie, die Aufr\u00fcstungsspirale der Skidestinationen und die ungel\u00f6ste<br \/>\nVerkehrsproblematik f\u00fchren zu massiven Eingriffen in Naturr\u00e4ume, die sich<br \/>\ndabei mehr und mehr in Industriezonen zu verwandeln drohen. Wegschauen gilt<br \/>\nnicht. Deswegen bringt BergFokus die Fakten auf den Tisch.<br \/>\nHinschauen lohnt sich: Mit dem Hochschwab, diesem \u201eursteirischen Gebirge\u201c,<br \/>\nl\u00e4dt das Gebietsthema BergWelten \u2013 passend zur beiliegenden AV-Karte \u2013 ein,<br \/>\neine der zauberhaftesten Bergregionen am Ostrand der Alpen zu entdecken.<br \/>\nDie Rubrik BergSteigen bringt u. a. die gro\u00dfe Chronik der internationalen<br \/>\nHighlights und regt eine Diskussion dar\u00fcber an, ob wir im Zeitalter von Social<br \/>\nMedia neue Regeln brauchen, um \u00fcber unseren Sport zu reden. Damit<br \/>\nkorrespondiert die provokante Frage \u201eWas ist eine Nachricht wert?\u201c des<br \/>\nThemenschwerpunkts Bergsteigen und Medien in der Rubrik BergKultur.  <\/p>\n<p>Ein gro\u00dfes Wissens-Update zum Thema Lawinenkunde bringt die Rubrik BergWissen,<br \/>\ndar\u00fcber hinaus philosophiert sie \u00fcber die Frage, ob wir trotz oder wegen des<br \/>\ndamit verbundenen Risikos in die Berge gehen und regt am Beispiel launiger<br \/>\nSelbstversuche an, \u00f6fter mal mit Bus, Bahn und Pedelec in die Berge zu reisen.<br \/>\nBergMenschen bietet Raum f\u00fcr ungew\u00f6hnliche Begegnungen, wie z. B. mit der<br \/>\njapanischen Extrembergsteigerin Kei Taniguchi \u2013 der einzigen Frau, die bislang<br \/>\nmit dem Piolet d\u2019Or ausgezeichnet wurde.<\/p>\n<p>Herausgeber: Deutscher Alpenverein (DAV), Oesterreichischer Alpenverein (OeAV)<br \/>\nund Alpenverein S\u00fcdtirol (AVS); Redaktion: Anette K\u00f6hler, 256 Seiten, ca. 230<br \/>\nfarb. Abb., 20,8 x 25,8 cm, gebunden<\/p>","protected":false},"excerpt":{"rendered":"<p>Alpenvereinsjahrbuch 2014 256 Seiten erstklassige Reportagen, Portr\u00e4ts und Interviews mit gro\u00dfartigen Bildern zu den angesagten Themen aus der gro\u00dfen Welt der Berge und des Bergsports: Mit dem wachsenden Erschlie\u00dfungsdruck auf die Alpen steht ein ebenso aktuelles wie brisantes Thema im Mittelpunkt. Der Hunger nach profitabler, regenerativer Energie, die Aufr\u00fcstungsspirale der Skidestinationen und die ungel\u00f6ste Verkehrsproblematik [&#8230;]\n","protected":false},"featured_media":37446,"template":"","meta":[],"product_brand":[],"product_cat":[21542],"product_tag":[],"class_list":{"0":"post-147750","1":"product","2":"type-product","3":"status-publish","4":"has-post-thumbnail","6":"product_cat-sachbuecher-dokumentationen","7":"pa_autor-kohler","8":"pa_erscheinungsjahr-21568","9":"pa_region-deutschland","10":"pa_sprache-de","12":"first","13":"instock","14":"taxable","15":"shipping-taxable","16":"purchasable","17":"product-type-simple"},"_links":{"self":[{"href":"https:\/\/pizbube.ch\/en\/wp-json\/wp\/v2\/product\/147750","targetHints":{"allow":["GET"]}}],"collection":[{"href":"https:\/\/pizbube.ch\/en\/wp-json\/wp\/v2\/product"}],"about":[{"href":"https:\/\/pizbube.ch\/en\/wp-json\/wp\/v2\/types\/product"}],"wp:featuredmedia":[{"embeddable":true,"href":"https:\/\/pizbube.ch\/en\/wp-json\/wp\/v2\/media\/37446"}],"wp:attachment":[{"href":"https:\/\/pizbube.ch\/en\/wp-json\/wp\/v2\/media?parent=147750"}],"wp:term":[{"taxonomy":"product_brand","embeddable":true,"href":"https:\/\/pizbube.ch\/en\/wp-json\/wp\/v2\/product_brand?post=147750"},{"taxonomy":"product_cat","embeddable":true,"href":"https:\/\/pizbube.ch\/en\/wp-json\/wp\/v2\/product_cat?post=147750"},{"taxonomy":"product_tag","embeddable":true,"href":"https:\/\/pizbube.ch\/en\/wp-json\/wp\/v2\/product_tag?post=147750"}],"curies":[{"name":"wp","href":"https:\/\/api.w.org\/{rel}","templated":true}]}}