{"id":147752,"date":"2021-01-15T10:55:51","date_gmt":"2021-01-15T10:55:51","guid":{"rendered":"https:\/\/codengine3.ch\/?product=import-placeholder-for-204038"},"modified":"2021-01-15T14:29:05","modified_gmt":"2021-01-15T14:29:05","slug":"alpinisme-et-photographie-1870-1940","status":"publish","type":"product","link":"https:\/\/pizbube.ch\/en\/shop\/alpinisme-et-photographie-1870-1940\/","title":{"rendered":"ALPINISME et PHOTOGRAPHIE 1870 &#8211; 1940"},"content":{"rendered":"<p>AMOUREUX de la montagne, passionn\u00e9s d&#8217;alpinisme et d&#8217;escalade, amateurs de<br \/>\nphotos autant que d&#8217;histoire de la photo, ce livre s&#8217;adresse \u00e0 des publics<br \/>\nvari\u00e9s. Il frappe par la richesse de son iconographie : 260 documents<br \/>\nexceptionnels trait\u00e9s en six tons, in\u00e9dits pour beaucoup, issus de fonds<br \/>\npriv\u00e9s, de collections particuli\u00e8res ou des archives du Club alpin fran\u00e7ais.<br \/>\nVERTIGINEUX, il place le spectateur directement dans l&#8217;action en privil\u00e9giant<br \/>\nles ambiances &#8218;haute montagne&#8216;, il invite le lecteur \u00e0 prendre place au sein<br \/>\nd&#8217;une cord\u00e9e, en altitude, \u00e0 s&#8217;imaginer ce que pouvait repr\u00e9senter une<br \/>\nascension sur rocher, sur neige ou sur glace \u00e0 l&#8217;\u00e9poque de l&#8217;alpinisme de<br \/>\nconqu\u00eate. EMOUVANT, nostalgique, il retrace les grands moments de la conqu\u00eate<br \/>\ndes Alpes en donnant alternativement la parole \u00e0 des photographes et des<br \/>\nascensionnistes de renom et \u00e0 des anonymes dont on d\u00e9couvre les clich\u00e9s<br \/>\nsaisissants et m\u00e9connus.<\/p>","protected":false},"excerpt":{"rendered":"<p>AMOUREUX de la montagne, passionn\u00e9s d&#8217;alpinisme et d&#8217;escalade, amateurs de photos autant que d&#8217;histoire de la photo, ce livre s&#8217;adresse \u00e0 des publics vari\u00e9s. Il frappe par la richesse de son iconographie : 260 documents exceptionnels trait\u00e9s en six tons, in\u00e9dits pour beaucoup, issus de fonds priv\u00e9s, de collections particuli\u00e8res ou des archives du Club [&#8230;]\n","protected":false},"featured_media":31773,"template":"","meta":[],"product_brand":[],"product_cat":[21580],"product_tag":[],"class_list":{"0":"post-147752","1":"product","2":"type-product","3":"status-publish","4":"has-post-thumbnail","6":"product_cat-kunst-kultur","7":"pa_autor-frangne-jullien-poncet","8":"pa_erscheinungsjahr-21763","9":"pa_region-frankreich","10":"pa_sprache-fr","12":"first","13":"outofstock","14":"taxable","15":"shipping-taxable","16":"purchasable","17":"product-type-simple"},"_links":{"self":[{"href":"https:\/\/pizbube.ch\/en\/wp-json\/wp\/v2\/product\/147752","targetHints":{"allow":["GET"]}}],"collection":[{"href":"https:\/\/pizbube.ch\/en\/wp-json\/wp\/v2\/product"}],"about":[{"href":"https:\/\/pizbube.ch\/en\/wp-json\/wp\/v2\/types\/product"}],"wp:featuredmedia":[{"embeddable":true,"href":"https:\/\/pizbube.ch\/en\/wp-json\/wp\/v2\/media\/31773"}],"wp:attachment":[{"href":"https:\/\/pizbube.ch\/en\/wp-json\/wp\/v2\/media?parent=147752"}],"wp:term":[{"taxonomy":"product_brand","embeddable":true,"href":"https:\/\/pizbube.ch\/en\/wp-json\/wp\/v2\/product_brand?post=147752"},{"taxonomy":"product_cat","embeddable":true,"href":"https:\/\/pizbube.ch\/en\/wp-json\/wp\/v2\/product_cat?post=147752"},{"taxonomy":"product_tag","embeddable":true,"href":"https:\/\/pizbube.ch\/en\/wp-json\/wp\/v2\/product_tag?post=147752"}],"curies":[{"name":"wp","href":"https:\/\/api.w.org\/{rel}","templated":true}]}}