{"id":147754,"date":"2021-01-15T10:55:51","date_gmt":"2021-01-15T10:55:51","guid":{"rendered":"https:\/\/codengine3.ch\/?product=import-placeholder-for-206342"},"modified":"2021-01-15T14:48:14","modified_gmt":"2021-01-15T14:48:14","slug":"montagne","status":"publish","type":"product","link":"https:\/\/pizbube.ch\/en\/shop\/montagne\/","title":{"rendered":"Montagne"},"content":{"rendered":"<p>De loin, on admire Les montagnes. De pr\u00e8s, la montagne est un miroir dans<br \/>\nlequel se r\u00e9fl\u00e9chit la folie des hommes qui l&#8217;ont r\u00eav\u00e9e. Et ces images<br \/>\nd&#8217;hommes, braves ou terroris\u00e9s, vainqueurs ou victimes, \u00e9merveill\u00e9s,<br \/>\nintimid\u00e9s, subjugu\u00e9s&#8230; constituent le t\u00e9moignage bouleversant d&#8217;une double<br \/>\naventure humaine: l&#8217;exploration des montagnes et de leurs sommets par l&#8217;homme,<br \/>\net la d\u00e9couverte de l&#8217;homme et de ses propres limites \u00e0 travers la montagne.  <\/p>\n<p>Au d\u00e9tour de quelque trois cents documents, pour la plupart in\u00e9dits &#8211;<br \/>\nphotographies, gravures, affiches, cartes postales&#8230; -, ce livre est un<br \/>\nvoyage \u00e0 travers deux cents ans d&#8217;histoire de la montagne, depuis les<br \/>\npremi\u00e8res explorations du mont Blanc au XVIIIe si\u00e8cle par des acensionnistes<br \/>\nen habits de soie, jusqu&#8217;\u00e0 la conqu\u00eate des grandes faces nord dans les ann\u00e9es<br \/>\n1930 au terme d&#8217;une comp\u00e9tition acharn\u00e9e, en passant par la naissance des<br \/>\nsports d&#8217;hiver et le d\u00e9veloppement du tourisme alpin dans les &#8218;belles ann\u00e9es&#8216;,<br \/>\ncelles o\u00f9 les femmes pratiquaient le ski en robe, et o\u00f9 les &#8218;voyageurs&#8216;<br \/>\nendimanch\u00e9s posaient sur la mer de Glace dans des chaussons de laine pour<br \/>\n\u00e9viter les glissades.  <\/p>","protected":false},"excerpt":{"rendered":"<p>De loin, on admire Les montagnes. De pr\u00e8s, la montagne est un miroir dans lequel se r\u00e9fl\u00e9chit la folie des hommes qui l&#8217;ont r\u00eav\u00e9e. Et ces images d&#8217;hommes, braves ou terroris\u00e9s, vainqueurs ou victimes, \u00e9merveill\u00e9s, intimid\u00e9s, subjugu\u00e9s&#8230; constituent le t\u00e9moignage bouleversant d&#8217;une double aventure humaine: l&#8217;exploration des montagnes et de leurs sommets par l&#8217;homme, et [&#8230;]\n","protected":false},"featured_media":35346,"template":"","meta":[],"product_brand":[],"product_cat":[21542],"product_tag":[],"class_list":{"0":"post-147754","1":"product","2":"type-product","3":"status-publish","4":"has-post-thumbnail","6":"product_cat-sachbuecher-dokumentationen","7":"pa_autor-ballu","8":"pa_erscheinungsjahr-21830","9":"pa_region-frankreich","10":"pa_sprache-fr","12":"first","13":"instock","14":"taxable","15":"shipping-taxable","16":"purchasable","17":"product-type-simple"},"_links":{"self":[{"href":"https:\/\/pizbube.ch\/en\/wp-json\/wp\/v2\/product\/147754","targetHints":{"allow":["GET"]}}],"collection":[{"href":"https:\/\/pizbube.ch\/en\/wp-json\/wp\/v2\/product"}],"about":[{"href":"https:\/\/pizbube.ch\/en\/wp-json\/wp\/v2\/types\/product"}],"wp:featuredmedia":[{"embeddable":true,"href":"https:\/\/pizbube.ch\/en\/wp-json\/wp\/v2\/media\/35346"}],"wp:attachment":[{"href":"https:\/\/pizbube.ch\/en\/wp-json\/wp\/v2\/media?parent=147754"}],"wp:term":[{"taxonomy":"product_brand","embeddable":true,"href":"https:\/\/pizbube.ch\/en\/wp-json\/wp\/v2\/product_brand?post=147754"},{"taxonomy":"product_cat","embeddable":true,"href":"https:\/\/pizbube.ch\/en\/wp-json\/wp\/v2\/product_cat?post=147754"},{"taxonomy":"product_tag","embeddable":true,"href":"https:\/\/pizbube.ch\/en\/wp-json\/wp\/v2\/product_tag?post=147754"}],"curies":[{"name":"wp","href":"https:\/\/api.w.org\/{rel}","templated":true}]}}