{"id":147755,"date":"2021-01-15T10:55:51","date_gmt":"2021-01-15T10:55:51","guid":{"rendered":"https:\/\/codengine3.ch\/?product=import-placeholder-for-202074"},"modified":"2021-01-15T12:33:09","modified_gmt":"2021-01-15T12:33:09","slug":"fragile","status":"publish","type":"product","link":"https:\/\/pizbube.ch\/en\/shop\/fragile\/","title":{"rendered":"Fragile"},"content":{"rendered":"<p>Je ne connais pas non plus de photographe de montagne qui s`int\u00e9resse<br \/>\ndavantage aux hommes qu`aux paysages. Je n`ai jamais fr\u00e9quent\u00e9 de guide qui<br \/>\nait autant parcouru le monde pour d`autres raisons que la montagne! (Gu\u00e9rin)<br \/>\nInstall\u00e9 \u00e0 Villard-de-Lans, cet ancien guide de haute montagne, ce voyageur<br \/>\nimp\u00e9nitent, cet accompagnateur de missions humanitaires nourrit son art de<br \/>\ntoutes ses passions ; de tous ses chagrins aussi. Son exp\u00e9rience de la vie a<br \/>\nfait de lui un t\u00e9moin.<br \/>\nMais un t\u00e9moin que le scrupule assaille. Fragile, oui, comme la paix, comme la<br \/>\nvie, comme l?amour. P\u00e9tries d?\u00e9motion, ces photos-l\u00e0 ne pr\u00e9tendent pas faire<br \/>\njoli.<\/p>","protected":false},"excerpt":{"rendered":"<p>Je ne connais pas non plus de photographe de montagne qui s`int\u00e9resse davantage aux hommes qu`aux paysages. Je n`ai jamais fr\u00e9quent\u00e9 de guide qui ait autant parcouru le monde pour d`autres raisons que la montagne! (Gu\u00e9rin) Install\u00e9 \u00e0 Villard-de-Lans, cet ancien guide de haute montagne, ce voyageur imp\u00e9nitent, cet accompagnateur de missions humanitaires nourrit son [&#8230;]\n","protected":false},"featured_media":36458,"template":"","meta":[],"product_brand":[],"product_cat":[21580],"product_tag":[],"class_list":{"0":"post-147755","1":"product","2":"type-product","3":"status-publish","4":"has-post-thumbnail","6":"product_cat-kunst-kultur","7":"pa_autor-ravel","8":"pa_erscheinungsjahr-21750","9":"pa_region-frankreich","10":"pa_sprache-fr","12":"first","13":"instock","14":"taxable","15":"shipping-taxable","16":"purchasable","17":"product-type-simple"},"_links":{"self":[{"href":"https:\/\/pizbube.ch\/en\/wp-json\/wp\/v2\/product\/147755","targetHints":{"allow":["GET"]}}],"collection":[{"href":"https:\/\/pizbube.ch\/en\/wp-json\/wp\/v2\/product"}],"about":[{"href":"https:\/\/pizbube.ch\/en\/wp-json\/wp\/v2\/types\/product"}],"wp:featuredmedia":[{"embeddable":true,"href":"https:\/\/pizbube.ch\/en\/wp-json\/wp\/v2\/media\/36458"}],"wp:attachment":[{"href":"https:\/\/pizbube.ch\/en\/wp-json\/wp\/v2\/media?parent=147755"}],"wp:term":[{"taxonomy":"product_brand","embeddable":true,"href":"https:\/\/pizbube.ch\/en\/wp-json\/wp\/v2\/product_brand?post=147755"},{"taxonomy":"product_cat","embeddable":true,"href":"https:\/\/pizbube.ch\/en\/wp-json\/wp\/v2\/product_cat?post=147755"},{"taxonomy":"product_tag","embeddable":true,"href":"https:\/\/pizbube.ch\/en\/wp-json\/wp\/v2\/product_tag?post=147755"}],"curies":[{"name":"wp","href":"https:\/\/api.w.org\/{rel}","templated":true}]}}