{"id":147756,"date":"2021-01-15T10:55:51","date_gmt":"2021-01-15T10:55:51","guid":{"rendered":"https:\/\/codengine3.ch\/?product=import-placeholder-for-204760"},"modified":"2021-01-15T14:36:05","modified_gmt":"2021-01-15T14:36:05","slug":"la-montagne-a-la-une-60-ans-de-drames-et-de-triomphes","status":"publish","type":"product","link":"https:\/\/pizbube.ch\/en\/shop\/la-montagne-a-la-une-60-ans-de-drames-et-de-triomphes\/","title":{"rendered":"La Montagne \u00e0 la Une &#8211; 60 ANS DE DRAMES ET DE TRIOMPHES"},"content":{"rendered":"<p>Paris Match 60 Ans de Reportages<\/p>\n<p>Depuis l\u2019enfance puis ensuite en pr\u00e9parant mes premi\u00e8res courses gr\u00e2ce \u00e0<br \/>\nMatch, le plus populaire des hebdomadaires fran\u00e7ais j\u2019ai toujours suivi les<br \/>\nexploits des alpinistes que j\u2019admire. Au d\u00e9part de cette histoire d\u2019amour<br \/>\npartag\u00e9e il y a d\u2019abord l\u2019ascension de l\u2019Annapurna par Herzog et Lachenal,<br \/>\nv\u00e9ritable roman en images. Histoire de fiert\u00e9 nationale devenue le feuilleton<br \/>\nd\u2019une aventure qui aujourd\u2019hui encore fait pol\u00e9mique. Plus tard sous<br \/>\nl\u2019impulsion de Roger Th\u00e9ron, que j\u2019ai eu la chance de conna\u00eetre, la montagne a<br \/>\ntrouv\u00e9 son v\u00e9ritable porte voix.<br \/>\nCes pages magnifiques valorisent les hommes et les sommets. Elles sont<br \/>\ndevenues le miroir des conqu\u00eates ou des drames de ces soixante derni\u00e8res<br \/>\nann\u00e9es. Dans un monde d\u2019exploits essentiellement masculins j\u2019ai plusieurs fois<br \/>\n\u00e9t\u00e9 mise \u00e0 l\u2019honneur. Au fil des ans, j\u2019ai pu construire une relation \u00e9troite<br \/>\navec la r\u00e9daction du titre.  <\/p>\n<p>De cette amiti\u00e9 est n\u00e9e l\u2019id\u00e9e de ce livre qui m\u2019a donn\u00e9 envie de revenir sur<br \/>\nces h\u00e9ros et ces moments forts. L\u2019esprit de la montagne sur papier glac\u00e9. Le<br \/>\npoids des mots, le choc des photos. Tous ces reportages qui servis par une<br \/>\nbelle mise en page ambitieuse ont guid\u00e9 ma passion. Match a fa\u00e7onn\u00e9 l\u2019histoire<br \/>\nde l\u2019alpinisme moderne en mettantla montagne \u00e0 la Une<\/p>\n<p>Buchbesprechung von Daniel Anker: [bergliteratur]()<\/p>\n","protected":false},"excerpt":{"rendered":"<p>Paris Match 60 Ans de Reportages Depuis l\u2019enfance puis ensuite en pr\u00e9parant mes premi\u00e8res courses gr\u00e2ce \u00e0 Match, le plus populaire des hebdomadaires fran\u00e7ais j\u2019ai toujours suivi les exploits des alpinistes que j\u2019admire. Au d\u00e9part de cette histoire d\u2019amour partag\u00e9e il y a d\u2019abord l\u2019ascension de l\u2019Annapurna par Herzog et Lachenal, v\u00e9ritable roman en images. [&#8230;]\n","protected":false},"featured_media":33194,"template":"","meta":[],"product_brand":[],"product_cat":[21542],"product_tag":[],"class_list":{"0":"post-147756","1":"product","2":"type-product","3":"status-publish","4":"has-post-thumbnail","6":"product_cat-sachbuecher-dokumentationen","7":"pa_autor-bonheme-destivelle","8":"pa_erscheinungsjahr-21568","9":"pa_region-frankreich","10":"pa_sprache-fr","12":"first","13":"instock","14":"taxable","15":"shipping-taxable","16":"purchasable","17":"product-type-simple"},"_links":{"self":[{"href":"https:\/\/pizbube.ch\/en\/wp-json\/wp\/v2\/product\/147756","targetHints":{"allow":["GET"]}}],"collection":[{"href":"https:\/\/pizbube.ch\/en\/wp-json\/wp\/v2\/product"}],"about":[{"href":"https:\/\/pizbube.ch\/en\/wp-json\/wp\/v2\/types\/product"}],"wp:featuredmedia":[{"embeddable":true,"href":"https:\/\/pizbube.ch\/en\/wp-json\/wp\/v2\/media\/33194"}],"wp:attachment":[{"href":"https:\/\/pizbube.ch\/en\/wp-json\/wp\/v2\/media?parent=147756"}],"wp:term":[{"taxonomy":"product_brand","embeddable":true,"href":"https:\/\/pizbube.ch\/en\/wp-json\/wp\/v2\/product_brand?post=147756"},{"taxonomy":"product_cat","embeddable":true,"href":"https:\/\/pizbube.ch\/en\/wp-json\/wp\/v2\/product_cat?post=147756"},{"taxonomy":"product_tag","embeddable":true,"href":"https:\/\/pizbube.ch\/en\/wp-json\/wp\/v2\/product_tag?post=147756"}],"curies":[{"name":"wp","href":"https:\/\/api.w.org\/{rel}","templated":true}]}}