{"id":147757,"date":"2021-01-15T10:55:51","date_gmt":"2021-01-15T10:55:51","guid":{"rendered":"https:\/\/codengine3.ch\/?product=import-placeholder-for-204063"},"modified":"2021-01-15T14:29:24","modified_gmt":"2021-01-15T14:29:24","slug":"vrin-am-ende-oder-nur-zuhinderst","status":"publish","type":"product","link":"https:\/\/pizbube.ch\/en\/shop\/vrin-am-ende-oder-nur-zuhinderst\/","title":{"rendered":"Vrin &#8211; am Ende oder nur zuhinderst?"},"content":{"rendered":"<p>Das B\u00fcndner Dorf Vrin, zuhinterst im Lugnez, 50 km von Chur entfernt, ist eine<br \/>\nReise wert. Der einheimische Architekt Gion Antoni Caminada hat als Vordenker<br \/>\ndas Dorf neu gestaltet. Trotzdem hat Vrin mit der Abwanderung zu k\u00e4mfen. Die<br \/>\nwirtschafltichen Analysen und Ausblicke des Autors Peter Rieder sind<br \/>\nbeunruhigend. Neben den historischen und wirtschatlichen Analysen enth\u00e4lt<br \/>\ndieses Buch sehr pers\u00f6nliche Beitr\u00e4ge von Einheimischen. So erz\u00e4hlen ein<br \/>\nBauer, ein Schreiner, der Pfarrer, die \u00c4rztin und der Achitekt von ihren<br \/>\nErlebnissen. Als Erg\u00e4nzung wird auch Gleiches und Unterschiedliches zwischen<br \/>\nVrin und Vals aufgezeigt.<\/p>","protected":false},"excerpt":{"rendered":"<p>Das B\u00fcndner Dorf Vrin, zuhinterst im Lugnez, 50 km von Chur entfernt, ist eine Reise wert. Der einheimische Architekt Gion Antoni Caminada hat als Vordenker das Dorf neu gestaltet. Trotzdem hat Vrin mit der Abwanderung zu k\u00e4mfen. Die wirtschafltichen Analysen und Ausblicke des Autors Peter Rieder sind beunruhigend. Neben den historischen und wirtschatlichen Analysen enth\u00e4lt [&#8230;]\n","protected":false},"featured_media":31806,"template":"","meta":[],"product_brand":[],"product_cat":[21542],"product_tag":[],"class_list":{"0":"post-147757","1":"product","2":"type-product","3":"status-publish","4":"has-post-thumbnail","6":"product_cat-sachbuecher-dokumentationen","7":"pa_autor-rieder","8":"pa_erscheinungsjahr-21763","9":"pa_region-schweiz","10":"pa_sprache-de","12":"first","13":"outofstock","14":"taxable","15":"shipping-taxable","16":"purchasable","17":"product-type-simple"},"_links":{"self":[{"href":"https:\/\/pizbube.ch\/en\/wp-json\/wp\/v2\/product\/147757","targetHints":{"allow":["GET"]}}],"collection":[{"href":"https:\/\/pizbube.ch\/en\/wp-json\/wp\/v2\/product"}],"about":[{"href":"https:\/\/pizbube.ch\/en\/wp-json\/wp\/v2\/types\/product"}],"wp:featuredmedia":[{"embeddable":true,"href":"https:\/\/pizbube.ch\/en\/wp-json\/wp\/v2\/media\/31806"}],"wp:attachment":[{"href":"https:\/\/pizbube.ch\/en\/wp-json\/wp\/v2\/media?parent=147757"}],"wp:term":[{"taxonomy":"product_brand","embeddable":true,"href":"https:\/\/pizbube.ch\/en\/wp-json\/wp\/v2\/product_brand?post=147757"},{"taxonomy":"product_cat","embeddable":true,"href":"https:\/\/pizbube.ch\/en\/wp-json\/wp\/v2\/product_cat?post=147757"},{"taxonomy":"product_tag","embeddable":true,"href":"https:\/\/pizbube.ch\/en\/wp-json\/wp\/v2\/product_tag?post=147757"}],"curies":[{"name":"wp","href":"https:\/\/api.w.org\/{rel}","templated":true}]}}