{"id":147759,"date":"2021-01-15T10:55:51","date_gmt":"2021-01-15T10:55:51","guid":{"rendered":"https:\/\/codengine3.ch\/?product=import-placeholder-for-202189"},"modified":"2021-01-15T12:34:10","modified_gmt":"2021-01-15T12:34:10","slug":"naranjo-de-bulnes","status":"publish","type":"product","link":"https:\/\/pizbube.ch\/en\/shop\/naranjo-de-bulnes\/","title":{"rendered":"Naranjo de Bulnes"},"content":{"rendered":"<p>Monograf\u00eda sobre el Naranjo de Bulnes en la que se hace referencia a toda su<br \/>\nhistoria, desde su nacimiento geol\u00f3gico, pasando por las primeras tentativas<br \/>\nde ascensi\u00f3n y pol\u00e9micas topon\u00edmicas, a las \u00faltimas l\u00edneas abiertas en estos<br \/>\na\u00f1os por sus ya abigarradas paredes. Con todas las rutas sobreimpresas en<br \/>\nfotograf\u00edas a color.<br \/>\nWith climbing topos!<\/p>","protected":false},"excerpt":{"rendered":"<p>Monograf\u00eda sobre el Naranjo de Bulnes en la que se hace referencia a toda su historia, desde su nacimiento geol\u00f3gico, pasando por las primeras tentativas de ascensi\u00f3n y pol\u00e9micas topon\u00edmicas, a las \u00faltimas l\u00edneas abiertas en estos a\u00f1os por sus ya abigarradas paredes. Con todas las rutas sobreimpresas en fotograf\u00edas a color. With climbing topos!<\/p>","protected":false},"featured_media":29580,"template":"","meta":[],"product_brand":[],"product_cat":[21542],"product_tag":[],"class_list":{"0":"post-147759","1":"product","2":"type-product","3":"status-publish","4":"has-post-thumbnail","6":"product_cat-sachbuecher-dokumentationen","7":"pa_autor-cubillas","8":"pa_erscheinungsjahr-21750","9":"pa_region-spanien","10":"pa_sprache-sp","12":"first","13":"instock","14":"taxable","15":"shipping-taxable","16":"purchasable","17":"product-type-simple"},"_links":{"self":[{"href":"https:\/\/pizbube.ch\/en\/wp-json\/wp\/v2\/product\/147759","targetHints":{"allow":["GET"]}}],"collection":[{"href":"https:\/\/pizbube.ch\/en\/wp-json\/wp\/v2\/product"}],"about":[{"href":"https:\/\/pizbube.ch\/en\/wp-json\/wp\/v2\/types\/product"}],"wp:featuredmedia":[{"embeddable":true,"href":"https:\/\/pizbube.ch\/en\/wp-json\/wp\/v2\/media\/29580"}],"wp:attachment":[{"href":"https:\/\/pizbube.ch\/en\/wp-json\/wp\/v2\/media?parent=147759"}],"wp:term":[{"taxonomy":"product_brand","embeddable":true,"href":"https:\/\/pizbube.ch\/en\/wp-json\/wp\/v2\/product_brand?post=147759"},{"taxonomy":"product_cat","embeddable":true,"href":"https:\/\/pizbube.ch\/en\/wp-json\/wp\/v2\/product_cat?post=147759"},{"taxonomy":"product_tag","embeddable":true,"href":"https:\/\/pizbube.ch\/en\/wp-json\/wp\/v2\/product_tag?post=147759"}],"curies":[{"name":"wp","href":"https:\/\/api.w.org\/{rel}","templated":true}]}}