{"id":147760,"date":"2021-01-15T10:55:51","date_gmt":"2021-01-15T10:55:51","guid":{"rendered":"https:\/\/codengine3.ch\/?product=import-placeholder-for-203095"},"modified":"2021-09-29T16:19:49","modified_gmt":"2021-09-29T14:19:49","slug":"picos-de-europa-universe-of-rock-vol-2","status":"publish","type":"product","link":"https:\/\/pizbube.ch\/en\/shop\/picos-de-europa-universe-of-rock-vol-2\/","title":{"rendered":"Picos de Europa Universe of Rock, Vol. 2"},"content":{"rendered":"<p>The Picos de Europa: a universe of rock, snow and light. This book offers s<br \/>\ntrip narrated with astonishing images. This second volume (Cantabrian<br \/>\nside)completes a view of these mountains and its wild life throughout its 74<br \/>\npages!<\/p>\n<p>Este segundo volumen completa a lo largo de sus p\u00e1ginas una visi\u00f3n de estas<br \/>\nmonta\u00f1as, su flora y su fauna. Ayuda a ello un desplegable magn\u00edfico de la<br \/>\nzona sur &#8211; oriental del sector del Naranjo de Bulnes. Como en el tomo<br \/>\nanterior, un plano y una vista en tres dimensiones nos permiten tener una<br \/>\nclara visi\u00f3n de conjunto y situar con facilidad los distintos lugares, dentro<br \/>\nde un territorio de configuraci\u00f3n tan compleja.<\/p>","protected":false},"excerpt":{"rendered":"<p>The Picos de Europa: a universe of rock, snow and light. This book offers s trip narrated with astonishing images. This second volume (Cantabrian side)completes a view of these mountains and its wild life throughout its 74 pages! Este segundo volumen completa a lo largo de sus p\u00e1ginas una visi\u00f3n de estas monta\u00f1as, su flora [&#8230;]\n","protected":false},"featured_media":30623,"template":"","meta":[],"product_brand":[],"product_cat":[21542],"product_tag":[],"class_list":{"0":"post-147760","1":"product","2":"type-product","3":"status-publish","4":"has-post-thumbnail","6":"product_cat-sachbuecher-dokumentationen","7":"pa_autor-ormeno","8":"pa_erscheinungsjahr-22292","9":"pa_region-spanien","10":"pa_sprache-e","11":"pa_sprache-f","12":"pa_sprache-sp","14":"first","15":"outofstock","16":"taxable","17":"shipping-taxable","18":"purchasable","19":"product-type-simple"},"_links":{"self":[{"href":"https:\/\/pizbube.ch\/en\/wp-json\/wp\/v2\/product\/147760","targetHints":{"allow":["GET"]}}],"collection":[{"href":"https:\/\/pizbube.ch\/en\/wp-json\/wp\/v2\/product"}],"about":[{"href":"https:\/\/pizbube.ch\/en\/wp-json\/wp\/v2\/types\/product"}],"wp:featuredmedia":[{"embeddable":true,"href":"https:\/\/pizbube.ch\/en\/wp-json\/wp\/v2\/media\/30623"}],"wp:attachment":[{"href":"https:\/\/pizbube.ch\/en\/wp-json\/wp\/v2\/media?parent=147760"}],"wp:term":[{"taxonomy":"product_brand","embeddable":true,"href":"https:\/\/pizbube.ch\/en\/wp-json\/wp\/v2\/product_brand?post=147760"},{"taxonomy":"product_cat","embeddable":true,"href":"https:\/\/pizbube.ch\/en\/wp-json\/wp\/v2\/product_cat?post=147760"},{"taxonomy":"product_tag","embeddable":true,"href":"https:\/\/pizbube.ch\/en\/wp-json\/wp\/v2\/product_tag?post=147760"}],"curies":[{"name":"wp","href":"https:\/\/api.w.org\/{rel}","templated":true}]}}