{"id":147761,"date":"2021-01-15T10:55:51","date_gmt":"2021-01-15T10:55:51","guid":{"rendered":"https:\/\/codengine3.ch\/?product=import-placeholder-for-201207"},"modified":"2025-08-05T12:01:09","modified_gmt":"2025-08-05T10:01:09","slug":"roca-verde-sport-climbing-in-north-west-spain-asturias-cantabria-leon","status":"publish","type":"product","link":"https:\/\/pizbube.ch\/en\/shop\/roca-verde-sport-climbing-in-north-west-spain-asturias-cantabria-leon\/","title":{"rendered":"Roca Verde 3 &#8211; Sport Climbing in North West Spain, Asturias, Cantabria &amp; Leon"},"content":{"rendered":"<p>Totally revised and updated, this new 3. version comes jam-packed with even more crags and routes across the regions of Asturias, Cantabria and Leon in north-west Spain.<\/p>\n<p>This new third edition is bigger and better than ever and is totally revised and updated. It&#8217;s jam-packed with even more crags and routes across the regions of Asturias, Cantabria and Leon in north-west Spain. This time it has 80 crags, 280 sectors and nearly 4500 routes.<\/p>\n<p>Every topo has been overhauled and updated with new colours for each grade of route: making an &#8218;at a glance&#8216; assessment of each sector for your grade much easier. In addition there are even more superb photos, from some of the regions&#8216; best photographers, featuring some of the best routes and climbers in the area capturing the spirit of each crag. In this new edition there is also an exclusive overview of the bouldering in Asturias; giving you directions and downloads of topos for some of the best spots.<\/p>\n<p>Finally, (and maybe a first in climbing guidebooks), there are QR codes scattered throughout the book linking to videos of various routes and boulder problems across the regions. In this way you can get an even stronger flavour of the venues and get some &#8217;sweaty-palm&#8216; psyche even before you arrive.<\/p>\n<p>English and Spanish text.<\/p>\n<p>Author: Richie Patterson<br \/>\nNo of Pages: 512<br \/>\nPage Size: 148 x 210 mm<br \/>\nPublished Date: July 2021<br \/>\nEdition: 3rd ed, 2021<br \/>\nBinding: Paperback<br \/>\nIllustrations: col photo topos and photos<\/p>\n<p>&nbsp;<\/p>\n<p>Ampliada y mejor que nunca, esta gu\u00eda contiene 80 escuelas y m\u00e1s de 4500 v\u00edas en el noroeste de Espa\u00f1a para hacer que la gu\u00eda m\u00e1s vendida de la regi\u00f3n sea a\u00fan m\u00e1s imprescindible. Totalmente revisada y actualizada, esta nueva versi\u00f3n, que cubre las regiones de Asturias, Cantabria y Le\u00f3n, cuenta con las \u00faltimas v\u00edas, un mont\u00f3n de nuevos sectores y fotos a\u00fan m\u00e1s espectaculares que te acelerar\u00e1n el pulso incluso antes de llegar.<\/p>\n<p>Trabajando con muchos de los equipadores m\u00e1s activos de cada \u00e1rea, hemos agregado un mont\u00f3n de escuelas nunca antes publicadas, as\u00ed como nuevos sectores en escuelas existentes y algunas otras escuelas olvidadas en la primera edici\u00f3n.<\/p>\n<p>Todas las rese\u00f1as han sido revisadas y actualizadas, con la novedad de que los grados de dificultad se distinguen por colores, lo cual facilita la elecci\u00f3n del sector con una r\u00e1pida ojeada. Se han a\u00f1adido m\u00e1s fotos de excelente calidad, de las mejores v\u00edas y escaladores locales, tomadas por algunos de los mejores fot\u00f3grafos de la regi\u00f3n en su af\u00e1n de capturar la esencia de cada zona. Esta nueva edici\u00f3n tambi\u00e9n ofrece una visi\u00f3n general de la escalada en bloque en Asturias, con indicaciones sobre la localizaci\u00f3n y las rese\u00f1as de algunos de los mejores lugares para su pr\u00e1ctica. Por \u00faltimo hay c\u00f3digos QR que enlazan con v\u00eddeos de v\u00edas y problemas de escalada de la regi\u00f3n, con el fin de ofrecer una visi\u00f3n m\u00e1s profunda del ambiente en cada zona, as\u00ed como un anticipo de la sensaci\u00f3n de &#171;sudoraci\u00f3n en las manos&#187;, incluso antes de visitarlas.<\/p>\n<p>En resumen: m\u00e1s de 80 zonas, 280 sectores y m\u00e1s de 4500 v\u00edas de escalada, una s\u00edntesis de la escalada<br \/>\nen bloque, enlaces a v\u00eddeos, y m\u00e1s de 200 fotos a todo color, que convierten a esta gu\u00eda en la m\u00e1s vendida, imprescindible para la &#171;regi\u00f3n de la Roca Verde&#187;.<\/p>","protected":false},"excerpt":{"rendered":"<p>Totally revised and updated, this new 3. version comes jam-packed with even more crags and routes across the regions of Asturias, Cantabria and Leon in north-west Spain. This new third edition is bigger and better than ever and is totally revised and updated. It&#8217;s jam-packed with even more crags and routes across the regions of [&#8230;]\n","protected":false},"featured_media":157517,"template":"","meta":[],"product_brand":[],"product_cat":[21539],"product_tag":[26870,27474,26871,27477],"class_list":{"0":"post-147761","1":"product","2":"type-product","3":"status-publish","4":"has-post-thumbnail","6":"product_cat-fuehrerliteratur-sportklettern-bouldern","7":"product_tag-asturien","8":"product_tag-cantabricia-cantabrica","9":"product_tag-kantabrien","10":"product_tag-rocca-verde-3","11":"pa_autor-patterson","12":"pa_erscheinungsjahr-27013","13":"pa_region-spanien","14":"pa_sprache-en-es","16":"first","17":"instock","18":"taxable","19":"shipping-taxable","20":"purchasable","21":"product-type-simple"},"_links":{"self":[{"href":"https:\/\/pizbube.ch\/en\/wp-json\/wp\/v2\/product\/147761","targetHints":{"allow":["GET"]}}],"collection":[{"href":"https:\/\/pizbube.ch\/en\/wp-json\/wp\/v2\/product"}],"about":[{"href":"https:\/\/pizbube.ch\/en\/wp-json\/wp\/v2\/types\/product"}],"wp:featuredmedia":[{"embeddable":true,"href":"https:\/\/pizbube.ch\/en\/wp-json\/wp\/v2\/media\/157517"}],"wp:attachment":[{"href":"https:\/\/pizbube.ch\/en\/wp-json\/wp\/v2\/media?parent=147761"}],"wp:term":[{"taxonomy":"product_brand","embeddable":true,"href":"https:\/\/pizbube.ch\/en\/wp-json\/wp\/v2\/product_brand?post=147761"},{"taxonomy":"product_cat","embeddable":true,"href":"https:\/\/pizbube.ch\/en\/wp-json\/wp\/v2\/product_cat?post=147761"},{"taxonomy":"product_tag","embeddable":true,"href":"https:\/\/pizbube.ch\/en\/wp-json\/wp\/v2\/product_tag?post=147761"}],"curies":[{"name":"wp","href":"https:\/\/api.w.org\/{rel}","templated":true}]}}