{"id":147763,"date":"2021-01-15T10:55:51","date_gmt":"2021-01-15T10:55:51","guid":{"rendered":"https:\/\/codengine3.ch\/?product=import-placeholder-for-205399"},"modified":"2023-04-06T09:20:21","modified_gmt":"2023-04-06T07:20:21","slug":"picos-de-europa-die-schoensten-tal-und-bergwanderungen","status":"publish","type":"product","link":"https:\/\/pizbube.ch\/en\/shop\/picos-de-europa-die-schoensten-tal-und-bergwanderungen\/","title":{"rendered":"Picos de Europa &#8211; Die sch\u00f6nsten Tal- und Bergwanderungen"},"content":{"rendered":"<p>Die sch\u00f6nsten Tal- und Bergwanderungen ; 52 Touren<\/p>\n<p>Der Nationalpark Picos de Europa ist der \u00e4lteste Spaniens und mit einer<br \/>\nAusdehnung von rund 65.000 Hektar einer der gr\u00f6\u00dften Europas. Seefahrern<br \/>\ndienten die kalk- und schneewei\u00dfen &#8218;Bergspitzen Europas&#8216; schon vor<br \/>\nJahrhunderten als eine der ersten Wegmarken bei der Einfahrt in den Golf von<br \/>\nBiscaya. Im 18. Jahrhundert entdeckten unter anderem auch deutsche Romantiker<br \/>\nund Forscher das schroffe, von den Gewalten der Natur und dem Willen des<br \/>\nMenschen gepr\u00e4gte Gebirgsmassiv im Norden Spaniens. Bereits 1918 unter<br \/>\nh\u00f6chsten Schutz gestellt, erleben Wanderer heute eine der faszinierendsten<br \/>\nLandschaften Spaniens. Nur 20 Kilometer von der Atlantikk\u00fcste entfernt ragt<br \/>\nder Gebirgsstock mit \u00fcber 2600 m hohen Gipfeln auf. Mit seinen lieblichen<br \/>\nT\u00e4lern, abgeschiedenen Almen, spektakul\u00e4ren Schluchten und hochalpinen<br \/>\nBergwelten bietet er \u00e4u\u00dferst vielf\u00e4ltige und beeindruckende Erlebnisse.<\/p>\n<p>Ob gem\u00fctliche Talwanderungen, aussichtsreiche Aufstiege oder anspruchsvolle,<br \/>\nmehrt\u00e4gige H\u00fcttentouren: \u00dcber 600 genau beschriebene Wanderkilometer sowie<br \/>\nzahlreiche Varianten und Kombinationsm\u00f6glichkeiten bieten f\u00fcr jeden Geschmack<br \/>\nund jedes Wetter das Richtige, um die Urlaubstage in dieser au\u00dfergew\u00f6hnlichen<br \/>\nRegion optimal nutzen zu k\u00f6nnen. Detaillierte Wanderk\u00e4rtchen mit<br \/>\neingezeichneter Route und aussagekr\u00e4ftige H\u00f6henprofile leiten zuverl\u00e4ssig \u00fcber<br \/>\ndie Strecken; kurze Hintergrundinformationen zu Kultur und Tradition sowie<br \/>\nzahlreiche Fotos helfen zudem, die bewanderte Gegend besser kennen zu lernen.<\/p>\n<p>192 Seiten;<br \/>\n52 H\u00f6henprofile, 52 Wanderk\u00e4rtchen im Ma\u00dfstab 1:50.000\/1:75.000\/1:150.000, zwei \u00dcbersichtskarten im Ma\u00dfstab 1:400.000 und 1:700.000, GPS-Tracks zum Download<br \/>\n6., aktualisierte und erweiterte Auflage 2023<\/p>","protected":false},"excerpt":{"rendered":"<p>Die sch\u00f6nsten Tal- und Bergwanderungen ; 52 Touren Der Nationalpark Picos de Europa ist der \u00e4lteste Spaniens und mit einer Ausdehnung von rund 65.000 Hektar einer der gr\u00f6\u00dften Europas. Seefahrern dienten die kalk- und schneewei\u00dfen &#8218;Bergspitzen Europas&#8216; schon vor Jahrhunderten als eine der ersten Wegmarken bei der Einfahrt in den Golf von Biscaya. Im 18. [&#8230;]\n","protected":false},"featured_media":167042,"template":"","meta":[],"product_brand":[],"product_cat":[21605],"product_tag":[],"class_list":{"0":"post-147763","1":"product","2":"type-product","3":"status-publish","4":"has-post-thumbnail","6":"product_cat-wanderfuehrer-trekking","7":"pa_autor-rabe","8":"pa_erscheinungsjahr-27129","9":"pa_region-spanien","10":"pa_sprache-de","12":"first","13":"instock","14":"taxable","15":"shipping-taxable","16":"purchasable","17":"product-type-simple"},"_links":{"self":[{"href":"https:\/\/pizbube.ch\/en\/wp-json\/wp\/v2\/product\/147763","targetHints":{"allow":["GET"]}}],"collection":[{"href":"https:\/\/pizbube.ch\/en\/wp-json\/wp\/v2\/product"}],"about":[{"href":"https:\/\/pizbube.ch\/en\/wp-json\/wp\/v2\/types\/product"}],"wp:featuredmedia":[{"embeddable":true,"href":"https:\/\/pizbube.ch\/en\/wp-json\/wp\/v2\/media\/167042"}],"wp:attachment":[{"href":"https:\/\/pizbube.ch\/en\/wp-json\/wp\/v2\/media?parent=147763"}],"wp:term":[{"taxonomy":"product_brand","embeddable":true,"href":"https:\/\/pizbube.ch\/en\/wp-json\/wp\/v2\/product_brand?post=147763"},{"taxonomy":"product_cat","embeddable":true,"href":"https:\/\/pizbube.ch\/en\/wp-json\/wp\/v2\/product_cat?post=147763"},{"taxonomy":"product_tag","embeddable":true,"href":"https:\/\/pizbube.ch\/en\/wp-json\/wp\/v2\/product_tag?post=147763"}],"curies":[{"name":"wp","href":"https:\/\/api.w.org\/{rel}","templated":true}]}}