{"id":147764,"date":"2021-01-15T10:55:57","date_gmt":"2021-01-15T10:55:57","guid":{"rendered":"https:\/\/codengine3.ch\/?product=import-placeholder-for-206864"},"modified":"2021-01-15T14:52:48","modified_gmt":"2021-01-15T14:52:48","slug":"schwarzwald-sued","status":"publish","type":"product","link":"https:\/\/pizbube.ch\/en\/shop\/schwarzwald-sued\/","title":{"rendered":"Schwarzwald S\u00fcd"},"content":{"rendered":"<p>Die sch\u00f6nsten Wanderungen zwischen Freiburg und Basel  <\/p>\n<p>Mit dem h\u00f6chsten Gipfel der deutschen Mittelgebirge, dem 1493 Meter hohen<br \/>\nFeldberg, seinem un-gew\u00f6hnlichen Seenreichtum, seinen sonnigen Hochfl\u00e4chen und<br \/>\ndramatischen Schluchten erm\u00f6glicht der S\u00fcdschwarzwald ein Berg- und<br \/>\nNaturerlebnis ersten Ranges. Das Wandern dort ist eine Lust und eine erholsame<br \/>\nnoch dazu: Von den sonnigen Kammfluren und Gipfelmatten bietet sich eine<br \/>\nunver-gleichliche Aussicht auf die vielgestaltige Landschaft des Schwarzwalds<br \/>\nselbst und weit in die Ferne, bis hin zur Alb, den Vogesen und den wei\u00df<br \/>\nleuchtenden Gipfeln der Schweizer Alpen. Ob Feldberg, Belchen oder<br \/>\nSchauinsland, ob Hexental oder Wutachschlucht \u2013 wer die aussichtsreichen K\u00e4mme<br \/>\nund die wildromantischen T\u00e4ler des S\u00fcdschwarzwaldes erwandert, wird seinem<br \/>\nReiz erliegen.<\/p>\n<p>Bernhard Pollmann pr\u00e4sentiert die 50 lohnendsten Tal- und H\u00f6henwanderungen im<br \/>\nGebiet zwischen Freiburg, M\u00fchlheim, Waldshut und Blumberg \u2013 eine Auswahl, die<br \/>\nsowohl den Erholungssuchenden als auch den ambitionierten Wanderer befriedigt.<br \/>\nUnd wer Touren kombiniert, kann den 90 km langen Wutach-Urdonau-Trek zum<br \/>\nFeldberg unternehmen. Alle vorgestellten Wanderungen sind detailliert und<br \/>\nkenntnisreich beschrieben und mit Farbfotos, H\u00f6henprofilen sowie<br \/>\nWanderk\u00e4rtchen im Ma\u00dfstab 1:50.000, 1:75.000 oder 1:100.000 mit Routeneintrag<br \/>\nillustriert. So ergibt sich eine attraktive Zusam-menstellung aus der breiten<br \/>\nPalette der M\u00f6glichkeiten, die das Gebiet zwischen Freiburg und Rhein bietet.<br \/>\n7. Auflage 2011; 160 Seiten mit 72 Farbabbildungen<br \/>\n54 H\u00f6henprofile, 49 Wanderk\u00e4rtchen im Ma\u00dfstab 1:50.000, 1:75.000 und<br \/>\n1:100.000, f\u00fcnf \u00dcbersichtskarten im Ma\u00dfstab 1:150.000 bis 1:700.000  <\/p>","protected":false},"excerpt":{"rendered":"<p>Die sch\u00f6nsten Wanderungen zwischen Freiburg und Basel Mit dem h\u00f6chsten Gipfel der deutschen Mittelgebirge, dem 1493 Meter hohen Feldberg, seinem un-gew\u00f6hnlichen Seenreichtum, seinen sonnigen Hochfl\u00e4chen und dramatischen Schluchten erm\u00f6glicht der S\u00fcdschwarzwald ein Berg- und Naturerlebnis ersten Ranges. Das Wandern dort ist eine Lust und eine erholsame noch dazu: Von den sonnigen Kammfluren und Gipfelmatten bietet [&#8230;]\n","protected":false},"featured_media":36303,"template":"","meta":[],"product_brand":[],"product_cat":[21605],"product_tag":[],"class_list":{"0":"post-147764","1":"product","2":"type-product","3":"status-publish","4":"has-post-thumbnail","6":"product_cat-wanderfuehrer-trekking","7":"pa_autor-pollmann","8":"pa_erscheinungsjahr-21610","9":"pa_region-deutschland","10":"pa_sprache-de","12":"first","13":"instock","14":"taxable","15":"shipping-taxable","16":"purchasable","17":"product-type-simple"},"_links":{"self":[{"href":"https:\/\/pizbube.ch\/en\/wp-json\/wp\/v2\/product\/147764","targetHints":{"allow":["GET"]}}],"collection":[{"href":"https:\/\/pizbube.ch\/en\/wp-json\/wp\/v2\/product"}],"about":[{"href":"https:\/\/pizbube.ch\/en\/wp-json\/wp\/v2\/types\/product"}],"wp:featuredmedia":[{"embeddable":true,"href":"https:\/\/pizbube.ch\/en\/wp-json\/wp\/v2\/media\/36303"}],"wp:attachment":[{"href":"https:\/\/pizbube.ch\/en\/wp-json\/wp\/v2\/media?parent=147764"}],"wp:term":[{"taxonomy":"product_brand","embeddable":true,"href":"https:\/\/pizbube.ch\/en\/wp-json\/wp\/v2\/product_brand?post=147764"},{"taxonomy":"product_cat","embeddable":true,"href":"https:\/\/pizbube.ch\/en\/wp-json\/wp\/v2\/product_cat?post=147764"},{"taxonomy":"product_tag","embeddable":true,"href":"https:\/\/pizbube.ch\/en\/wp-json\/wp\/v2\/product_tag?post=147764"}],"curies":[{"name":"wp","href":"https:\/\/api.w.org\/{rel}","templated":true}]}}