{"id":147765,"date":"2021-01-15T10:55:57","date_gmt":"2021-01-15T10:55:57","guid":{"rendered":"https:\/\/codengine3.ch\/?product=import-placeholder-for-206087"},"modified":"2021-01-15T14:46:15","modified_gmt":"2021-01-15T14:46:15","slug":"fernwanderwege-schwarzwald","status":"publish","type":"product","link":"https:\/\/pizbube.ch\/en\/shop\/fernwanderwege-schwarzwald\/","title":{"rendered":"Fernwanderwege Schwarzwald"},"content":{"rendered":"<p>Westweg \u00b7 Mittelweg \u00b7 Ostweg  <\/p>\n<p>Auf der Stra\u00dfe nach S\u00fcden: Die drei bekanntesten und l\u00e4ngsten Fernwanderwege<br \/>\ndes Schwarzwaldes &#8211; Westweg, Mittelweg und Ostweg &#8211; beginnen alle in der<br \/>\nSchmuck- und Goldstadt Pforzheim am n\u00f6rdlichen Rand des Schwarzwalds und<br \/>\nf\u00fchren nach S\u00fcden bis an die Schweizer Grenze. Auf \u00fcber 700 Kilometern k\u00f6nnen<br \/>\nSie auf Schusters Rappen die verschiedenen Landschaften des Schwarzwaldes.<br \/>\nDer Schwarzwald im \u00e4u\u00dfersten S\u00fcdwesten Deutschlands ist das h\u00f6chste deutsche<br \/>\nMittelgebirge. Vertr\u00e4umte T\u00e4ler, gr\u00fcne Tannenw\u00e4lder, saftige Wiesen,<br \/>\nrauschende B\u00e4che mit klappernden M\u00fchlr\u00e4dern und zwischendurch ein paar Felsen<br \/>\nmit einem Panorama bis zu den Alpen verzaubern den Wanderer. Urige H\u00fctten,<br \/>\nBerggasth\u00f6fe und gem\u00fctliche Vesperstuben, die typische Schwarzw\u00e4lder<br \/>\nSpezialit\u00e4ten servieren, lassen keine Gaumenfreuden offen. Der Autor Martin<br \/>\nKuhnle ist geb\u00fcrtig in Pforzheim und seit fr\u00fchester Kindheit auf den<br \/>\nWanderwegen Deutschlands sowie im Alpenraum.  <\/p>\n<p>Die genauen, \u00fcbersichtlichen Etappenbeschreibungen sind mit<br \/>\nabwechslungsreichen Farbfotos illustriert und durch Wanderkarten mit<br \/>\neingezeichnetem Routenverlauf erg\u00e4nzt. Der Streckenverlauf wird jeweils durch<br \/>\nein aussagekr\u00e4ftiges H\u00f6henprofil veranschaulicht. Hinzu kommen Angaben zu<br \/>\nEinkehr- und \u00dcbernachtungsm\u00f6glichkeiten sowie zahlreiche Tipps zu<br \/>\nSehensw\u00fcrdigkeite. Auch f\u00fcr Wochenendwanderer ist der F\u00fchrer interessant, da<br \/>\nproblemlos Einzeletappen herausgegriffen werden k\u00f6nnen.<br \/>\n1. Auflage 2010; 192 Seiten mit 101 Farbabbildungen<br \/>\n41 H\u00f6henprofile, 41 Wanderk\u00e4rtchen im Ma\u00dfstab 1:100.000, 2 \u00dcbersichtskarten  <\/p>","protected":false},"excerpt":{"rendered":"<p>Westweg \u00b7 Mittelweg \u00b7 Ostweg Auf der Stra\u00dfe nach S\u00fcden: Die drei bekanntesten und l\u00e4ngsten Fernwanderwege des Schwarzwaldes &#8211; Westweg, Mittelweg und Ostweg &#8211; beginnen alle in der Schmuck- und Goldstadt Pforzheim am n\u00f6rdlichen Rand des Schwarzwalds und f\u00fchren nach S\u00fcden bis an die Schweizer Grenze. Auf \u00fcber 700 Kilometern k\u00f6nnen Sie auf Schusters Rappen [&#8230;]\n","protected":false},"featured_media":34995,"template":"","meta":[],"product_brand":[],"product_cat":[21605],"product_tag":[],"class_list":{"0":"post-147765","1":"product","2":"type-product","3":"status-publish","4":"has-post-thumbnail","6":"product_cat-wanderfuehrer-trekking","7":"pa_autor-kuhnle","8":"pa_erscheinungsjahr-21830","9":"pa_region-deutschland","10":"pa_sprache-de","12":"first","13":"instock","14":"taxable","15":"shipping-taxable","16":"purchasable","17":"product-type-simple"},"_links":{"self":[{"href":"https:\/\/pizbube.ch\/en\/wp-json\/wp\/v2\/product\/147765","targetHints":{"allow":["GET"]}}],"collection":[{"href":"https:\/\/pizbube.ch\/en\/wp-json\/wp\/v2\/product"}],"about":[{"href":"https:\/\/pizbube.ch\/en\/wp-json\/wp\/v2\/types\/product"}],"wp:featuredmedia":[{"embeddable":true,"href":"https:\/\/pizbube.ch\/en\/wp-json\/wp\/v2\/media\/34995"}],"wp:attachment":[{"href":"https:\/\/pizbube.ch\/en\/wp-json\/wp\/v2\/media?parent=147765"}],"wp:term":[{"taxonomy":"product_brand","embeddable":true,"href":"https:\/\/pizbube.ch\/en\/wp-json\/wp\/v2\/product_brand?post=147765"},{"taxonomy":"product_cat","embeddable":true,"href":"https:\/\/pizbube.ch\/en\/wp-json\/wp\/v2\/product_cat?post=147765"},{"taxonomy":"product_tag","embeddable":true,"href":"https:\/\/pizbube.ch\/en\/wp-json\/wp\/v2\/product_tag?post=147765"}],"curies":[{"name":"wp","href":"https:\/\/api.w.org\/{rel}","templated":true}]}}