{"id":147767,"date":"2021-01-15T10:55:57","date_gmt":"2021-01-15T10:55:57","guid":{"rendered":"https:\/\/codengine3.ch\/?product=import-placeholder-for-206753"},"modified":"2024-02-08T14:44:48","modified_gmt":"2024-02-08T13:44:48","slug":"blackblocks-bouldern-im-nordschwarzwald","status":"publish","type":"product","link":"https:\/\/pizbube.ch\/en\/shop\/blackblocks-bouldern-im-nordschwarzwald\/","title":{"rendered":"Blackblocs &#8211; Bouldern im Nordschwarzwald"},"content":{"rendered":"<p>Mit 7 Bouldergebieten wird zum ersten Mal die Geheimnisse der<br \/>\nBoulderm\u00f6glichkeiten im Nordschwarzwald gel\u00fcftet. Der F\u00fchrer umfasst sowohl<br \/>\ndie Boulderspots in der N\u00e4he des W\u00fcrmtals (s\u00fcdlich von Pforzheim) sowie die<br \/>\nSpots im Nagoldtal bzw. rund um Calw bis kurz vors Emstal.<\/p>\n<p>\u00dcbersichtskarten f\u00fchren in die Gebiete und die einzelnen Boulder sind mit<br \/>\nFototopos aufgef\u00fchrt und sind meist noch in kurzen Worten beschrieben oder<br \/>\nDefinitionen vermerkt.<\/p>\n<p>Eine tolle Wissenssammlung \u00fcber die Boulderwelt des n\u00f6rdlichen Schwarzwaldes!<\/p>","protected":false},"excerpt":{"rendered":"<p>Mit 7 Bouldergebieten wird zum ersten Mal die Geheimnisse der Boulderm\u00f6glichkeiten im Nordschwarzwald gel\u00fcftet. Der F\u00fchrer umfasst sowohl die Boulderspots in der N\u00e4he des W\u00fcrmtals (s\u00fcdlich von Pforzheim) sowie die Spots im Nagoldtal bzw. rund um Calw bis kurz vors Emstal. \u00dcbersichtskarten f\u00fchren in die Gebiete und die einzelnen Boulder sind mit Fototopos aufgef\u00fchrt und [&#8230;]\n","protected":false},"featured_media":36039,"template":"","meta":[],"product_brand":[],"product_cat":[21539],"product_tag":[],"class_list":{"0":"post-147767","1":"product","2":"type-product","3":"status-publish","4":"has-post-thumbnail","6":"product_cat-fuehrerliteratur-sportklettern-bouldern","7":"pa_autor-burger","8":"pa_erscheinungsjahr-21586","9":"pa_region-deutschland","10":"pa_sprache-de","12":"first","13":"outofstock","14":"taxable","15":"shipping-taxable","16":"purchasable","17":"product-type-simple"},"_links":{"self":[{"href":"https:\/\/pizbube.ch\/en\/wp-json\/wp\/v2\/product\/147767","targetHints":{"allow":["GET"]}}],"collection":[{"href":"https:\/\/pizbube.ch\/en\/wp-json\/wp\/v2\/product"}],"about":[{"href":"https:\/\/pizbube.ch\/en\/wp-json\/wp\/v2\/types\/product"}],"wp:featuredmedia":[{"embeddable":true,"href":"https:\/\/pizbube.ch\/en\/wp-json\/wp\/v2\/media\/36039"}],"wp:attachment":[{"href":"https:\/\/pizbube.ch\/en\/wp-json\/wp\/v2\/media?parent=147767"}],"wp:term":[{"taxonomy":"product_brand","embeddable":true,"href":"https:\/\/pizbube.ch\/en\/wp-json\/wp\/v2\/product_brand?post=147767"},{"taxonomy":"product_cat","embeddable":true,"href":"https:\/\/pizbube.ch\/en\/wp-json\/wp\/v2\/product_cat?post=147767"},{"taxonomy":"product_tag","embeddable":true,"href":"https:\/\/pizbube.ch\/en\/wp-json\/wp\/v2\/product_tag?post=147767"}],"curies":[{"name":"wp","href":"https:\/\/api.w.org\/{rel}","templated":true}]}}