{"id":147768,"date":"2021-01-15T10:55:57","date_gmt":"2021-01-15T10:55:57","guid":{"rendered":"https:\/\/codengine3.ch\/?product=import-placeholder-for-200271"},"modified":"2023-04-20T12:49:02","modified_gmt":"2023-04-20T10:49:02","slug":"monte-baldo-rock","status":"publish","type":"product","link":"https:\/\/pizbube.ch\/en\/shop\/monte-baldo-rock\/","title":{"rendered":"MONTE BALDO ROCK"},"content":{"rendered":"<p>Der Veroner Teil des Etschtals (zwischen Avio und der Cerainoschlucht), der<br \/>\ns\u00fcdliche Sektor des Monte Baldo (zwischen Rivoli Veronese, Caprino und Ferrara<br \/>\ndi Monte Baldo, Verona) und die H\u00f6hen um den Gardasee sind seit einigen Jahrzehnten<br \/>\nein Kletterparadies geworden.<br \/>\nHier kann man praktisch das ganze Jahr \u00fcber klettern, sowohl in<br \/>\nEinseill\u00e4ngenrouten als auch auf Mehrseill\u00e4ngen Routen bis zu 300 m L\u00e4nge. Die<br \/>\nLandschaft erschlie\u00dft sich vom Gr\u00fcn der Oliven bis hin zu den Dolomitenfelsen<br \/>\nder h\u00f6chsten Gipfeln des Baldos.<\/p>\n<p>Dieser Band beinhaltet Beschreibungen \u00fcber 24 Kletterg\u00e4rten und 11 Multipitch<br \/>\nSektoren und somit eine Gesamtkletterstrecke von ca. 40.000 m, dies fast alles<br \/>\nauf Kalkgestein, das den Gorges du Verdon \u00e4hnelt.<\/p>\n<p>Die besten Climbers k\u00f6nnen sich hier auf Kletterrouten bis zu 8b+ (und<br \/>\neventuell etwas mehr) austoben, w\u00e4hrend Climbers, die mittelschwere Routen<br \/>\nsuchen, nur die Qual der Wahl haben werden.<\/p>","protected":false},"excerpt":{"rendered":"<p>Der Veroner Teil des Etschtals (zwischen Avio und der Cerainoschlucht), der s\u00fcdliche Sektor des Monte Baldo (zwischen Rivoli Veronese, Caprino und Ferrara di Monte Baldo, Verona) und die H\u00f6hen um den Gardasee sind seit einigen Jahrzehnten ein Kletterparadies geworden. Hier kann man praktisch das ganze Jahr \u00fcber klettern, sowohl in Einseill\u00e4ngenrouten als auch auf Mehrseill\u00e4ngen [&#8230;]\n","protected":false},"featured_media":166710,"template":"","meta":[],"product_brand":[],"product_cat":[21539],"product_tag":[27271],"class_list":{"0":"post-147768","1":"product","2":"type-product","3":"status-publish","4":"has-post-thumbnail","6":"product_cat-fuehrerliteratur-sportklettern-bouldern","7":"product_tag-monte-baldo-rock","9":"first","10":"instock","11":"sale","12":"taxable","13":"shipping-taxable","14":"purchasable","15":"product-type-simple"},"_links":{"self":[{"href":"https:\/\/pizbube.ch\/en\/wp-json\/wp\/v2\/product\/147768","targetHints":{"allow":["GET"]}}],"collection":[{"href":"https:\/\/pizbube.ch\/en\/wp-json\/wp\/v2\/product"}],"about":[{"href":"https:\/\/pizbube.ch\/en\/wp-json\/wp\/v2\/types\/product"}],"wp:featuredmedia":[{"embeddable":true,"href":"https:\/\/pizbube.ch\/en\/wp-json\/wp\/v2\/media\/166710"}],"wp:attachment":[{"href":"https:\/\/pizbube.ch\/en\/wp-json\/wp\/v2\/media?parent=147768"}],"wp:term":[{"taxonomy":"product_brand","embeddable":true,"href":"https:\/\/pizbube.ch\/en\/wp-json\/wp\/v2\/product_brand?post=147768"},{"taxonomy":"product_cat","embeddable":true,"href":"https:\/\/pizbube.ch\/en\/wp-json\/wp\/v2\/product_cat?post=147768"},{"taxonomy":"product_tag","embeddable":true,"href":"https:\/\/pizbube.ch\/en\/wp-json\/wp\/v2\/product_tag?post=147768"}],"curies":[{"name":"wp","href":"https:\/\/api.w.org\/{rel}","templated":true}]}}