{"id":147770,"date":"2021-01-15T10:55:57","date_gmt":"2021-01-15T10:55:57","guid":{"rendered":"https:\/\/codengine3.ch\/?product=import-placeholder-for-205391"},"modified":"2025-01-16T09:45:11","modified_gmt":"2025-01-16T08:45:11","slug":"gardasee-lago-di-garda-monte-baldo-1-50-000-wk-102","status":"publish","type":"product","link":"https:\/\/pizbube.ch\/en\/shop\/gardasee-lago-di-garda-monte-baldo-1-50-000-wk-102\/","title":{"rendered":"Gardasee Lago di Garda Monte Baldo 1: 50 000 WK 102"},"content":{"rendered":"<p>WK 102; Lago di Garda Monte Baldo. Wander-, Rad- und Seekarte.<\/p>\n<p>KOMPASS-Wanderkarten enthalten alles Wissenswerte f\u00fcr Wanderer wie aktuelle<br \/>\nWanderwege mit Markierungen, empfehlenswerte Radrouten und wichtige<br \/>\ntouristische Informationen.<\/p>\n<p>Ein \u00fcbersichtlich gestaltetes Beiheft (deutsch und italienisch; englischer<br \/>\nText auf der Kartenr\u00fcckseite) mit zahlreichen Farbfotos informiert \u00fcber Orte<br \/>\nund Schutzh\u00fctten sowie empfehlenswerte Touren, Sehensw\u00fcrdigkeiten und<br \/>\nFreizeiteinrichtungen.<\/p>","protected":false},"excerpt":{"rendered":"<p>WK 102; Lago di Garda Monte Baldo. Wander-, Rad- und Seekarte. KOMPASS-Wanderkarten enthalten alles Wissenswerte f\u00fcr Wanderer wie aktuelle Wanderwege mit Markierungen, empfehlenswerte Radrouten und wichtige touristische Informationen. Ein \u00fcbersichtlich gestaltetes Beiheft (deutsch und italienisch; englischer Text auf der Kartenr\u00fcckseite) mit zahlreichen Farbfotos informiert \u00fcber Orte und Schutzh\u00fctten sowie empfehlenswerte Touren, Sehensw\u00fcrdigkeiten und Freizeiteinrichtungen.<\/p>","protected":false},"featured_media":178117,"template":"","meta":[],"product_brand":[],"product_cat":[21543],"product_tag":[],"class_list":{"0":"post-147770","1":"product","2":"type-product","3":"status-publish","4":"has-post-thumbnail","6":"product_cat-landkarten","7":"pa_autor-kompass","8":"pa_erscheinungsjahr-27339","9":"pa_region-italien","10":"pa_sprache-de","12":"first","13":"instock","14":"taxable","15":"shipping-taxable","16":"purchasable","17":"product-type-simple"},"_links":{"self":[{"href":"https:\/\/pizbube.ch\/en\/wp-json\/wp\/v2\/product\/147770","targetHints":{"allow":["GET"]}}],"collection":[{"href":"https:\/\/pizbube.ch\/en\/wp-json\/wp\/v2\/product"}],"about":[{"href":"https:\/\/pizbube.ch\/en\/wp-json\/wp\/v2\/types\/product"}],"wp:featuredmedia":[{"embeddable":true,"href":"https:\/\/pizbube.ch\/en\/wp-json\/wp\/v2\/media\/178117"}],"wp:attachment":[{"href":"https:\/\/pizbube.ch\/en\/wp-json\/wp\/v2\/media?parent=147770"}],"wp:term":[{"taxonomy":"product_brand","embeddable":true,"href":"https:\/\/pizbube.ch\/en\/wp-json\/wp\/v2\/product_brand?post=147770"},{"taxonomy":"product_cat","embeddable":true,"href":"https:\/\/pizbube.ch\/en\/wp-json\/wp\/v2\/product_cat?post=147770"},{"taxonomy":"product_tag","embeddable":true,"href":"https:\/\/pizbube.ch\/en\/wp-json\/wp\/v2\/product_tag?post=147770"}],"curies":[{"name":"wp","href":"https:\/\/api.w.org\/{rel}","templated":true}]}}