{"id":147772,"date":"2021-01-15T10:55:58","date_gmt":"2021-01-15T10:55:58","guid":{"rendered":"https:\/\/codengine3.ch\/?product=import-placeholder-for-204536"},"modified":"2021-01-15T14:34:12","modified_gmt":"2021-01-15T14:34:12","slug":"arco-summer-spots","status":"publish","type":"product","link":"https:\/\/pizbube.ch\/en\/shop\/arco-summer-spots\/","title":{"rendered":"Arco Summer Spots"},"content":{"rendered":"<p>Mit \u201cArco Summer Spots\u201d erscheint ein neuer Kletterf\u00fchrer eigens f\u00fcr die warme<br \/>\nJahreszeit! Wer den Sommerurlaub am Gardasee verbringt, kann sp\u00e4testens ab<br \/>\njetzt die Klettersachen gleich mit einpacken. Denn was viele nicht wissen:<br \/>\nNicht nur im Herbst und Fr\u00fchling, sondern auch im Sommer findet man in Arco<br \/>\ngro\u00dfartige Kletterspots mit angenehmen Temperaturen. Auf 224 Seiten werden<br \/>\nKletterg\u00e4rten und Mehrseill\u00e4ngenrouten vorgestellt, die an hei\u00dfen Tagen am<br \/>\nschattigen Fels liegen. Der Climbing Guide enth\u00e4lt genaue Infos und<br \/>\n\u00dcbersichten, detaillierte Farbfoto-Topos und grafisch aufbereitete Pl\u00e4ne, wie<br \/>\ngewohnt in originellem Design. Der Kletterf\u00fchrer enth\u00e4lt Informationen in drei<br \/>\nSprachen (Deutsch, Italienisch, Englisch).<\/p>\n<p>A new climbing guide specifically for the warm season. If you spend your<br \/>\nsummer holidays at Lake Garda, you can now also pack your climbing gear into<br \/>\nyour suitcase. What many do not know: one can find fabulous climbing spots<br \/>\nwith pleasant temperatures in Arco in the summer and not only in the autumn<br \/>\nand spring. On 224 pages, the guide presents climbing areas and multi-pitch<br \/>\nroutes, which are suitable for hot days and located on shaded rocks. The<br \/>\nclimbing guide includes detailed information and overviews, topos on full<br \/>\ncolor photos and graphically enhanced summaries, as usual in an original<br \/>\ndesign. The book comprises information in three languages (German, Italian,<br \/>\nEnglish).<\/p>","protected":false},"excerpt":{"rendered":"<ul>\n<li><a href=\"https:\/\/vimeo.com\/69877467#at=0\" target=\"_blank\" rel=\"noopener\">Video: Trailer Arco Summer Spots<\/a><\/li>\n<\/ul>","protected":false},"featured_media":32594,"template":"","meta":[],"product_brand":[],"product_cat":[21539],"product_tag":[],"class_list":{"0":"post-147772","1":"product","2":"type-product","3":"status-publish","4":"has-post-thumbnail","6":"product_cat-fuehrerliteratur-sportklettern-bouldern","7":"pa_autor-senettin-hofer-hueber-finch","8":"pa_erscheinungsjahr-21568","9":"pa_region-italien","10":"pa_sprache-de-en-it-2","12":"first","13":"instock","14":"taxable","15":"shipping-taxable","16":"purchasable","17":"product-type-simple"},"_links":{"self":[{"href":"https:\/\/pizbube.ch\/en\/wp-json\/wp\/v2\/product\/147772","targetHints":{"allow":["GET"]}}],"collection":[{"href":"https:\/\/pizbube.ch\/en\/wp-json\/wp\/v2\/product"}],"about":[{"href":"https:\/\/pizbube.ch\/en\/wp-json\/wp\/v2\/types\/product"}],"wp:featuredmedia":[{"embeddable":true,"href":"https:\/\/pizbube.ch\/en\/wp-json\/wp\/v2\/media\/32594"}],"wp:attachment":[{"href":"https:\/\/pizbube.ch\/en\/wp-json\/wp\/v2\/media?parent=147772"}],"wp:term":[{"taxonomy":"product_brand","embeddable":true,"href":"https:\/\/pizbube.ch\/en\/wp-json\/wp\/v2\/product_brand?post=147772"},{"taxonomy":"product_cat","embeddable":true,"href":"https:\/\/pizbube.ch\/en\/wp-json\/wp\/v2\/product_cat?post=147772"},{"taxonomy":"product_tag","embeddable":true,"href":"https:\/\/pizbube.ch\/en\/wp-json\/wp\/v2\/product_tag?post=147772"}],"curies":[{"name":"wp","href":"https:\/\/api.w.org\/{rel}","templated":true}]}}