{"id":147773,"date":"2021-01-15T10:55:58","date_gmt":"2021-01-15T10:55:58","guid":{"rendered":"https:\/\/codengine3.ch\/?product=import-placeholder-for-205852"},"modified":"2021-01-15T14:44:26","modified_gmt":"2021-01-15T14:44:26","slug":"biken-gardasee-und-trentino","status":"publish","type":"product","link":"https:\/\/pizbube.ch\/en\/shop\/biken-gardasee-und-trentino\/","title":{"rendered":"Biken Gardasee und Trentino"},"content":{"rendered":"<p>33 Touren, 3500 Kilometer Tracks und 1000 Wegpunkte<\/p>\n<p>Der ultimative Tourenf\u00fchrer f\u00fcr Gardasee und Trentino<br \/>\nDer Gardasee bietet alles, was das Herz des Mountainbikers h\u00f6her schlagen<br \/>\nl\u00e4sst: Steile Berge, rasante Abfahrten und lange Uferfahrten f\u00fcrs<br \/>\nAusdauertraining. Der praktische F\u00fchrer erl\u00e4utert alle gro\u00dfen Radtouren um den<br \/>\nSee sowie 30 Berg-Etappen im Trentino inklusive zweier anspruchsvoller<br \/>\nLangstrecken. Aktuell recherchiert, neu fotografiert, mit den GPS-Tracks,<br \/>\nKarten, H\u00f6henprofilen und einem exakten Roadbook auf der beiliegenden CD zum<br \/>\nDownload! Dazu eine Anleitung \u00bbSatelliten &#8211; Navigation f\u00fcr Bergradler\u00ab<br \/>\n288 Seiten, ca. 250 Abbildungen, Format 16,5 x 23,5 cm, Broschur mit<br \/>\nFadenheftung<\/p>","protected":false},"excerpt":{"rendered":"<p>33 Touren, 3500 Kilometer Tracks und 1000 Wegpunkte Der ultimative Tourenf\u00fchrer f\u00fcr Gardasee und Trentino Der Gardasee bietet alles, was das Herz des Mountainbikers h\u00f6her schlagen l\u00e4sst: Steile Berge, rasante Abfahrten und lange Uferfahrten f\u00fcrs Ausdauertraining. Der praktische F\u00fchrer erl\u00e4utert alle gro\u00dfen Radtouren um den See sowie 30 Berg-Etappen im Trentino inklusive zweier anspruchsvoller Langstrecken. [&#8230;]\n","protected":false},"featured_media":37412,"template":"","meta":[],"product_brand":[],"product_cat":[21606],"product_tag":[],"class_list":{"0":"post-147773","1":"product","2":"type-product","3":"status-publish","4":"has-post-thumbnail","6":"product_cat-mountainbikefuehrer","7":"pa_autor-zahn","8":"pa_erscheinungsjahr-21621","9":"pa_region-italien","10":"pa_sprache-de","12":"first","13":"outofstock","14":"taxable","15":"shipping-taxable","16":"purchasable","17":"product-type-simple"},"_links":{"self":[{"href":"https:\/\/pizbube.ch\/en\/wp-json\/wp\/v2\/product\/147773","targetHints":{"allow":["GET"]}}],"collection":[{"href":"https:\/\/pizbube.ch\/en\/wp-json\/wp\/v2\/product"}],"about":[{"href":"https:\/\/pizbube.ch\/en\/wp-json\/wp\/v2\/types\/product"}],"wp:featuredmedia":[{"embeddable":true,"href":"https:\/\/pizbube.ch\/en\/wp-json\/wp\/v2\/media\/37412"}],"wp:attachment":[{"href":"https:\/\/pizbube.ch\/en\/wp-json\/wp\/v2\/media?parent=147773"}],"wp:term":[{"taxonomy":"product_brand","embeddable":true,"href":"https:\/\/pizbube.ch\/en\/wp-json\/wp\/v2\/product_brand?post=147773"},{"taxonomy":"product_cat","embeddable":true,"href":"https:\/\/pizbube.ch\/en\/wp-json\/wp\/v2\/product_cat?post=147773"},{"taxonomy":"product_tag","embeddable":true,"href":"https:\/\/pizbube.ch\/en\/wp-json\/wp\/v2\/product_tag?post=147773"}],"curies":[{"name":"wp","href":"https:\/\/api.w.org\/{rel}","templated":true}]}}