{"id":147775,"date":"2021-01-15T10:55:58","date_gmt":"2021-01-15T10:55:58","guid":{"rendered":"https:\/\/codengine3.ch\/?product=import-placeholder-for-206887"},"modified":"2021-01-15T14:53:00","modified_gmt":"2021-01-15T14:53:00","slug":"rovereto-monte-pasubio-150000","status":"publish","type":"product","link":"https:\/\/pizbube.ch\/en\/shop\/rovereto-monte-pasubio-150000\/","title":{"rendered":"Rovereto &#8211; Monte Pasubio. 1:50&#8217;000"},"content":{"rendered":"<p>Blatt 101<\/p>\n<p>Wandern \/ Rad<\/p>\n<p>KOMPASS Karten enthalten alles Wissenswerte f\u00fcr den Outdoor-Genie\u00dfer. Wander-<br \/>\nund Radwege mit Markierungen je nach Schwierigkeitsgrad, entsprechende<br \/>\nH\u00f6henlinien und Vegetationsformen sowie umfassende touristische Informationen.<br \/>\nAusgezeichnet mit dem ITB BuchAward 2010.<\/p>","protected":false},"excerpt":{"rendered":"<p>Blatt 101 Wandern \/ Rad KOMPASS Karten enthalten alles Wissenswerte f\u00fcr den Outdoor-Genie\u00dfer. Wander- und Radwege mit Markierungen je nach Schwierigkeitsgrad, entsprechende H\u00f6henlinien und Vegetationsformen sowie umfassende touristische Informationen. Ausgezeichnet mit dem ITB BuchAward 2010.<\/p>","protected":false},"featured_media":36352,"template":"","meta":[],"product_brand":[],"product_cat":[21543],"product_tag":[],"class_list":{"0":"post-147775","1":"product","2":"type-product","3":"status-publish","4":"has-post-thumbnail","6":"product_cat-landkarten","7":"pa_autor-kompass","8":"pa_erscheinungsjahr-21693","9":"pa_region-italien","10":"pa_sprache-de","12":"first","13":"instock","14":"taxable","15":"shipping-taxable","16":"purchasable","17":"product-type-simple"},"_links":{"self":[{"href":"https:\/\/pizbube.ch\/en\/wp-json\/wp\/v2\/product\/147775","targetHints":{"allow":["GET"]}}],"collection":[{"href":"https:\/\/pizbube.ch\/en\/wp-json\/wp\/v2\/product"}],"about":[{"href":"https:\/\/pizbube.ch\/en\/wp-json\/wp\/v2\/types\/product"}],"wp:featuredmedia":[{"embeddable":true,"href":"https:\/\/pizbube.ch\/en\/wp-json\/wp\/v2\/media\/36352"}],"wp:attachment":[{"href":"https:\/\/pizbube.ch\/en\/wp-json\/wp\/v2\/media?parent=147775"}],"wp:term":[{"taxonomy":"product_brand","embeddable":true,"href":"https:\/\/pizbube.ch\/en\/wp-json\/wp\/v2\/product_brand?post=147775"},{"taxonomy":"product_cat","embeddable":true,"href":"https:\/\/pizbube.ch\/en\/wp-json\/wp\/v2\/product_cat?post=147775"},{"taxonomy":"product_tag","embeddable":true,"href":"https:\/\/pizbube.ch\/en\/wp-json\/wp\/v2\/product_tag?post=147775"}],"curies":[{"name":"wp","href":"https:\/\/api.w.org\/{rel}","templated":true}]}}