{"id":147779,"date":"2021-01-15T10:55:58","date_gmt":"2021-01-15T10:55:58","guid":{"rendered":"https:\/\/codengine3.ch\/?product=import-placeholder-for-208307"},"modified":"2024-07-20T10:00:59","modified_gmt":"2024-07-20T08:00:59","slug":"mountainbiken-alto-garda","status":"publish","type":"product","link":"https:\/\/pizbube.ch\/en\/shop\/mountainbiken-alto-garda\/","title":{"rendered":"MOUNTAINBIKEN ALTO GARDA"},"content":{"rendered":"<p>54 Touren<br \/>\nMonte Baldo, Monte Velo, Monte Tremalzo, Valle dei Laghi, Val di Ledro,<br \/>\nVallagarina, Val di Gresta<\/p>\n<p>Das Gebiet des Alto Garda ist eines der beliebtesten Reiseziele europ\u00e4ischer<br \/>\nBiker. Es bietet Routen, die das Herz eines jeden Radfahrers h\u00f6her schlagen<br \/>\nlassen. Vom Anf\u00e4nger zum ambitionierten Freerider, ist sie ausgestattet, um<br \/>\nselbst anspruchsvollste Sportler zufrieden zu stellen.<\/p>\n<p>Dieser Guide bietet eine Auswahl interessanter Touren f\u00fcr den Alto Garda, die<br \/>\nnahe Hochebene von Brentonico, dem Valle dei Laghi, dem Val di Ledro und<br \/>\nVallagarina. Er soll allen MTB-Fans als Hilfsmittel zur Verf\u00fcgung stehen, im<br \/>\nSattel einzigartige Landschaften zwischen Seen, Felsgipfeln und sanften<br \/>\nH\u00e4ngen, mit Spa\u00df und R\u00fccksicht auf das befahrene Gebiet und auf Andere zu<br \/>\nentdecken.<\/p>","protected":false},"excerpt":{"rendered":"<p>54 Touren Monte Baldo, Monte Velo, Monte Tremalzo, Valle dei Laghi, Val di Ledro, Vallagarina, Val di Gresta Das Gebiet des Alto Garda ist eines der beliebtesten Reiseziele europ\u00e4ischer Biker. Es bietet Routen, die das Herz eines jeden Radfahrers h\u00f6her schlagen lassen. Vom Anf\u00e4nger zum ambitionierten Freerider, ist sie ausgestattet, um selbst anspruchsvollste Sportler zufrieden [&#8230;]\n","protected":false},"featured_media":174021,"template":"","meta":[],"product_brand":[],"product_cat":[21606],"product_tag":[],"class_list":{"0":"post-147779","1":"product","2":"type-product","3":"status-publish","4":"has-post-thumbnail","6":"product_cat-mountainbikefuehrer","7":"pa_autor-giacomello","8":"pa_erscheinungsjahr-21550","9":"pa_region-italien","10":"pa_sprache-de","12":"first","13":"instock","14":"taxable","15":"shipping-taxable","16":"purchasable","17":"product-type-simple"},"_links":{"self":[{"href":"https:\/\/pizbube.ch\/en\/wp-json\/wp\/v2\/product\/147779","targetHints":{"allow":["GET"]}}],"collection":[{"href":"https:\/\/pizbube.ch\/en\/wp-json\/wp\/v2\/product"}],"about":[{"href":"https:\/\/pizbube.ch\/en\/wp-json\/wp\/v2\/types\/product"}],"wp:featuredmedia":[{"embeddable":true,"href":"https:\/\/pizbube.ch\/en\/wp-json\/wp\/v2\/media\/174021"}],"wp:attachment":[{"href":"https:\/\/pizbube.ch\/en\/wp-json\/wp\/v2\/media?parent=147779"}],"wp:term":[{"taxonomy":"product_brand","embeddable":true,"href":"https:\/\/pizbube.ch\/en\/wp-json\/wp\/v2\/product_brand?post=147779"},{"taxonomy":"product_cat","embeddable":true,"href":"https:\/\/pizbube.ch\/en\/wp-json\/wp\/v2\/product_cat?post=147779"},{"taxonomy":"product_tag","embeddable":true,"href":"https:\/\/pizbube.ch\/en\/wp-json\/wp\/v2\/product_tag?post=147779"}],"curies":[{"name":"wp","href":"https:\/\/api.w.org\/{rel}","templated":true}]}}