{"id":147781,"date":"2021-01-15T10:55:58","date_gmt":"2021-01-15T10:55:58","guid":{"rendered":"https:\/\/codengine3.ch\/?product=import-placeholder-for-203267"},"modified":"2025-08-08T15:44:16","modified_gmt":"2025-08-08T13:44:16","slug":"dolomiten-vertikal-band-sued","status":"publish","type":"product","link":"https:\/\/pizbube.ch\/en\/shop\/dolomiten-vertikal-band-sued\/","title":{"rendered":"Dolomiten Vertikal Band S\u00fcd"},"content":{"rendered":"<p>Der Kletterf\u00fchrer auf 760 Seiten \u00fcber 230 Routen der s\u00fcdlichen Dolomiten, der<br \/>\nBrenta, Pasubio und den Gardaseebergen sowie 24 Kletterg\u00e4rten f\u00fcr die weniger<br \/>\nanstrengenden Tage oder bei instabilem Wetter, damit die Warterei auf besseres<br \/>\nWetter nicht zur Qual wird.<\/p>\n<p>Wie im Nordband findet der Genuss- oder Alpin-Extreme-Kletterer viele<br \/>\nRoutenvorschl\u00e4ge und das nicht nur f\u00fcr einen erfolgreichen Kletterurlaub in<br \/>\nden S\u00fcdlichen Dolomiten. Das bew\u00e4hrte Konzept des Nordbandes wird in diesem<br \/>\nF\u00fchrer konsequent fortgesetzt. Geboten werden alpine Klassiker, ausgesuchte<br \/>\nGenussklettereien auf wunderbar griffigem Traumfels oder gnadenlos steile<br \/>\nRouten f\u00fcr die Extremen.<\/p>\n<p>Jede Route wird mit einem aussagekr\u00e4ftigen Topo und einem Wandbild mit<br \/>\neingezeichneter Route dargestellt. Zu jeder Route wird der Zu- und Abstieg<br \/>\nbeschrieben. Zahlreiche Karten und Skizzen erleichtern die Orientierung.<\/p>\n<p>Ebenso wie im Nordband erh\u00e4lt der Leser wichtige Gebietsinformationen,<br \/>\nKurzportr\u00e4ts von bekannten Kletterern der Dolomiten und viele weitere<br \/>\nhilfreiche Tipps zu den Gebieten und Kletterrouten.<\/p>\n<p>Die beschriebenen Gebiete<\/p>\n<p>\u2022 Marmolada<br \/>\n\u2022 Nuvolau und Croda da Lago<br \/>\n\u2022 Marmarole<br \/>\n\u2022 Dolomiten \u00f6stlich der Piave<br \/>\n\u2022 Pala<br \/>\n\u2022 Civetta<\/p>\n<p>\u2022 Moiazza<br \/>\n\u2022 Tamergruppe<br \/>\n\u2022 Schiara<br \/>\n\u2022 Pelmo<br \/>\n\u2022 Bosconero und Mezzodigruppe<br \/>\n\u2022 Pasubio<br \/>\n\u2022 Brenta<br \/>\n\u2022 Gardasee Berge<\/p>\n<p>2. \u00fcberarbeitete Auflg. 2005<\/p>","protected":false},"excerpt":{"rendered":"<ul>\n<li><strong><a href=\"https:\/\/pizbube.ch\/wp-content\/uploads\/attachments\/a_001\/00FC3B76C1F56D5525AD2FFA0786E3B4.pdf\" target=\"_blank\" rel=\"noopener\">PDF: dolomiten_sued_gebietsuebersicht<\/a><\/strong><\/li>\n<li><a href=\"https:\/\/pizbube.ch\/wp-content\/uploads\/attachments\/a_028\/C8027164E1D0085575FCEC3EFCA58BB9.pdf\" target=\"_blank\" rel=\"noopener\"><strong>PDF: leseprobe_dolo_sued.pdf<\/strong><\/a><\/li>\n<\/ul>","protected":false},"featured_media":180527,"template":"","meta":[],"product_brand":[],"product_cat":[21539],"product_tag":[27597],"class_list":{"0":"post-147781","1":"product","2":"type-product","3":"status-publish","4":"has-post-thumbnail","6":"product_cat-fuehrerliteratur-sportklettern-bouldern","7":"product_tag-dolomiten-vertical-band-sued","8":"pa_autor-wagenhals","9":"pa_erscheinungsjahr-21776","10":"pa_region-italien","11":"pa_sprache-de","13":"first","14":"instock","15":"taxable","16":"shipping-taxable","17":"purchasable","18":"product-type-simple"},"_links":{"self":[{"href":"https:\/\/pizbube.ch\/en\/wp-json\/wp\/v2\/product\/147781","targetHints":{"allow":["GET"]}}],"collection":[{"href":"https:\/\/pizbube.ch\/en\/wp-json\/wp\/v2\/product"}],"about":[{"href":"https:\/\/pizbube.ch\/en\/wp-json\/wp\/v2\/types\/product"}],"wp:featuredmedia":[{"embeddable":true,"href":"https:\/\/pizbube.ch\/en\/wp-json\/wp\/v2\/media\/180527"}],"wp:attachment":[{"href":"https:\/\/pizbube.ch\/en\/wp-json\/wp\/v2\/media?parent=147781"}],"wp:term":[{"taxonomy":"product_brand","embeddable":true,"href":"https:\/\/pizbube.ch\/en\/wp-json\/wp\/v2\/product_brand?post=147781"},{"taxonomy":"product_cat","embeddable":true,"href":"https:\/\/pizbube.ch\/en\/wp-json\/wp\/v2\/product_cat?post=147781"},{"taxonomy":"product_tag","embeddable":true,"href":"https:\/\/pizbube.ch\/en\/wp-json\/wp\/v2\/product_tag?post=147781"}],"curies":[{"name":"wp","href":"https:\/\/api.w.org\/{rel}","templated":true}]}}