{"id":147784,"date":"2021-01-15T10:55:58","date_gmt":"2021-01-15T10:55:58","guid":{"rendered":"https:\/\/codengine3.ch\/?product=import-placeholder-for-200969"},"modified":"2021-01-15T11:02:32","modified_gmt":"2021-01-15T11:02:32","slug":"civettagruppe","status":"publish","type":"product","link":"https:\/\/pizbube.ch\/en\/shop\/civettagruppe\/","title":{"rendered":"Civettagruppe"},"content":{"rendered":"<p>\nAV F\u00fchrer, Civetta &#8211; das Reich des VI. Grades.<br \/>\nWie in keiner anderen Dolomitengruppe fanden hier in den Dreissiger Jahren die<br \/>\nErschlie\u00dfung der gro\u00dfen W\u00e4nde und die Entwicklung des Kletterns im VI.<br \/>\nSchwierigkeitsgrad statt.<\/p>\n<p>Hochalpin und extrem sind diese Routen auch noch heute. Daneben ist kaum ein<br \/>\nKletterberg in den Dolomiten beliebter als beispielsweise der Torre Venezia,<br \/>\nder dank seiner S\u00fcdlage bereits im Fr\u00fchjahr besucht werden kann, wenn die<br \/>\nNordwestw\u00e4nde noch schneebedeckt sind. Doch nicht nur der Kletterer kommt hier<br \/>\nauf seine Kosten. Drei drahtseilgesicherte Klettersteige unterschiedlicher<br \/>\nSchwierigkeit f\u00fchren auf den h\u00f6chsten Gipfel, die 3.218 m hohe Civetta. Und<br \/>\nder Wanderer kann die gesamte Civettagruppe auf guten und markierten Wegen<br \/>\numwandern; mehrere H\u00fctte eignen sich dabei als g\u00fcnstig gelegene St\u00fctzpunkte.  <\/p>\n<p>34 Abb., 22 Anstiegsskizz. 264 S.  <\/p>","protected":false},"excerpt":{"rendered":"<p>AV F\u00fchrer, Civetta &#8211; das Reich des VI. Grades. Wie in keiner anderen Dolomitengruppe fanden hier in den Dreissiger Jahren die Erschlie\u00dfung der gro\u00dfen W\u00e4nde und die Entwicklung des Kletterns im VI. Schwierigkeitsgrad statt. Hochalpin und extrem sind diese Routen auch noch heute. Daneben ist kaum ein Kletterberg in den Dolomiten beliebter als beispielsweise der [&#8230;]\n","protected":false},"featured_media":28111,"template":"","meta":[],"product_brand":[],"product_cat":[21544],"product_tag":[],"class_list":{"0":"post-147784","1":"product","2":"type-product","3":"status-publish","4":"has-post-thumbnail","6":"product_cat-fuehrerliteratur-alpin-sommer","7":"pa_autor-kubin","8":"pa_erscheinungsjahr-22427","9":"pa_region-italien","10":"pa_sprache-de","12":"first","13":"outofstock","14":"taxable","15":"shipping-taxable","16":"purchasable","17":"product-type-simple"},"_links":{"self":[{"href":"https:\/\/pizbube.ch\/en\/wp-json\/wp\/v2\/product\/147784","targetHints":{"allow":["GET"]}}],"collection":[{"href":"https:\/\/pizbube.ch\/en\/wp-json\/wp\/v2\/product"}],"about":[{"href":"https:\/\/pizbube.ch\/en\/wp-json\/wp\/v2\/types\/product"}],"wp:featuredmedia":[{"embeddable":true,"href":"https:\/\/pizbube.ch\/en\/wp-json\/wp\/v2\/media\/28111"}],"wp:attachment":[{"href":"https:\/\/pizbube.ch\/en\/wp-json\/wp\/v2\/media?parent=147784"}],"wp:term":[{"taxonomy":"product_brand","embeddable":true,"href":"https:\/\/pizbube.ch\/en\/wp-json\/wp\/v2\/product_brand?post=147784"},{"taxonomy":"product_cat","embeddable":true,"href":"https:\/\/pizbube.ch\/en\/wp-json\/wp\/v2\/product_cat?post=147784"},{"taxonomy":"product_tag","embeddable":true,"href":"https:\/\/pizbube.ch\/en\/wp-json\/wp\/v2\/product_tag?post=147784"}],"curies":[{"name":"wp","href":"https:\/\/api.w.org\/{rel}","templated":true}]}}