{"id":147786,"date":"2021-01-15T10:55:58","date_gmt":"2021-01-15T10:55:58","guid":{"rendered":"https:\/\/codengine3.ch\/?product=import-placeholder-for-205284"},"modified":"2021-01-15T14:40:04","modified_gmt":"2021-01-15T14:40:04","slug":"sommets-des-pyrenees","status":"publish","type":"product","link":"https:\/\/pizbube.ch\/en\/shop\/sommets-des-pyrenees\/","title":{"rendered":"Sommets des pyr\u00e9n\u00e9es"},"content":{"rendered":"<p>Les plus belles courses de F \u00e0 D  <\/p>\n<p>Comme le dit Fran\u00e7ois Laurens, guide de haute montagne et pyr\u00e9n\u00e9iste accompli,<br \/>\nce qui caract\u00e9rise le plus les Pyr\u00e9n\u00e9es est ce bric-\u00e0-brac de paysages, de<br \/>\nclimats, de g\u00e9ographies et de vies entass\u00e9s p\u00eale-m\u00eale. Au d\u00e9tour d&#8217;une paroi,<br \/>\non peut ainsi se retrouver plong\u00e9 dans un tableau diff\u00e9rent, commencer un<br \/>\nnouveau voyage, imaginer avoir \u00e9t\u00e9 transport\u00e9 vers des contr\u00e9es lointaines.<br \/>\nT\u00e9moin de cette diversit\u00e9, la quarantaine de courses pr\u00e9sent\u00e9es dans cet<br \/>\nouvrage, r\u00e9sultat de longues ann\u00e9es pass\u00e9es dans tous les recoins de la cha\u00eene<br \/>\net de collaboration avec d&#8217;autres montagnards, s&#8217;\u00e9tale des rivages de la<br \/>\nM\u00e9diterran\u00e9e jusqu&#8217;aux abords du Pays basque.  <\/p>\n<p>Elles poss\u00e8dent toutes un caract\u00e8re bien diff\u00e9rent, mais r\u00e9pondent \u00e0 l&#8217;id\u00e9e du<br \/>\nplaisir d&#8217;\u00eatre en montagne et \u00e0 une passion pour la d\u00e9couverte. On y trouve<br \/>\nbeaucoup de travers\u00e9es d&#8217;ar\u00eates, et peu de courses de neige, \u00e9ph\u00e9m\u00e8res dans<br \/>\nces contr\u00e9es. Quant aux aventures rocheuses, elles demandent g\u00e9n\u00e9ralement un<br \/>\nbon sens de l&#8217;itin\u00e9raire et un certain go\u00fbt de l&#8217;aventure, plus qu&#8217;un haut<br \/>\nniveau technique.  <\/p>","protected":false},"excerpt":{"rendered":"<p>Les plus belles courses de F \u00e0 D Comme le dit Fran\u00e7ois Laurens, guide de haute montagne et pyr\u00e9n\u00e9iste accompli, ce qui caract\u00e9rise le plus les Pyr\u00e9n\u00e9es est ce bric-\u00e0-brac de paysages, de climats, de g\u00e9ographies et de vies entass\u00e9s p\u00eale-m\u00eale. Au d\u00e9tour d&#8217;une paroi, on peut ainsi se retrouver plong\u00e9 dans un tableau diff\u00e9rent, [&#8230;]\n","protected":false},"featured_media":33948,"template":"","meta":[],"product_brand":[],"product_cat":[21542],"product_tag":[],"class_list":{"0":"post-147786","1":"product","2":"type-product","3":"status-publish","4":"has-post-thumbnail","6":"product_cat-sachbuecher-dokumentationen","7":"pa_autor-laurens","8":"pa_erscheinungsjahr-21591","9":"pa_region-frankreich","10":"pa_sprache-fr","12":"first","13":"instock","14":"taxable","15":"shipping-taxable","16":"purchasable","17":"product-type-simple"},"_links":{"self":[{"href":"https:\/\/pizbube.ch\/en\/wp-json\/wp\/v2\/product\/147786","targetHints":{"allow":["GET"]}}],"collection":[{"href":"https:\/\/pizbube.ch\/en\/wp-json\/wp\/v2\/product"}],"about":[{"href":"https:\/\/pizbube.ch\/en\/wp-json\/wp\/v2\/types\/product"}],"wp:featuredmedia":[{"embeddable":true,"href":"https:\/\/pizbube.ch\/en\/wp-json\/wp\/v2\/media\/33948"}],"wp:attachment":[{"href":"https:\/\/pizbube.ch\/en\/wp-json\/wp\/v2\/media?parent=147786"}],"wp:term":[{"taxonomy":"product_brand","embeddable":true,"href":"https:\/\/pizbube.ch\/en\/wp-json\/wp\/v2\/product_brand?post=147786"},{"taxonomy":"product_cat","embeddable":true,"href":"https:\/\/pizbube.ch\/en\/wp-json\/wp\/v2\/product_cat?post=147786"},{"taxonomy":"product_tag","embeddable":true,"href":"https:\/\/pizbube.ch\/en\/wp-json\/wp\/v2\/product_tag?post=147786"}],"curies":[{"name":"wp","href":"https:\/\/api.w.org\/{rel}","templated":true}]}}