{"id":147789,"date":"2021-01-15T10:55:58","date_gmt":"2021-01-15T10:55:58","guid":{"rendered":"https:\/\/codengine3.ch\/?product=import-placeholder-for-202692"},"modified":"2026-03-19T08:33:24","modified_gmt":"2026-03-19T07:33:24","slug":"pyrenaeen-pyrenees-mit-andorra-1-250-000","status":"publish","type":"product","link":"https:\/\/pizbube.ch\/en\/shop\/pyrenaeen-pyrenees-mit-andorra-1-250-000\/","title":{"rendered":"Pyren\u00e4en Pyrenees 1: 250 000"},"content":{"rendered":"<p>Hochrei\u00dffeste und 100% wasserfeste Landkarte \u201ePyren\u00e4en\u201c aus der Serie world mapping project.<\/p>\n<p>Reise Know-How Landkarten zeichnen sich durch besonders stabiles Kunststoffpapier aus, das beschreibbar ist wie Papier, sogar mit Bleistift. Der Pappumschlag ist abnehmbar, so dass sich die Karte bequem in jede Tasche stecken l\u00e4sst. Eine Schutzh\u00fclle ist nicht erforderlich. Die kartografische Darstellung konzentriert sich auf die wichtigsten Informationen f\u00fcr Reisende und ist besonders gut lesbar. Statt einer Schummerung werden farbige H\u00f6henschichten verwendet.<\/p>\n<ul>\n<li>H\u00f6henlinien mit H\u00f6henangaben<\/li>\n<li>Farbige H\u00f6henschichten<\/li>\n<li>Klassifiziertes Stra\u00dfennetz mit Entfernungsangaben<\/li>\n<li>Sehensw\u00fcrdigkeiten<\/li>\n<li>Ausf\u00fchrlicher Ortsindex<\/li>\n<li>GPS-genau<\/li>\n<li>L\u00e4ngen- und Breitengrade<\/li>\n<li>UTM-Gitter<\/li>\n<li>F\u00fcnfsprachige Legende (deutsch, englisch, franz\u00f6sisch, spanisch, russisch)<\/li>\n<\/ul>\n<div class=\"ph-product-mapscale\">Ma\u00dfstab: 1:250000<\/div>\n<div class=\"ph-product-unfolded-height\">H\u00f6he ungefalzt: 70cm<\/div>\n<div class=\"ph-product-unfolded-width\">Breite ungefalzt: 100cm<\/div>\n<div class=\"ph-product-misc\">Ausstattung: Format: ca. 70&#215;100 cm, 2-seitig, Material: PolyArt (rei\u00df- und wasserfest, beschreibbar), Umschlag aus Pappe (Karte kann herausgenommen und ohne Umschlag benutzt werden)<\/div>\n<p>13. aktual. Auflage; 2025<\/p>","protected":false},"excerpt":{"rendered":"<p>Hochrei\u00dffeste und 100% wasserfeste Landkarte \u201ePyren\u00e4en\u201c aus der Serie world mapping project. Reise Know-How Landkarten zeichnen sich durch besonders stabiles Kunststoffpapier aus, das beschreibbar ist wie Papier, sogar mit Bleistift. Der Pappumschlag ist abnehmbar, so dass sich die Karte bequem in jede Tasche stecken l\u00e4sst. Eine Schutzh\u00fclle ist nicht erforderlich. Die kartografische Darstellung konzentriert sich [&#8230;]\n","protected":false},"featured_media":178196,"template":"","meta":[],"product_brand":[],"product_cat":[21543],"product_tag":[],"class_list":{"0":"post-147789","1":"product","2":"type-product","3":"status-publish","4":"has-post-thumbnail","6":"product_cat-landkarten","7":"pa_autor-rump","8":"pa_erscheinungsjahr-27415","9":"pa_region-spanien","10":"pa_sprache-d","11":"pa_sprache-e","13":"first","14":"instock","15":"taxable","16":"shipping-taxable","17":"purchasable","18":"product-type-simple"},"_links":{"self":[{"href":"https:\/\/pizbube.ch\/en\/wp-json\/wp\/v2\/product\/147789","targetHints":{"allow":["GET"]}}],"collection":[{"href":"https:\/\/pizbube.ch\/en\/wp-json\/wp\/v2\/product"}],"about":[{"href":"https:\/\/pizbube.ch\/en\/wp-json\/wp\/v2\/types\/product"}],"wp:featuredmedia":[{"embeddable":true,"href":"https:\/\/pizbube.ch\/en\/wp-json\/wp\/v2\/media\/178196"}],"wp:attachment":[{"href":"https:\/\/pizbube.ch\/en\/wp-json\/wp\/v2\/media?parent=147789"}],"wp:term":[{"taxonomy":"product_brand","embeddable":true,"href":"https:\/\/pizbube.ch\/en\/wp-json\/wp\/v2\/product_brand?post=147789"},{"taxonomy":"product_cat","embeddable":true,"href":"https:\/\/pizbube.ch\/en\/wp-json\/wp\/v2\/product_cat?post=147789"},{"taxonomy":"product_tag","embeddable":true,"href":"https:\/\/pizbube.ch\/en\/wp-json\/wp\/v2\/product_tag?post=147789"}],"curies":[{"name":"wp","href":"https:\/\/api.w.org\/{rel}","templated":true}]}}