{"id":147791,"date":"2021-01-15T10:55:58","date_gmt":"2021-01-15T10:55:58","guid":{"rendered":"https:\/\/codengine3.ch\/?product=import-placeholder-for-207317"},"modified":"2023-11-09T12:18:13","modified_gmt":"2023-11-09T11:18:13","slug":"macizo-de-la-maladeta-125000","status":"publish","type":"product","link":"https:\/\/pizbube.ch\/en\/shop\/macizo-de-la-maladeta-125000\/","title":{"rendered":"Macizo de la Maladeta 1:25&#8217;000"},"content":{"rendered":"<p>Mapa-gu\u00eda de invierno. Skikarte<\/p>\n<p>Papel irrompible, resistente al agua<br \/>\nSectores de los Pirineos de especial inter\u00e9s invernal<br \/>\nSombreado<br \/>\nCompatible GPS<br \/>\nItinerarios de esqu\u00ed de monta\u00f1a, raquetas, canales y corredores<\/p>","protected":false},"excerpt":{"rendered":"<p>Mapa-gu\u00eda de invierno. Skikarte Papel irrompible, resistente al agua Sectores de los Pirineos de especial inter\u00e9s invernal Sombreado Compatible GPS Itinerarios de esqu\u00ed de monta\u00f1a, raquetas, canales y corredores<\/p>","protected":false},"featured_media":37113,"template":"","meta":[],"product_brand":[],"product_cat":[21543],"product_tag":[],"class_list":{"0":"post-147791","1":"product","2":"type-product","3":"status-publish","4":"has-post-thumbnail","6":"product_cat-landkarten","7":"pa_autor-alpina","8":"pa_erscheinungsjahr-22144","9":"pa_region-spanien","10":"pa_sprache-es","12":"first","13":"outofstock","14":"taxable","15":"shipping-taxable","16":"purchasable","17":"product-type-simple"},"_links":{"self":[{"href":"https:\/\/pizbube.ch\/en\/wp-json\/wp\/v2\/product\/147791","targetHints":{"allow":["GET"]}}],"collection":[{"href":"https:\/\/pizbube.ch\/en\/wp-json\/wp\/v2\/product"}],"about":[{"href":"https:\/\/pizbube.ch\/en\/wp-json\/wp\/v2\/types\/product"}],"wp:featuredmedia":[{"embeddable":true,"href":"https:\/\/pizbube.ch\/en\/wp-json\/wp\/v2\/media\/37113"}],"wp:attachment":[{"href":"https:\/\/pizbube.ch\/en\/wp-json\/wp\/v2\/media?parent=147791"}],"wp:term":[{"taxonomy":"product_brand","embeddable":true,"href":"https:\/\/pizbube.ch\/en\/wp-json\/wp\/v2\/product_brand?post=147791"},{"taxonomy":"product_cat","embeddable":true,"href":"https:\/\/pizbube.ch\/en\/wp-json\/wp\/v2\/product_cat?post=147791"},{"taxonomy":"product_tag","embeddable":true,"href":"https:\/\/pizbube.ch\/en\/wp-json\/wp\/v2\/product_tag?post=147791"}],"curies":[{"name":"wp","href":"https:\/\/api.w.org\/{rel}","templated":true}]}}