{"id":147798,"date":"2021-01-15T10:55:59","date_gmt":"2021-01-15T10:55:59","guid":{"rendered":"https:\/\/codengine3.ch\/?product=import-placeholder-for-200277"},"modified":"2023-03-16T10:31:17","modified_gmt":"2023-03-16T09:31:17","slug":"apulien-basilikata","status":"publish","type":"product","link":"https:\/\/pizbube.ch\/en\/shop\/apulien-basilikata\/","title":{"rendered":"Apulien &#8211; Basilikata"},"content":{"rendered":"<p>Gargano \u00b7 Salento \u00b7 Valle d\u2019Agri \u00b7 Matera<\/p>\n<p><span class=\"value\">Alte St\u00e4dtchen, m\u00e4chtige Kathedralen und noch nie gesehene Gem\u00fcsesorten auf dem Markt \u2013 Apulien und die Basilikata sind genauso wie man sich S\u00fcditalien vorstellt \u2013 und doch viel mehr: Apulien und die Basilikata bieten eine herrliche Kombination aus Naturerlebnis, Kunstgenuss und Badespa\u00df. Vom sonnigen D\u00fcnenweg bis zur knackigen Gipfeltour, vom kurzen Spaziergang bis zur ausgedehnten Tagestour \u2013 der Rother Wanderf\u00fchrer \u00bbApulien \u2013 Basilikata\u00ab stellt 52 abwechslungsreiche Touren in den Gebieten Gargano, Salento, Valle d\u2019Agri und Matera vor.<\/span><\/p>\n<p>Apulien, der \u00bbSporn\u00ab und der \u00bbStiefelabsatz\u00ab, bietet herrliche Steilk\u00fcsten und Str\u00e4nde. Die Wanderwege verlaufen entlang von Trockenmauern, \u00fcber eichenbestandene Weiden und vorbei an tausendj\u00e4hrigen Olivenb\u00e4umen. In den verwinkelten G\u00e4sschen der malerischen St\u00e4dte duftet es nach frischer Focaccia und Olivenbr\u00f6tchen. In der Basilikata dagegen erheben sich die Berge \u00fcber 2000 Meter. Hier gibt es noch viel zu entdecken: bizarre Felsen in den Lukanischen Dolomiten und alpine Gipfel im Nationalpark Appennino Lucano, artenreiche W\u00e4lder und bl\u00fcten\u00fcbers\u00e4te Wiesen und dazu die Zeugnisse jahrtausendealter Zivilisationen, wie die H\u00f6hlenwohnungen bei Matera.<\/p>\n<p>Jede Tour wird mit einer exakten Routenbeschreibung, einem H\u00f6henprofil und einem detaillierten Wanderk\u00e4rtchen vorgestellt. Eine \u00fcbersichtliche Toureninfo liefert Hinweise zu H\u00f6henunterschied, Anforderungen und Einkehrm\u00f6glichkeiten. Zahlreiche Wanderungen sind auch f\u00fcr Familien mit Kindern geeignet. GPS-Tracks stehen zum Download bereit.<\/p>\n<p>52 H\u00f6henprofile, 52 Wanderk\u00e4rtchen im Ma\u00dfstab 1:25.000, 1:50.000 und 1:75.000,<br \/>\nzwei \u00dcbersichtskarten im Ma\u00dfstab 1:1.500.000 und 1:3.000.000, GPS-Tracks<\/p>\n<p>3., aktualisierte Auflage 2023<\/p>","protected":false},"excerpt":{"rendered":"<p>Gargano \u00b7 Salento \u00b7 Valle d\u2019Agri \u00b7 Matera Alte St\u00e4dtchen, m\u00e4chtige Kathedralen und noch nie gesehene Gem\u00fcsesorten auf dem Markt \u2013 Apulien und die Basilikata sind genauso wie man sich S\u00fcditalien vorstellt \u2013 und doch viel mehr: Apulien und die Basilikata bieten eine herrliche Kombination aus Naturerlebnis, Kunstgenuss und Badespa\u00df. Vom sonnigen D\u00fcnenweg bis zur [&#8230;]\n","protected":false},"featured_media":166666,"template":"","meta":[],"product_brand":[],"product_cat":[21605],"product_tag":[],"class_list":{"0":"post-147798","1":"product","2":"type-product","3":"status-publish","4":"has-post-thumbnail","6":"product_cat-wanderfuehrer-trekking","7":"pa_autor-zimmermann-saenger-gahr","8":"pa_erscheinungsjahr-27129","9":"pa_region-italien","10":"pa_sprache-de","12":"first","13":"instock","14":"taxable","15":"shipping-taxable","16":"purchasable","17":"product-type-simple"},"_links":{"self":[{"href":"https:\/\/pizbube.ch\/en\/wp-json\/wp\/v2\/product\/147798","targetHints":{"allow":["GET"]}}],"collection":[{"href":"https:\/\/pizbube.ch\/en\/wp-json\/wp\/v2\/product"}],"about":[{"href":"https:\/\/pizbube.ch\/en\/wp-json\/wp\/v2\/types\/product"}],"wp:featuredmedia":[{"embeddable":true,"href":"https:\/\/pizbube.ch\/en\/wp-json\/wp\/v2\/media\/166666"}],"wp:attachment":[{"href":"https:\/\/pizbube.ch\/en\/wp-json\/wp\/v2\/media?parent=147798"}],"wp:term":[{"taxonomy":"product_brand","embeddable":true,"href":"https:\/\/pizbube.ch\/en\/wp-json\/wp\/v2\/product_brand?post=147798"},{"taxonomy":"product_cat","embeddable":true,"href":"https:\/\/pizbube.ch\/en\/wp-json\/wp\/v2\/product_cat?post=147798"},{"taxonomy":"product_tag","embeddable":true,"href":"https:\/\/pizbube.ch\/en\/wp-json\/wp\/v2\/product_tag?post=147798"}],"curies":[{"name":"wp","href":"https:\/\/api.w.org\/{rel}","templated":true}]}}