{"id":147799,"date":"2021-01-15T10:55:59","date_gmt":"2021-01-15T10:55:59","guid":{"rendered":"https:\/\/codengine3.ch\/?product=import-placeholder-for-207171"},"modified":"2025-09-04T09:47:38","modified_gmt":"2025-09-04T07:47:38","slug":"kalabrien-wanderfuehrer","status":"publish","type":"product","link":"https:\/\/pizbube.ch\/en\/shop\/kalabrien-wanderfuehrer\/","title":{"rendered":"Kalabrien Wanderf\u00fchrer"},"content":{"rendered":"<p class=\"mt-3\">59 Touren in Italiens Stiefelspitze &#8211; vom Pollino bis zum Aspromonte<\/p>\n<p><span class=\"value\">Kalabrien, die sonnenverw\u00f6hnte \u00bbStiefelspitze\u00ab Italiens, ist ein Wanderparadies abseits der \u00fcblichen Touristenpfade. Eine abwechslungsreiche K\u00fcste entlang des t\u00fcrkisblauen Meeres, antike Tempel und S\u00e4ulen und die beeindruckende Bergwelt von Pollino, Serre, Sila und Aspromonte bieten alles, was das Wanderherz begehrt. Der Rother Wanderf\u00fchrer \u00bbKalabrien\u00ab pr\u00e4sentiert 59 sorgf\u00e4ltig ausgew\u00e4hlte Wanderungen, die jeden Urlaub unvergesslich machen.<\/span><\/p>\n<p>Die Wanderungen in Kalabrien begeistern mit der Urspr\u00fcnglichkeit der Natur: An der knapp 800 Kilometer langen K\u00fcste am Ionischen und Tyrrhenischen Meer wandert man zwischen atemberaubend steilen Klippen und langen Sandstr\u00e4nden. Auf Spazierg\u00e4ngen durch Olivenhaine, Zitrusg\u00e4rten und Weinh\u00e4nge zeigt sich Kalabriens \u00fcppige Natur. Die Berge steigen auf bis zu 2000 Metern H\u00f6he und begeistern mit bizarren Felslandschaften, schroffen Schluchten und weiten Panoramablicken auf das glitzernde Meer. Verwinkelte D\u00f6rfer und sehenswerte Orte wie Tropea, Scilla, Crotone oder Reggio Calabria direkt an der Meerenge zu Messina laden zum Verweilen und Entdecken ein.<\/p>\n<p>Von einfachen Wanderungen an der K\u00fcste bis zu anspruchsvollen Bergtouren auf die h\u00f6chsten H\u00f6hen von Pollino, Serre, Sila und Aspromonte bietet der Wanderf\u00fchrer Kalabrien Wanderungen f\u00fcr jeden Geschmack und jeden Urlaub. S\u00e4mtliche Touren werden mit pr\u00e4zisen Wegbeschreibungen vorgestellt. Detaillierte Wanderkarten mit eingetragener Route, aussagekr\u00e4ftige H\u00f6henprofile und gepr\u00fcfte GPS-Tracks, die zum Download bereitstehen, sorgen f\u00fcr einfache Orientierung.<\/p>\n<p>Der Rother Wanderf\u00fchrer \u00bbKalabrien\u00ab ist der perfekte Begleiter, um Italiens unentdeckte Stiefelspitze zu erkunden. F\u00fcr die dritte Auflage wurde er gr\u00fcndlich \u00fcberarbeitet und um neue Touren erweitert.<\/p>\n<p>3. Auflage 2025<br \/>\n224 Seiten mit 148 Farbabbildungen<br \/>\n57 H\u00f6henprofile, 57 Wanderk\u00e4rtchen im Ma\u00dfstab 1:25.000 und 1:50.000, zwei \u00dcbersichtskarten, GPS-Tracks zum Download<br \/>\nFormat 11,5 x 16,5 cm<br \/>\nkartoniert mit Polytex-Laminierung<\/p>","protected":false},"excerpt":{"rendered":"<p>59 Touren in Italiens Stiefelspitze &#8211; vom Pollino bis zum Aspromonte Kalabrien, die sonnenverw\u00f6hnte \u00bbStiefelspitze\u00ab Italiens, ist ein Wanderparadies abseits der \u00fcblichen Touristenpfade. Eine abwechslungsreiche K\u00fcste entlang des t\u00fcrkisblauen Meeres, antike Tempel und S\u00e4ulen und die beeindruckende Bergwelt von Pollino, Serre, Sila und Aspromonte bieten alles, was das Wanderherz begehrt. Der Rother Wanderf\u00fchrer \u00bbKalabrien\u00ab pr\u00e4sentiert [&#8230;]\n","protected":false},"featured_media":178761,"template":"","meta":[],"product_brand":[],"product_cat":[21605],"product_tag":[],"class_list":{"0":"post-147799","1":"product","2":"type-product","3":"status-publish","4":"has-post-thumbnail","6":"product_cat-wanderfuehrer-trekking","7":"pa_autor-saenger-gahr-zimmermann","8":"pa_erscheinungsjahr-27415","9":"pa_region-italien","10":"pa_sprache-de","12":"first","13":"instock","14":"taxable","15":"shipping-taxable","16":"purchasable","17":"product-type-simple"},"_links":{"self":[{"href":"https:\/\/pizbube.ch\/en\/wp-json\/wp\/v2\/product\/147799","targetHints":{"allow":["GET"]}}],"collection":[{"href":"https:\/\/pizbube.ch\/en\/wp-json\/wp\/v2\/product"}],"about":[{"href":"https:\/\/pizbube.ch\/en\/wp-json\/wp\/v2\/types\/product"}],"wp:featuredmedia":[{"embeddable":true,"href":"https:\/\/pizbube.ch\/en\/wp-json\/wp\/v2\/media\/178761"}],"wp:attachment":[{"href":"https:\/\/pizbube.ch\/en\/wp-json\/wp\/v2\/media?parent=147799"}],"wp:term":[{"taxonomy":"product_brand","embeddable":true,"href":"https:\/\/pizbube.ch\/en\/wp-json\/wp\/v2\/product_brand?post=147799"},{"taxonomy":"product_cat","embeddable":true,"href":"https:\/\/pizbube.ch\/en\/wp-json\/wp\/v2\/product_cat?post=147799"},{"taxonomy":"product_tag","embeddable":true,"href":"https:\/\/pizbube.ch\/en\/wp-json\/wp\/v2\/product_tag?post=147799"}],"curies":[{"name":"wp","href":"https:\/\/api.w.org\/{rel}","templated":true}]}}