{"id":147800,"date":"2021-01-15T10:55:59","date_gmt":"2021-01-15T10:55:59","guid":{"rendered":"https:\/\/codengine3.ch\/?product=import-placeholder-for-201131"},"modified":"2026-04-14T09:22:35","modified_gmt":"2026-04-14T07:22:35","slug":"sizilien-mit-liparische-inseln-rother","status":"publish","type":"product","link":"https:\/\/pizbube.ch\/en\/shop\/sizilien-mit-liparische-inseln-rother\/","title":{"rendered":"Sizilien &#8211; mit Liparische Inseln (Rother)"},"content":{"rendered":"<p><span class=\"value\">Berge und Meer \u2013 das pure Wandergl\u00fcck! Auf Sizilien sind die h\u00f6chsten Berge 2000 Meter hoch, der \u00c4tna steigt sogar bis 3300 Meter in die Wolken hinauf. Rei\u00dfende Gebirgsstr\u00f6me bahnen sich ihren Weg durch karstige H\u00fcgellandschaft. Tiefe Schluchten bieten Erfrischung bei sengender Hitze und wei\u00dfe Traumstr\u00e4nde laden zur Badepause ein. Abwechslungsreicher kann ein Wandergebiet kaum sein. Der Rother Wanderf\u00fchrer \u00bbSizilien\u00ab stellt 65 abwechslungsreiche Touren vor.<\/span><\/p>\n<p>Die Auswahl reicht von leichten Bade-Wanderungen bis zu anspruchsvollen Bergtouren. Sie f\u00fchrt durch einsame Naturschutzgebiete, zu antiken Orten, an Str\u00e4nde am t\u00fcrkisen Meer und \u2013 besonders reizvoll \u2013 auf die Liparischen, \u00c4gidischen und Pelagischen Inseln vor den K\u00fcsten Siziliens. Zwischen See- und Gebirgsklima findet sich auf Sizilien ein Wanderrevier f\u00fcr das ganze Jahr.<\/p>\n<p>Jede Tour wird mit einer genauen Wegbeschreibung, einem Wanderk\u00e4rtchen mit Routenverlauf und einem aussagekr\u00e4ftigen H\u00f6henprofil vorgestellt. Nat\u00fcrlich gibt es auch zahlreiche Tipps zu Einkehr und Sehenswertem. Gepr\u00fcfte GPS-Tracks stehen zum Download von der Internetseite des Rother Bergverlag bereit. Stimmungsvolle Bilder machen Lust, mit dem Urlaub auf Sizilien sofort zu beginnen.<\/p>\n<p>Die Autoren Dorothee S\u00e4nger und Michael Gahr, die Sizilien seit vielen Jahren bereisen, laden mit diesem Rother Wanderf\u00fchrer ein, das abenteuerliche Revier der Mythen und Legenden zu entdecken. Die bereits siebte Auflage dieses Wanderf\u00fchrers haben die Autoren um neue Touren erweitert.<\/p>\n<p>F\u00fcr die 7. Auflage 2024 wurde der Rother Wanderf\u00fchrer \u00fcberarbeitet und erweitert.<\/p>\n<p>(Nachdruck 2026)<\/p>","protected":false},"excerpt":{"rendered":"<p>Berge und Meer \u2013 das pure Wandergl\u00fcck! Auf Sizilien sind die h\u00f6chsten Berge 2000 Meter hoch, der \u00c4tna steigt sogar bis 3300 Meter in die Wolken hinauf. Rei\u00dfende Gebirgsstr\u00f6me bahnen sich ihren Weg durch karstige H\u00fcgellandschaft. Tiefe Schluchten bieten Erfrischung bei sengender Hitze und wei\u00dfe Traumstr\u00e4nde laden zur Badepause ein. Abwechslungsreicher kann ein Wandergebiet kaum [&#8230;]\n","protected":false},"featured_media":177548,"template":"","meta":[],"product_brand":[],"product_cat":[21605],"product_tag":[],"class_list":{"0":"post-147800","1":"product","2":"type-product","3":"status-publish","4":"has-post-thumbnail","6":"product_cat-wanderfuehrer-trekking","7":"pa_autor-saenger-gahr","8":"pa_erscheinungsjahr-27339","9":"pa_region-italien","10":"pa_sprache-de","12":"first","13":"instock","14":"taxable","15":"shipping-taxable","16":"purchasable","17":"product-type-simple"},"_links":{"self":[{"href":"https:\/\/pizbube.ch\/en\/wp-json\/wp\/v2\/product\/147800","targetHints":{"allow":["GET"]}}],"collection":[{"href":"https:\/\/pizbube.ch\/en\/wp-json\/wp\/v2\/product"}],"about":[{"href":"https:\/\/pizbube.ch\/en\/wp-json\/wp\/v2\/types\/product"}],"wp:featuredmedia":[{"embeddable":true,"href":"https:\/\/pizbube.ch\/en\/wp-json\/wp\/v2\/media\/177548"}],"wp:attachment":[{"href":"https:\/\/pizbube.ch\/en\/wp-json\/wp\/v2\/media?parent=147800"}],"wp:term":[{"taxonomy":"product_brand","embeddable":true,"href":"https:\/\/pizbube.ch\/en\/wp-json\/wp\/v2\/product_brand?post=147800"},{"taxonomy":"product_cat","embeddable":true,"href":"https:\/\/pizbube.ch\/en\/wp-json\/wp\/v2\/product_cat?post=147800"},{"taxonomy":"product_tag","embeddable":true,"href":"https:\/\/pizbube.ch\/en\/wp-json\/wp\/v2\/product_tag?post=147800"}],"curies":[{"name":"wp","href":"https:\/\/api.w.org\/{rel}","templated":true}]}}