{"id":147801,"date":"2021-01-15T10:55:59","date_gmt":"2021-01-15T10:55:59","guid":{"rendered":"https:\/\/codengine3.ch\/?product=import-placeholder-for-203516"},"modified":"2024-08-21T09:06:50","modified_gmt":"2024-08-21T07:06:50","slug":"golf-von-neapel","status":"publish","type":"product","link":"https:\/\/pizbube.ch\/en\/shop\/golf-von-neapel\/","title":{"rendered":"Golf von Neapel"},"content":{"rendered":"<p><span class=\"value\">Im S\u00fcden von Italien, im Golf von Neapel, erstreckt sich ein mediterranes und zugleich gebirgiges Wanderparadies. Dramatische Steilk\u00fcsten und steile Wein- und Zitroneng\u00e4rten pr\u00e4gen die Landschaft um Neapel, an der Amalfi K\u00fcste und auf der Halbinsel Sorrent sowie den Inseln Ischia und Capri. Der Rother Wanderf\u00fchrer \u00bbGolf von Neapel\u00ab stellt 57 der sch\u00f6nsten Touren an den Traumk\u00fcsten und im Hinterland vor.<\/span><\/p>\n<p>Die Wanderungen machen jeden Urlaub zu einem besonderen Erlebnis: Himmlische Aussichten von hoch oben aufs Meer und bis nach Capri beschert der ber\u00fchmte \u00bbSentiero degli Dei\u00ab, der Weg der G\u00f6tter, an der Amalfi K\u00fcste. Der Vesuv, ber\u00fchmtes Wahrzeichen bei Neapel, ist sch\u00f6nstes Wandergebiet und bietet atemberaubende Blicke von seinem Krater. Herrliche Wanderungen lassen sich bestens verbinden mit Ausfl\u00fcgen zu Kunst und Kultur in malerischen Orten wie Amalfi, Positano und Sorrento. Die Tourenauswahl reicht von der beschaulichen K\u00fcstenwanderung bis hin zur anspruchsvollen Bergwanderung, vom kurzen Spaziergang bis zur Tagestour. Auch vier Mehrtageswanderungen werden vorgestellt, u. a. die ber\u00fchmte Alta Via dei Lattari. Und wenn man genug vom Wandern hat, kann man am Strand von Maiori sonnen und baden, auf Ischia eines der Thermalb\u00e4der besuchen oder in Positano fantasievolle Kleider kaufen.<\/p>\n<p>Eine zuverl\u00e4ssige Wegbeschreibung, ein Wanderk\u00e4rtchen mit eingezeichnetem Routenverlauf und ein aussagekr\u00e4ftiges H\u00f6henprofil macht jede Tour in diesem Rother Wanderf\u00fchrer leicht nachvollziehbar. Gepr\u00fcfte GPS-Tracks zum Download erleichtern die Orientierung unterwegs. Infos und Empfehlungen zu Einkehr, Sehenswertem und zu so mancher Badestelle machen die Wandervorschl\u00e4ge komplett.<\/p>\n<p>J\u00fcrgen und Remo Wiegand, hervorragende Kenner dieser Wanderregion, haben 57 lohnende Halbtages- und Tageswanderungen ausgew\u00e4hlt. Die Palette reicht von der beschaulichen K\u00fcstenwanderung bis hin zur anspruchsvollen Bergwanderung. Im Anhang werden vier Mehrtageswanderungen vorgestellt, u. a. die ber\u00fchmte Alta Via dei Lattari.<br \/>\nDer Wanderf\u00fchrer bietet ausf\u00fchrliche Wegbeschreibungen, detaillierte Kartenausschnitte und aussagekr\u00e4ftige H\u00f6henprofile. Zu allen Touren stehen GPS-Tracks zum Download bereit. Eine Einf\u00fchrung vermittelt Wissenswertes zu den Wanderregionen und ihrer Geschichte, zu Geographie, Flora und Fauna.<\/p>\n<p>8. Auflage 2024<br \/>\n200 Seiten mit 124 Farbabbildungen<br \/>\n57 Wanderk\u00e4rtchen im Ma\u00dfstab 1:50.000 und 1:75.000, 57 H\u00f6henprofilen, zwei \u00dcbersichtskarten im Ma\u00dfstab 1:425.000 und 1:600.000<br \/>\nFormat 11,5 x 16,5 cm<br \/>\nkartoniert mit Polytex-Laminierung<\/p>","protected":false},"excerpt":{"rendered":"<p>Im S\u00fcden von Italien, im Golf von Neapel, erstreckt sich ein mediterranes und zugleich gebirgiges Wanderparadies. Dramatische Steilk\u00fcsten und steile Wein- und Zitroneng\u00e4rten pr\u00e4gen die Landschaft um Neapel, an der Amalfi K\u00fcste und auf der Halbinsel Sorrent sowie den Inseln Ischia und Capri. Der Rother Wanderf\u00fchrer \u00bbGolf von Neapel\u00ab stellt 57 der sch\u00f6nsten Touren an [&#8230;]\n","protected":false},"featured_media":158589,"template":"","meta":[],"product_brand":[],"product_cat":[21605],"product_tag":[],"class_list":{"0":"post-147801","1":"product","2":"type-product","3":"status-publish","4":"has-post-thumbnail","6":"product_cat-wanderfuehrer-trekking","7":"pa_autor-wiegand","8":"pa_erscheinungsjahr-27339","9":"pa_region-italien","10":"pa_sprache-de","12":"first","13":"instock","14":"taxable","15":"shipping-taxable","16":"purchasable","17":"product-type-simple"},"_links":{"self":[{"href":"https:\/\/pizbube.ch\/en\/wp-json\/wp\/v2\/product\/147801","targetHints":{"allow":["GET"]}}],"collection":[{"href":"https:\/\/pizbube.ch\/en\/wp-json\/wp\/v2\/product"}],"about":[{"href":"https:\/\/pizbube.ch\/en\/wp-json\/wp\/v2\/types\/product"}],"wp:featuredmedia":[{"embeddable":true,"href":"https:\/\/pizbube.ch\/en\/wp-json\/wp\/v2\/media\/158589"}],"wp:attachment":[{"href":"https:\/\/pizbube.ch\/en\/wp-json\/wp\/v2\/media?parent=147801"}],"wp:term":[{"taxonomy":"product_brand","embeddable":true,"href":"https:\/\/pizbube.ch\/en\/wp-json\/wp\/v2\/product_brand?post=147801"},{"taxonomy":"product_cat","embeddable":true,"href":"https:\/\/pizbube.ch\/en\/wp-json\/wp\/v2\/product_cat?post=147801"},{"taxonomy":"product_tag","embeddable":true,"href":"https:\/\/pizbube.ch\/en\/wp-json\/wp\/v2\/product_tag?post=147801"}],"curies":[{"name":"wp","href":"https:\/\/api.w.org\/{rel}","templated":true}]}}