{"id":147810,"date":"2021-01-15T10:55:59","date_gmt":"2021-01-15T10:55:59","guid":{"rendered":"https:\/\/codengine3.ch\/?product=import-placeholder-for-208058"},"modified":"2021-01-15T17:49:44","modified_gmt":"2021-01-15T17:49:44","slug":"ueber-natur-und-landschaftsschilderung","status":"publish","type":"product","link":"https:\/\/pizbube.ch\/en\/shop\/ueber-natur-und-landschaftsschilderung\/","title":{"rendered":"\u00dcber Natur- und Landschaftsschilderung"},"content":{"rendered":"<p>Eine gemeinverst\u00e4ndliche Anleitung<\/p>\n<p>Unz\u00e4hlige Reisef\u00fchrer notieren zwar die landschaftlich sch\u00f6nen Punkte, sagen<br \/>\naber nicht, warum sie uns eigentlich gefallen. Dazu hat Ratzel eine<br \/>\n\u00e4sthetische Anleitung f\u00fcr den Laien geschrieben. \u2014 Sie ist immer noch die<br \/>\nbeste.<\/p>\n<p>Die Kunst der Naturschilderung fa\u00dft Ratzel als K\u00f6nnen auf, Landschaft und<br \/>\nNatur sowohl von \u00e4sthetisch-philosophischer und k\u00fcnstlerischer als auch von<br \/>\nnaturwissenschaftlicher Seite aufzufassen. In der geistigen Beherrschung,<br \/>\nwelche zusammenfa\u00dft, gruppiert und das Wesentliche endlich kurz auszusprechen<br \/>\nvermag, sieht Ratzel das eigentliche Merkmal und zugleich ein Grund des<br \/>\nDaseinsrechts der Schilderung in Worten im Vergleich zur zeichnenden und<br \/>\nmalenden Schilderung. Und zur photographischen und filmischen mu\u00df man heute<br \/>\nerg\u00e4nzen.<\/p>\n<p>In vielen Haushalten steht ein Bestimmungsbuch f\u00fcr Pflanzen, V\u00f6gel oder<br \/>\nMineralien. Ratzel f\u00fcgt eine Beschreibungsanleitung f\u00fcr Landschaften und<br \/>\nNatur\u00adformen hinzu. Das verhei\u00dft erh\u00f6hten Natur\u00adgenu\u00df, wenngleich man erkennt,<br \/>\nda\u00df Natur- und Landschaftsgeschichte immer mehr eine der Verluste ist.  <\/p>\n<p>Landschaft und Natur sind \u00fcberall zur Verhandlungssache geworden. Einerlei<br \/>\nnun, ob der Wanderer, der Spazierg\u00e4nger oder einfach die im Drau\u00dfen<br \/>\nbefindliche Person ihre Landschaftseindr\u00fccke oder Naturerfahrung mitteilen<br \/>\nm\u00f6chten, oder der B\u00fcrger sich mit oktroyierten Eingriffen in die Landschaft<br \/>\nauseinandersetzen mu\u00df \u2013 dar\u00fcber zu kommunizieren setzt ein Mindestma\u00df an<br \/>\nWissen und sprachlichem K\u00f6nnen voraus. Unverzichtbarer Pr\u00fcfstein dabei ist das<br \/>\neinmal bereits erreichte Niveau. Im letzten Drittel des 19. Jahrhunderts hatte<br \/>\ndas \u00e4sthetische Bewu\u00dftsein der Bev\u00f6lkerung einen H\u00f6hepunkt erreicht,<br \/>\nvermittelt durch eine naturwissenschaftliche Natur\u00e4sthetik. Ratzel konnte<br \/>\ndamals auf eine interessierte, lernbereite Leserschaft rechnen. Der im Vorwort<br \/>\nerw\u00e4hnte Naturfreund sollte durch genaues Beobachten be\u00adf\u00e4higt werden, den<br \/>\n\u00e4sthetischen Wert der Natur\u00aderscheinungen mit Hilfe fundierter<br \/>\nNaturerkenntnisse aus eigener Anschauung f\u00fcr sich zu entdecken. Dazu hat ihm<br \/>\nRatzel ein A B C, ein Kompendium, ein Vademekum geliefert. Es gilt und<br \/>\nbesticht noch heute als Basis zum selbstt\u00e4tigen Weiterdenken und<br \/>\nFortschreiben.<\/p>\n<p>In leicht gek\u00fcrzter, sprachlich behutsam modernisierter Ausgabe. Mit<br \/>\nerweiterten Anmerkungen, Index und Quellennachweisen und einem Nachwort von<br \/>\nAndreas Mahler.<br \/>\nSch\u00f6n und lesbar gesetzt in der Garamond Premier Pro. Kartoniert, 500 Seiten,<br \/>\nFadenheftung.<\/p>","protected":false},"excerpt":{"rendered":"<p>Eine gemeinverst\u00e4ndliche Anleitung Unz\u00e4hlige Reisef\u00fchrer notieren zwar die landschaftlich sch\u00f6nen Punkte, sagen aber nicht, warum sie uns eigentlich gefallen. Dazu hat Ratzel eine \u00e4sthetische Anleitung f\u00fcr den Laien geschrieben. \u2014 Sie ist immer noch die beste. Die Kunst der Naturschilderung fa\u00dft Ratzel als K\u00f6nnen auf, Landschaft und Natur sowohl von \u00e4sthetisch-philosophischer und k\u00fcnstlerischer als auch [&#8230;]\n","protected":false},"featured_media":39222,"template":"","meta":[],"product_brand":[],"product_cat":[21542],"product_tag":[],"class_list":{"0":"post-147810","1":"product","2":"type-product","3":"status-publish","4":"has-post-thumbnail","6":"product_cat-sachbuecher-dokumentationen","7":"pa_autor-ratzel","8":"pa_erscheinungsjahr-21621","9":"pa_region-deutschland","10":"pa_sprache-de","12":"first","13":"instock","14":"taxable","15":"shipping-taxable","16":"purchasable","17":"product-type-simple"},"_links":{"self":[{"href":"https:\/\/pizbube.ch\/en\/wp-json\/wp\/v2\/product\/147810","targetHints":{"allow":["GET"]}}],"collection":[{"href":"https:\/\/pizbube.ch\/en\/wp-json\/wp\/v2\/product"}],"about":[{"href":"https:\/\/pizbube.ch\/en\/wp-json\/wp\/v2\/types\/product"}],"wp:featuredmedia":[{"embeddable":true,"href":"https:\/\/pizbube.ch\/en\/wp-json\/wp\/v2\/media\/39222"}],"wp:attachment":[{"href":"https:\/\/pizbube.ch\/en\/wp-json\/wp\/v2\/media?parent=147810"}],"wp:term":[{"taxonomy":"product_brand","embeddable":true,"href":"https:\/\/pizbube.ch\/en\/wp-json\/wp\/v2\/product_brand?post=147810"},{"taxonomy":"product_cat","embeddable":true,"href":"https:\/\/pizbube.ch\/en\/wp-json\/wp\/v2\/product_cat?post=147810"},{"taxonomy":"product_tag","embeddable":true,"href":"https:\/\/pizbube.ch\/en\/wp-json\/wp\/v2\/product_tag?post=147810"}],"curies":[{"name":"wp","href":"https:\/\/api.w.org\/{rel}","templated":true}]}}