{"id":147812,"date":"2021-01-15T10:55:59","date_gmt":"2021-01-15T10:55:59","guid":{"rendered":"https:\/\/codengine3.ch\/?product=import-placeholder-for-205789"},"modified":"2021-01-15T14:43:55","modified_gmt":"2021-01-15T14:43:55","slug":"ich-naeherte-mich-den-gebirgen","status":"publish","type":"product","link":"https:\/\/pizbube.ch\/en\/shop\/ich-naeherte-mich-den-gebirgen\/","title":{"rendered":"Ich n\u00e4herte mich den Gebirgen"},"content":{"rendered":"<p>Mit F\u00fcrsten und Dichtern durch die Alpen.  <\/p>\n<p>Mit Mark Twain auf die Rigi, mit Kaiser Franz Joseph auf den Hochschneeberg<br \/>\noder mit Ernest Hemingway im Montafon: Auch ber\u00fchmte F\u00fcrsten und Dichter<br \/>\nkonnten sich der Faszination der Alpen nicht entziehen. Karl Stankiewitz hat<br \/>\nsich an die Fersen der historischen Prominenz geheftet und sp\u00fcrt ihren<br \/>\nErlebnissen zwischen Cevennen und Julischen Alpen nach. Erg\u00e4nzt werden die 44<br \/>\nkurzweiligen Geschichten durch umfangreiches historisches Bildmaterial und<br \/>\naktuelle Ansichten.<\/p>\n<p>Detailkarten aller Originalrouten er\u00f6ffnen Wanderbegeisterten die M\u00f6glichkeit,<br \/>\nsich selbst auf prominente Spurensuche im &#8218;Dachgarten Europas&#8216; zu begeben. Der<br \/>\nJournalist Karl Stankiewitz ist passionierter Bergsteiger und Alpenkenner.<br \/>\n\u00dcber f\u00fcnf Jahrzehnte lang war er Korrespondent u. a. bei der S\u00fcddeutschen<br \/>\nZeitung, der Abendzeitung und dem Bergsteigerradio des BR.<br \/>\nZahlreiche Abb. und Karten. 216 S.  <\/p>","protected":false},"excerpt":{"rendered":"<p>Mit F\u00fcrsten und Dichtern durch die Alpen. Mit Mark Twain auf die Rigi, mit Kaiser Franz Joseph auf den Hochschneeberg oder mit Ernest Hemingway im Montafon: Auch ber\u00fchmte F\u00fcrsten und Dichter konnten sich der Faszination der Alpen nicht entziehen. Karl Stankiewitz hat sich an die Fersen der historischen Prominenz geheftet und sp\u00fcrt ihren Erlebnissen zwischen [&#8230;]\n","protected":false},"featured_media":34609,"template":"","meta":[],"product_brand":[],"product_cat":[21542],"product_tag":[],"class_list":{"0":"post-147812","1":"product","2":"type-product","3":"status-publish","4":"has-post-thumbnail","6":"product_cat-sachbuecher-dokumentationen","7":"pa_autor-stankiewitz","8":"pa_erscheinungsjahr-21693","9":"pa_region-oesterreich","10":"pa_sprache-de","12":"first","13":"instock","14":"taxable","15":"shipping-taxable","16":"purchasable","17":"product-type-simple"},"_links":{"self":[{"href":"https:\/\/pizbube.ch\/en\/wp-json\/wp\/v2\/product\/147812","targetHints":{"allow":["GET"]}}],"collection":[{"href":"https:\/\/pizbube.ch\/en\/wp-json\/wp\/v2\/product"}],"about":[{"href":"https:\/\/pizbube.ch\/en\/wp-json\/wp\/v2\/types\/product"}],"wp:featuredmedia":[{"embeddable":true,"href":"https:\/\/pizbube.ch\/en\/wp-json\/wp\/v2\/media\/34609"}],"wp:attachment":[{"href":"https:\/\/pizbube.ch\/en\/wp-json\/wp\/v2\/media?parent=147812"}],"wp:term":[{"taxonomy":"product_brand","embeddable":true,"href":"https:\/\/pizbube.ch\/en\/wp-json\/wp\/v2\/product_brand?post=147812"},{"taxonomy":"product_cat","embeddable":true,"href":"https:\/\/pizbube.ch\/en\/wp-json\/wp\/v2\/product_cat?post=147812"},{"taxonomy":"product_tag","embeddable":true,"href":"https:\/\/pizbube.ch\/en\/wp-json\/wp\/v2\/product_tag?post=147812"}],"curies":[{"name":"wp","href":"https:\/\/api.w.org\/{rel}","templated":true}]}}